{"id":8092,"date":"2020-03-03T17:13:19","date_gmt":"2020-03-03T17:13:19","guid":{"rendered":"http:\/\/imoluso.com\/?page_id=8092"},"modified":"2020-03-18T14:10:05","modified_gmt":"2020-03-18T14:10:05","slug":"etapes-dacquisitions","status":"publish","type":"page","link":"https:\/\/imoluso.com\/pt\/etapes-dacquisitions\/","title":{"rendered":"Fases de aquisi\u00e7\u00e3o"},"content":{"rendered":"<p>[vc_row][vc_column width=&#8221;1\/2&#8243; el_class=&#8221;espacamento&#8221;][vc_column_text]<strong>As diferentes etapas de uma venda imobili\u00e1ria em Portugal.<\/strong><\/p>\n<ol>\n<li>Depois de encontrar o seu im\u00f3vel, voc\u00ea deve ir ao Departamento de Finan\u00e7as Portugu\u00eas se registar para obter um n\u00famero de identifica\u00e7\u00e3o fiscal (TIN), sem esse n\u00famero, voc\u00ea n\u00e3o poder\u00e1 assinar<br \/>\ncomprometimento de vendas (CPCV: Compromis de vente et vente) e at\u00e9 abrir uma conta banc\u00e1ria em Portugal. Para obter o NIF, tudo que voc\u00ea precisa \u00e9 seu ID ou passaporte e comprovante da sua casa atual.<br \/>\n\u2800\u2800\u2800\u2800\u2800\u2800<\/li>\n<li>Assinatura da promessa de venda (CPCV) que estipula uma data de assinatura da Lei de Venda P\u00fablica. o o pagamento do dep\u00f3sito, que ser\u00e1 da ordem de 10%, confirma a promessa.<br \/>\nNesta etapa, voc\u00ea pode ter a ajuda de um advogado (solicitador) ou de um advogado: ele participar\u00e1 da redac\u00e7\u00e3o do contrato de venda e valida todos os documentos. (O advogado ou advogado n\u00e3o \u00e9 obrigat\u00f3rio, mas \u00e9 recomendado).<br \/>\n\u2800\u2800\u2800\u2800\u2800\u2800<\/li>\n<li>Financiamento estabelecido se a aquisi\u00e7\u00e3o n\u00e3o for feita em dinheiro.<br \/>\n\u2800\u2800\u2800\u2800\u2800\u2800<\/li>\n<li>Regulamenta\u00e7\u00e3o no Departamento Financeiro do imposto IMT (imposto municipal sobre transmiss\u00f5es caras) e do IS: Imposto de Selo. Esse processo \u00e9 obrigat\u00f3rio antes da assinatura do ato p\u00fablico de venda.<br \/>\n\u2800\u2800\u2800\u2800\u2800\u2800<\/li>\n<li>V\u00e1 ao not\u00e1rio (Solicitador, Avocat ou Casa Pronta) para assinar a Escritura P\u00fablica de venda. Durante este compromisso, voc\u00ea deve ter um cheque administrativo pag\u00e1vel ao vendedor pelo valor<br \/>\ndo pre\u00e7o restante a ser pago.<\/li>\n<\/ol>\n<p>N\u00f3s o apoiamos em todas essas etapas.<br \/>\n<em>*Todas as informa\u00e7\u00f5es e valores mencionados est\u00e3o sujeitos a altera\u00e7\u00f5es de acordo com atualiza\u00e7\u00f5es legais.<\/em>[\/vc_column_text][\/vc_column][vc_column width=&#8221;1\/2&#8243;][vc_single_image image=&#8221;8602&#8243; img_size=&#8221;500&#215;550&#8243; alignment=&#8221;right&#8221;][\/vc_column][\/vc_row][vc_row][vc_column][\/vc_column][\/vc_row]<\/p>\n","protected":false},"excerpt":{"rendered":"<p>[vc_row][vc_column width=&#8221;1\/2&#8243; el_class=&#8221;espacamento&#8221;][vc_column_text]As diferentes etapas de uma venda imobili\u00e1ria em Portugal. Depois de encontrar o seu im\u00f3vel, voc\u00ea deve ir ao Departamento de Finan\u00e7as Portugu\u00eas se registar para obter um n\u00famero de identifica\u00e7\u00e3o fiscal (TIN), sem esse n\u00famero, voc\u00ea n\u00e3o poder\u00e1 assinar comprometimento de vendas (CPCV: Compromis de vente et vente) e at\u00e9 abrir uma [&hellip;]<\/p>\n","protected":false},"author":1,"featured_media":0,"parent":0,"menu_order":0,"comment_status":"closed","ping_status":"closed","template":"","meta":{"footnotes":""},"class_list":["post-8092","page","type-page","status-publish","hentry"],"translation":{"provider":"WPGlobus","version":"3.0.2","language":"pt","enabled_languages":["en","fr","pt","es"],"languages":{"en":{"title":true,"content":true,"excerpt":false},"fr":{"title":true,"content":true,"excerpt":false},"pt":{"title":true,"content":true,"excerpt":false},"es":{"title":true,"content":true,"excerpt":false}}},"yoast_head":"<!-- This site is optimized with the Yoast SEO plugin v26.2 - https:\/\/yoast.com\/wordpress\/plugins\/seo\/ -->\n<title>Fases de aquisi\u00e7\u00e3o - ImoLuso<\/title>\n<meta name=\"robots\" content=\"index, follow, max-snippet:-1, max-image-preview:large, max-video-preview:-1\" \/>\n<link rel=\"canonical\" href=\"https:\/\/imoluso.com\/etapes-dacquisitions\/\" \/>\n<meta property=\"og:locale\" content=\"pt_PT\" \/>\n<meta property=\"og:type\" content=\"article\" \/>\n<meta property=\"og:title\" content=\"Fases de aquisi\u00e7\u00e3o - ImoLuso\" \/>\n<meta property=\"og:url\" content=\"https:\/\/imoluso.com\/etapes-dacquisitions\/\" \/>\n<meta property=\"og:site_name\" content=\"ImoLuso\" \/>\n<meta property=\"article:modified_time\" content=\"2020-03-18T14:10:05+00:00\" \/>\n<meta name=\"twitter:card\" content=\"summary_large_image\" \/>\n<meta name=\"twitter:label1\" content=\"Tempo estimado de leitura\" \/>\n\t<meta name=\"twitter:data1\" content=\"6 minutos\" \/>\n<script type=\"application\/ld+json\" class=\"yoast-schema-graph\">{\"@context\":\"https:\/\/schema.org\",\"@graph\":[{\"@type\":\"WebPage\",\"@id\":\"https:\/\/imoluso.com\/etapes-dacquisitions\/\",\"url\":\"https:\/\/imoluso.com\/etapes-dacquisitions\/\",\"name\":\"Fases de aquisi\u00e7\u00e3o - ImoLuso\",\"isPartOf\":{\"@id\":\"https:\/\/imoluso.com\/#website\"},\"datePublished\":\"2020-03-03T17:13:19+00:00\",\"dateModified\":\"2020-03-18T14:10:05+00:00\",\"breadcrumb\":{\"@id\":\"https:\/\/imoluso.com\/etapes-dacquisitions\/#breadcrumb\"},\"inLanguage\":\"pt-PT\",\"potentialAction\":[{\"@type\":\"ReadAction\",\"target\":[\"https:\/\/imoluso.com\/etapes-dacquisitions\/\"]}]},{\"@type\":\"BreadcrumbList\",\"@id\":\"https:\/\/imoluso.com\/etapes-dacquisitions\/#breadcrumb\",\"itemListElement\":[{\"@type\":\"ListItem\",\"position\":1,\"name\":\"In\u00edcio\",\"item\":\"https:\/\/imoluso.com\/\"},{\"@type\":\"ListItem\",\"position\":2,\"name\":\"Acquisition Stages\"}]},{\"@type\":\"WebSite\",\"@id\":\"https:\/\/imoluso.com\/#website\",\"url\":\"https:\/\/imoluso.com\/\",\"name\":\"ImoLuso\",\"description\":\"\",\"potentialAction\":[{\"@type\":\"SearchAction\",\"target\":{\"@type\":\"EntryPoint\",\"urlTemplate\":\"https:\/\/imoluso.com\/?s={search_term_string}\"},\"query-input\":{\"@type\":\"PropertyValueSpecification\",\"valueRequired\":true,\"valueName\":\"search_term_string\"}}],\"inLanguage\":\"pt-PT\"}]}<\/script>\n<!-- \/ Yoast SEO plugin. -->","yoast_head_json":{"title":"Fases de aquisi\u00e7\u00e3o - ImoLuso","robots":{"index":"index","follow":"follow","max-snippet":"max-snippet:-1","max-image-preview":"max-image-preview:large","max-video-preview":"max-video-preview:-1"},"canonical":"https:\/\/imoluso.com\/etapes-dacquisitions\/","og_locale":"pt_PT","og_type":"article","og_title":"Fases de aquisi\u00e7\u00e3o - ImoLuso","og_url":"https:\/\/imoluso.com\/etapes-dacquisitions\/","og_site_name":"ImoLuso","article_modified_time":"2020-03-18T14:10:05+00:00","twitter_card":"summary_large_image","twitter_misc":{"Tempo estimado de leitura":"6 minutos"},"schema":{"@context":"https:\/\/schema.org","@graph":[{"@type":"WebPage","@id":"https:\/\/imoluso.com\/etapes-dacquisitions\/","url":"https:\/\/imoluso.com\/etapes-dacquisitions\/","name":"Fases de aquisi\u00e7\u00e3o - ImoLuso","isPartOf":{"@id":"https:\/\/imoluso.com\/#website"},"datePublished":"2020-03-03T17:13:19+00:00","dateModified":"2020-03-18T14:10:05+00:00","breadcrumb":{"@id":"https:\/\/imoluso.com\/etapes-dacquisitions\/#breadcrumb"},"inLanguage":"pt-PT","potentialAction":[{"@type":"ReadAction","target":["https:\/\/imoluso.com\/etapes-dacquisitions\/"]}]},{"@type":"BreadcrumbList","@id":"https:\/\/imoluso.com\/etapes-dacquisitions\/#breadcrumb","itemListElement":[{"@type":"ListItem","position":1,"name":"In\u00edcio","item":"https:\/\/imoluso.com\/"},{"@type":"ListItem","position":2,"name":"Acquisition Stages"}]},{"@type":"WebSite","@id":"https:\/\/imoluso.com\/#website","url":"https:\/\/imoluso.com\/","name":"ImoLuso","description":"","potentialAction":[{"@type":"SearchAction","target":{"@type":"EntryPoint","urlTemplate":"https:\/\/imoluso.com\/?s={search_term_string}"},"query-input":{"@type":"PropertyValueSpecification","valueRequired":true,"valueName":"search_term_string"}}],"inLanguage":"pt-PT"}]}},"jetpack_sharing_enabled":true,"_links":{"self":[{"href":"https:\/\/imoluso.com\/pt\/wp-json\/wp\/v2\/pages\/8092","targetHints":{"allow":["GET"]}}],"collection":[{"href":"https:\/\/imoluso.com\/pt\/wp-json\/wp\/v2\/pages"}],"about":[{"href":"https:\/\/imoluso.com\/pt\/wp-json\/wp\/v2\/types\/page"}],"author":[{"embeddable":true,"href":"https:\/\/imoluso.com\/pt\/wp-json\/wp\/v2\/users\/1"}],"replies":[{"embeddable":true,"href":"https:\/\/imoluso.com\/pt\/wp-json\/wp\/v2\/comments?post=8092"}],"version-history":[{"count":52,"href":"https:\/\/imoluso.com\/pt\/wp-json\/wp\/v2\/pages\/8092\/revisions"}],"predecessor-version":[{"id":8606,"href":"https:\/\/imoluso.com\/pt\/wp-json\/wp\/v2\/pages\/8092\/revisions\/8606"}],"wp:attachment":[{"href":"https:\/\/imoluso.com\/pt\/wp-json\/wp\/v2\/media?parent=8092"}],"curies":[{"name":"wp","href":"https:\/\/api.w.org\/{rel}","templated":true}]}}