{"id":8050,"date":"2020-03-03T15:39:34","date_gmt":"2020-03-03T15:39:34","guid":{"rendered":"http:\/\/imoluso.com\/?page_id=8050"},"modified":"2020-03-18T14:54:59","modified_gmt":"2020-03-18T14:54:59","slug":"conciergerie","status":"publish","type":"page","link":"https:\/\/imoluso.com\/pt\/conciergerie\/","title":{"rendered":"Concierge"},"content":{"rendered":"<p>[vc_row][vc_column width=&#8221;1\/2&#8243;][vc_column_text]Um assistente pessoal em Portugal que cuida da sua casa durante a sua aus\u00eancia.<\/p>\n<p>Um servi\u00e7o de concierge que se adapta aos m\u00ednimos desejos.<\/p>\n<p>&nbsp;<\/p>\n<p><strong>Cuidamos de sua propriedade durante sua aus\u00eancia.<\/strong><\/p>\n<p>Entendemos que voc\u00ea gosta de estar em casa e que deseja encontrar sua propriedade nas mesmas condi\u00e7\u00f5es em que a deixou.<\/p>\n<p>Nossa miss\u00e3o \u00e9 garantir a voc\u00ea uma passagem regular em sua propriedade para garantir as boas condi\u00e7\u00f5es e manuten\u00e7\u00e3o desta, se necess\u00e1rio, para que voc\u00ea possa encontr\u00e1-la de maneira id\u00eantica ao retornar.<\/p>\n<p>&nbsp;<\/p>\n<p><strong>Servi\u00e7os<\/strong><\/p>\n<p>N\u00f3s fornecemos a voc\u00ea um servi\u00e7o completo de gerenciamento de propriedades e levamos todos os detalhes em considera\u00e7\u00e3o.<br \/>\nNosso controle de gerenciamento de propriedades oferece uma gama completa de servi\u00e7os para cuidar de sua casa, incluindo:<\/p>\n<ul>\n<li>Verifica\u00e7\u00f5es regulares em sua casa,<\/li>\n<li>Verifica\u00e7\u00e3o e pagamento de contas como telefone, internet, eletricidade, \u00e1gua e g\u00e1s, seguro residencial, alarme e outras contas relevantes,<\/li>\n<li>Pagamento anual do imposto predial,<\/li>\n<li>Manteremos voc\u00ea informado sobre quaisquer altera\u00e7\u00f5es em sua propriedade ou sobre situa\u00e7\u00f5es legais que possam surgir,<\/li>\n<li>No caso de um evento imprevis\u00edvel, como corte de energia, inunda\u00e7\u00f5es, cobran\u00e7a ou falha do equipamento, poderemos resolver essas preocupa\u00e7\u00f5es o mais r\u00e1pido poss\u00edvel.<\/li>\n<li>Lavandaria, limpeza, centro de jardim, piscina.<\/li>\n<\/ul>\n<p>Al\u00e9m de nosso servi\u00e7o de supervis\u00e3o, fornecemos instala\u00e7\u00e3o dom\u00e9stica e manuten\u00e7\u00e3o completa com nossa equipe experiente de encanadores, eletricistas, pintores e artes\u00e3os.<\/p>\n<p>Nossa p\u00e1gina de faturamento \u00e9 aplicada em uma avalia\u00e7\u00e3o caso a caso, levando em considera\u00e7\u00e3o as necessidades individuais de cada um de nossos clientes.[\/vc_column_text][\/vc_column][vc_column width=&#8221;1\/2&#8243;][vc_single_image image=&#8221;8577&#8243; img_size=&#8221;500&#215;500&#8243; alignment=&#8221;center&#8221;][\/vc_column][\/vc_row]<\/p>\n","protected":false},"excerpt":{"rendered":"<p>[vc_row][vc_column width=&#8221;1\/2&#8243;][vc_column_text]Um assistente pessoal em Portugal que cuida da sua casa durante a sua aus\u00eancia. Um servi\u00e7o de concierge que se adapta aos m\u00ednimos desejos. &nbsp; Cuidamos de sua propriedade durante sua aus\u00eancia. Entendemos que voc\u00ea gosta de estar em casa e que deseja encontrar sua propriedade nas mesmas condi\u00e7\u00f5es em que a deixou. Nossa [&hellip;]<\/p>\n","protected":false},"author":1,"featured_media":0,"parent":0,"menu_order":0,"comment_status":"closed","ping_status":"closed","template":"","meta":{"footnotes":""},"class_list":["post-8050","page","type-page","status-publish","hentry"],"translation":{"provider":"WPGlobus","version":"3.0.2","language":"pt","enabled_languages":["en","fr","pt","es"],"languages":{"en":{"title":true,"content":true,"excerpt":false},"fr":{"title":true,"content":true,"excerpt":false},"pt":{"title":true,"content":true,"excerpt":false},"es":{"title":true,"content":true,"excerpt":false}}},"yoast_head":"<!-- This site is optimized with the Yoast SEO plugin v26.2 - https:\/\/yoast.com\/wordpress\/plugins\/seo\/ -->\n<title>Concierge - ImoLuso<\/title>\n<meta name=\"robots\" content=\"index, follow, max-snippet:-1, max-image-preview:large, max-video-preview:-1\" \/>\n<link rel=\"canonical\" href=\"https:\/\/imoluso.com\/pt\/conciergerie\/\" \/>\n<meta property=\"og:locale\" content=\"pt_PT\" \/>\n<meta property=\"og:type\" content=\"article\" \/>\n<meta property=\"og:title\" content=\"Concierge - ImoLuso\" \/>\n<meta property=\"og:url\" content=\"https:\/\/imoluso.com\/pt\/conciergerie\/\" \/>\n<meta property=\"og:site_name\" content=\"ImoLuso\" \/>\n<meta property=\"article:modified_time\" content=\"2020-03-18T14:54:59+00:00\" \/>\n<meta name=\"twitter:card\" content=\"summary_large_image\" \/>\n<meta name=\"twitter:label1\" content=\"Tempo estimado de leitura\" \/>\n\t<meta name=\"twitter:data1\" content=\"6 minutos\" \/>\n<script type=\"application\/ld+json\" class=\"yoast-schema-graph\">{\"@context\":\"https:\/\/schema.org\",\"@graph\":[{\"@type\":\"WebPage\",\"@id\":\"https:\/\/imoluso.com\/pt\/conciergerie\/\",\"url\":\"https:\/\/imoluso.com\/pt\/conciergerie\/\",\"name\":\"Concierge - ImoLuso\",\"isPartOf\":{\"@id\":\"https:\/\/imoluso.com\/#website\"},\"datePublished\":\"2020-03-03T15:39:34+00:00\",\"dateModified\":\"2020-03-18T14:54:59+00:00\",\"breadcrumb\":{\"@id\":\"https:\/\/imoluso.com\/pt\/conciergerie\/#breadcrumb\"},\"inLanguage\":\"pt-PT\",\"potentialAction\":[{\"@type\":\"ReadAction\",\"target\":[\"https:\/\/imoluso.com\/pt\/conciergerie\/\"]}]},{\"@type\":\"BreadcrumbList\",\"@id\":\"https:\/\/imoluso.com\/pt\/conciergerie\/#breadcrumb\",\"itemListElement\":[{\"@type\":\"ListItem\",\"position\":1,\"name\":\"In\u00edcio\",\"item\":\"https:\/\/imoluso.com\/\"},{\"@type\":\"ListItem\",\"position\":2,\"name\":\"Concierge\"}]},{\"@type\":\"WebSite\",\"@id\":\"https:\/\/imoluso.com\/#website\",\"url\":\"https:\/\/imoluso.com\/\",\"name\":\"ImoLuso\",\"description\":\"\",\"potentialAction\":[{\"@type\":\"SearchAction\",\"target\":{\"@type\":\"EntryPoint\",\"urlTemplate\":\"https:\/\/imoluso.com\/?s={search_term_string}\"},\"query-input\":{\"@type\":\"PropertyValueSpecification\",\"valueRequired\":true,\"valueName\":\"search_term_string\"}}],\"inLanguage\":\"pt-PT\"}]}<\/script>\n<!-- \/ Yoast SEO plugin. -->","yoast_head_json":{"title":"Concierge - ImoLuso","robots":{"index":"index","follow":"follow","max-snippet":"max-snippet:-1","max-image-preview":"max-image-preview:large","max-video-preview":"max-video-preview:-1"},"canonical":"https:\/\/imoluso.com\/pt\/conciergerie\/","og_locale":"pt_PT","og_type":"article","og_title":"Concierge - ImoLuso","og_url":"https:\/\/imoluso.com\/pt\/conciergerie\/","og_site_name":"ImoLuso","article_modified_time":"2020-03-18T14:54:59+00:00","twitter_card":"summary_large_image","twitter_misc":{"Tempo estimado de leitura":"6 minutos"},"schema":{"@context":"https:\/\/schema.org","@graph":[{"@type":"WebPage","@id":"https:\/\/imoluso.com\/pt\/conciergerie\/","url":"https:\/\/imoluso.com\/pt\/conciergerie\/","name":"Concierge - ImoLuso","isPartOf":{"@id":"https:\/\/imoluso.com\/#website"},"datePublished":"2020-03-03T15:39:34+00:00","dateModified":"2020-03-18T14:54:59+00:00","breadcrumb":{"@id":"https:\/\/imoluso.com\/pt\/conciergerie\/#breadcrumb"},"inLanguage":"pt-PT","potentialAction":[{"@type":"ReadAction","target":["https:\/\/imoluso.com\/pt\/conciergerie\/"]}]},{"@type":"BreadcrumbList","@id":"https:\/\/imoluso.com\/pt\/conciergerie\/#breadcrumb","itemListElement":[{"@type":"ListItem","position":1,"name":"In\u00edcio","item":"https:\/\/imoluso.com\/"},{"@type":"ListItem","position":2,"name":"Concierge"}]},{"@type":"WebSite","@id":"https:\/\/imoluso.com\/#website","url":"https:\/\/imoluso.com\/","name":"ImoLuso","description":"","potentialAction":[{"@type":"SearchAction","target":{"@type":"EntryPoint","urlTemplate":"https:\/\/imoluso.com\/?s={search_term_string}"},"query-input":{"@type":"PropertyValueSpecification","valueRequired":true,"valueName":"search_term_string"}}],"inLanguage":"pt-PT"}]}},"jetpack_sharing_enabled":true,"_links":{"self":[{"href":"https:\/\/imoluso.com\/pt\/wp-json\/wp\/v2\/pages\/8050","targetHints":{"allow":["GET"]}}],"collection":[{"href":"https:\/\/imoluso.com\/pt\/wp-json\/wp\/v2\/pages"}],"about":[{"href":"https:\/\/imoluso.com\/pt\/wp-json\/wp\/v2\/types\/page"}],"author":[{"embeddable":true,"href":"https:\/\/imoluso.com\/pt\/wp-json\/wp\/v2\/users\/1"}],"replies":[{"embeddable":true,"href":"https:\/\/imoluso.com\/pt\/wp-json\/wp\/v2\/comments?post=8050"}],"version-history":[{"count":25,"href":"https:\/\/imoluso.com\/pt\/wp-json\/wp\/v2\/pages\/8050\/revisions"}],"predecessor-version":[{"id":8613,"href":"https:\/\/imoluso.com\/pt\/wp-json\/wp\/v2\/pages\/8050\/revisions\/8613"}],"wp:attachment":[{"href":"https:\/\/imoluso.com\/pt\/wp-json\/wp\/v2\/media?parent=8050"}],"curies":[{"name":"wp","href":"https:\/\/api.w.org\/{rel}","templated":true}]}}