{"id":8048,"date":"2020-03-03T15:38:44","date_gmt":"2020-03-03T15:38:44","guid":{"rendered":"http:\/\/imoluso.com\/?page_id=8048"},"modified":"2020-03-18T10:06:01","modified_gmt":"2020-03-18T10:06:01","slug":"accompagnement","status":"publish","type":"page","link":"https:\/\/imoluso.com\/pt\/accompagnement\/","title":{"rendered":"Acompanhamento"},"content":{"rendered":"<p>[vc_row][vc_column width=&#8221;1\/2&#8243;][vc_column_text]Nossa miss\u00e3o \u00e9 apoi\u00e1-lo em todos os seus esfor\u00e7os e garantir que seu projeto seja bem-sucedido e se torne uma grande aventura. Estamos, acima de tudo, ouvindo seus desejos e necessidades.<\/p>\n<p>Entender o seu projeto \u00e9 o nosso primeiro objetivo.<\/p>\n<p>Nossa rede de escrit\u00f3rios de advocacia imobili\u00e1ria, revisores oficiais de contas, especialistas em impostos, promotores e bancos nos fornece um servi\u00e7o completo, adaptado \u00e0 sua situa\u00e7\u00e3o e \u00e0s suas necessidades.<\/p>\n<p>Nossa experi\u00eancia no setor imobili\u00e1rio nos permite ter uma vis\u00e3o transversal e melhor apoi\u00e1-lo durante todo o processo de aquisi\u00e7\u00e3o.<\/p>\n<p>A nossa equipe tamb\u00e9m o apoia durante os procedimentos de instala\u00e7\u00e3o em Portugal: eletricidade, \u00e1gua, internet, assinatura de um telefone celular, matr\u00edcula de crian\u00e7as na escola, mudan\u00e7a, aulas de portugu\u00eas, mulher<br \/>\nlimpeza, tantas etapas que exigem esfor\u00e7o quando voc\u00ea chega em um pa\u00eds estrangeiro.<\/p>\n<p>Toda a nossa abordagem \u00e9 baseada em consultoria personalizada e satisfa\u00e7\u00e3o do cliente final.<\/p>\n<p>Nossa independ\u00eancia nos permite procurar o produto que melhor atenda \u00e0s necessidades e demandas do cliente.<\/p>\n<p>O gosto pelo servi\u00e7o e a audi\u00e7\u00e3o s\u00e3o o centro de nossas preocupa\u00e7\u00f5es.<\/p>\n<p>Nossa experi\u00eancia no setor imobili\u00e1rio nos permite ter uma vis\u00e3o transversal e melhor apoi\u00e1-lo durante todo o processo de aquisi\u00e7\u00e3o.<\/p>\n<p>A nossa equipe tamb\u00e9m o apoia durante os procedimentos de instala\u00e7\u00e3o em Portugal: eletricidade, \u00e1gua, internet, assinatura de um telefone celular, matr\u00edcula de crian\u00e7as na escola, mudan\u00e7a, aulas de portugu\u00eas, mulher<br \/>\nlimpeza, tantas etapas que exigem esfor\u00e7o quando voc\u00ea chega em um pa\u00eds estrangeiro.<\/p>\n<p>Toda a nossa abordagem \u00e9 baseada em consultoria personalizada e satisfa\u00e7\u00e3o do cliente final.<\/p>\n<p>Nossa independ\u00eancia nos permite procurar o produto que melhor atenda \u00e0s necessidades e demandas do cliente.<\/p>\n<p>O gosto pelo servi\u00e7o e a audi\u00e7\u00e3o s\u00e3o o centro de nossas preocupa\u00e7\u00f5es.[\/vc_column_text][\/vc_column][vc_column width=&#8221;1\/2&#8243;][vc_single_image image=&#8221;8582&#8243; img_size=&#8221;500&#215;450&#8243; alignment=&#8221;center&#8221;][\/vc_column][\/vc_row][vc_row][vc_column][\/vc_column][\/vc_row]<\/p>\n","protected":false},"excerpt":{"rendered":"<p>[vc_row][vc_column width=&#8221;1\/2&#8243;][vc_column_text]Nossa miss\u00e3o \u00e9 apoi\u00e1-lo em todos os seus esfor\u00e7os e garantir que seu projeto seja bem-sucedido e se torne uma grande aventura. Estamos, acima de tudo, ouvindo seus desejos e necessidades. Entender o seu projeto \u00e9 o nosso primeiro objetivo. Nossa rede de escrit\u00f3rios de advocacia imobili\u00e1ria, revisores oficiais de contas, especialistas em impostos, [&hellip;]<\/p>\n","protected":false},"author":1,"featured_media":0,"parent":0,"menu_order":0,"comment_status":"closed","ping_status":"closed","template":"","meta":{"footnotes":""},"class_list":["post-8048","page","type-page","status-publish","hentry"],"translation":{"provider":"WPGlobus","version":"3.0.2","language":"pt","enabled_languages":["en","fr","pt","es"],"languages":{"en":{"title":true,"content":true,"excerpt":false},"fr":{"title":true,"content":true,"excerpt":false},"pt":{"title":true,"content":true,"excerpt":false},"es":{"title":true,"content":true,"excerpt":false}}},"yoast_head":"<!-- This site is optimized with the Yoast SEO plugin v26.2 - https:\/\/yoast.com\/wordpress\/plugins\/seo\/ -->\n<title>Acompanhamento - ImoLuso<\/title>\n<meta name=\"robots\" content=\"index, follow, max-snippet:-1, max-image-preview:large, max-video-preview:-1\" \/>\n<link rel=\"canonical\" href=\"https:\/\/imoluso.com\/accompagnement\/\" \/>\n<meta property=\"og:locale\" content=\"pt_PT\" \/>\n<meta property=\"og:type\" content=\"article\" \/>\n<meta property=\"og:title\" content=\"Acompanhamento - ImoLuso\" \/>\n<meta property=\"og:url\" content=\"https:\/\/imoluso.com\/accompagnement\/\" \/>\n<meta property=\"og:site_name\" content=\"ImoLuso\" \/>\n<meta property=\"article:modified_time\" content=\"2020-03-18T10:06:01+00:00\" \/>\n<meta name=\"twitter:card\" content=\"summary_large_image\" \/>\n<meta name=\"twitter:label1\" content=\"Tempo estimado de leitura\" \/>\n\t<meta name=\"twitter:data1\" content=\"5 minutos\" \/>\n<script type=\"application\/ld+json\" class=\"yoast-schema-graph\">{\"@context\":\"https:\/\/schema.org\",\"@graph\":[{\"@type\":\"WebPage\",\"@id\":\"https:\/\/imoluso.com\/accompagnement\/\",\"url\":\"https:\/\/imoluso.com\/accompagnement\/\",\"name\":\"Acompanhamento - ImoLuso\",\"isPartOf\":{\"@id\":\"https:\/\/imoluso.com\/#website\"},\"datePublished\":\"2020-03-03T15:38:44+00:00\",\"dateModified\":\"2020-03-18T10:06:01+00:00\",\"breadcrumb\":{\"@id\":\"https:\/\/imoluso.com\/accompagnement\/#breadcrumb\"},\"inLanguage\":\"pt-PT\",\"potentialAction\":[{\"@type\":\"ReadAction\",\"target\":[\"https:\/\/imoluso.com\/accompagnement\/\"]}]},{\"@type\":\"BreadcrumbList\",\"@id\":\"https:\/\/imoluso.com\/accompagnement\/#breadcrumb\",\"itemListElement\":[{\"@type\":\"ListItem\",\"position\":1,\"name\":\"In\u00edcio\",\"item\":\"https:\/\/imoluso.com\/\"},{\"@type\":\"ListItem\",\"position\":2,\"name\":\"Support\"}]},{\"@type\":\"WebSite\",\"@id\":\"https:\/\/imoluso.com\/#website\",\"url\":\"https:\/\/imoluso.com\/\",\"name\":\"ImoLuso\",\"description\":\"\",\"potentialAction\":[{\"@type\":\"SearchAction\",\"target\":{\"@type\":\"EntryPoint\",\"urlTemplate\":\"https:\/\/imoluso.com\/?s={search_term_string}\"},\"query-input\":{\"@type\":\"PropertyValueSpecification\",\"valueRequired\":true,\"valueName\":\"search_term_string\"}}],\"inLanguage\":\"pt-PT\"}]}<\/script>\n<!-- \/ Yoast SEO plugin. -->","yoast_head_json":{"title":"Acompanhamento - ImoLuso","robots":{"index":"index","follow":"follow","max-snippet":"max-snippet:-1","max-image-preview":"max-image-preview:large","max-video-preview":"max-video-preview:-1"},"canonical":"https:\/\/imoluso.com\/accompagnement\/","og_locale":"pt_PT","og_type":"article","og_title":"Acompanhamento - ImoLuso","og_url":"https:\/\/imoluso.com\/accompagnement\/","og_site_name":"ImoLuso","article_modified_time":"2020-03-18T10:06:01+00:00","twitter_card":"summary_large_image","twitter_misc":{"Tempo estimado de leitura":"5 minutos"},"schema":{"@context":"https:\/\/schema.org","@graph":[{"@type":"WebPage","@id":"https:\/\/imoluso.com\/accompagnement\/","url":"https:\/\/imoluso.com\/accompagnement\/","name":"Acompanhamento - ImoLuso","isPartOf":{"@id":"https:\/\/imoluso.com\/#website"},"datePublished":"2020-03-03T15:38:44+00:00","dateModified":"2020-03-18T10:06:01+00:00","breadcrumb":{"@id":"https:\/\/imoluso.com\/accompagnement\/#breadcrumb"},"inLanguage":"pt-PT","potentialAction":[{"@type":"ReadAction","target":["https:\/\/imoluso.com\/accompagnement\/"]}]},{"@type":"BreadcrumbList","@id":"https:\/\/imoluso.com\/accompagnement\/#breadcrumb","itemListElement":[{"@type":"ListItem","position":1,"name":"In\u00edcio","item":"https:\/\/imoluso.com\/"},{"@type":"ListItem","position":2,"name":"Support"}]},{"@type":"WebSite","@id":"https:\/\/imoluso.com\/#website","url":"https:\/\/imoluso.com\/","name":"ImoLuso","description":"","potentialAction":[{"@type":"SearchAction","target":{"@type":"EntryPoint","urlTemplate":"https:\/\/imoluso.com\/?s={search_term_string}"},"query-input":{"@type":"PropertyValueSpecification","valueRequired":true,"valueName":"search_term_string"}}],"inLanguage":"pt-PT"}]}},"jetpack_sharing_enabled":true,"_links":{"self":[{"href":"https:\/\/imoluso.com\/pt\/wp-json\/wp\/v2\/pages\/8048","targetHints":{"allow":["GET"]}}],"collection":[{"href":"https:\/\/imoluso.com\/pt\/wp-json\/wp\/v2\/pages"}],"about":[{"href":"https:\/\/imoluso.com\/pt\/wp-json\/wp\/v2\/types\/page"}],"author":[{"embeddable":true,"href":"https:\/\/imoluso.com\/pt\/wp-json\/wp\/v2\/users\/1"}],"replies":[{"embeddable":true,"href":"https:\/\/imoluso.com\/pt\/wp-json\/wp\/v2\/comments?post=8048"}],"version-history":[{"count":19,"href":"https:\/\/imoluso.com\/pt\/wp-json\/wp\/v2\/pages\/8048\/revisions"}],"predecessor-version":[{"id":8586,"href":"https:\/\/imoluso.com\/pt\/wp-json\/wp\/v2\/pages\/8048\/revisions\/8586"}],"wp:attachment":[{"href":"https:\/\/imoluso.com\/pt\/wp-json\/wp\/v2\/media?parent=8048"}],"curies":[{"name":"wp","href":"https:\/\/api.w.org\/{rel}","templated":true}]}}