{"id":7663,"date":"2017-11-27T21:01:20","date_gmt":"2017-11-27T21:01:20","guid":{"rendered":"http:\/\/localhost\/houzez13\/?page_id=7663"},"modified":"2020-03-13T15:39:45","modified_gmt":"2020-03-13T15:39:45","slug":"taxe","status":"publish","type":"page","link":"https:\/\/imoluso.com\/pt\/taxe\/","title":{"rendered":"Imposto"},"content":{"rendered":"<p>[vc_row][vc_column width=&#8221;1\/2&#8243;][vc_column_text]<strong>IMI (Imposto Municipal sobre Im\u00f3veis)<\/strong><br \/>\nAp\u00f3s a aquisi\u00e7\u00e3o de im\u00f3veis em Portugal, o pagamento do imposto predial \u00e9 devido anualmente. O IMI \u00e9 calculado com base no VPT (valor do patrim\u00f4nio tribut\u00e1rio) do bem adquirido.<\/p>\n<p>Esse valor do ativo geralmente \u00e9 menor que o pre\u00e7o de compra.<\/p>\n<p>A taxa de imposto atribu\u00edda varia entre 0,30% e 0,50%. Os prefeitos determinam anualmente sua taxa entre esse intervalo.<\/p>\n<p>Este imposto \u00e9 pago da seguinte forma:<br \/>\nIMI <250,00 \u20ac pagamento em abril<br \/>\nIMI <500,00 \u20ac pagamento em abril e novembro IMI> 500,00 \u20ac pagamento em abril, junho e novembro<\/p>\n<p>* Todas as informa\u00e7\u00f5es e valores mencionados est\u00e3o sujeitos a altera\u00e7\u00f5es de acordo com<br \/>\natualiza\u00e7\u00f5es legais.[\/vc_column_text][\/vc_column][vc_column width=&#8221;1\/2&#8243;][vc_single_image image=&#8221;8374&#8243; img_size=&#8221;600&#215;400&#8243; alignment=&#8221;center&#8221;][\/vc_column][\/vc_row]<\/p>\n","protected":false},"excerpt":{"rendered":"<p>[vc_row][vc_column width=&#8221;1\/2&#8243;][vc_column_text]IMI (Imposto Municipal sobre Im\u00f3veis) Ap\u00f3s a aquisi\u00e7\u00e3o de im\u00f3veis em Portugal, o pagamento do imposto predial \u00e9 devido anualmente. O IMI \u00e9 calculado com base no VPT (valor do patrim\u00f4nio tribut\u00e1rio) do bem adquirido. Esse valor do ativo geralmente \u00e9 menor que o pre\u00e7o de compra. A taxa de imposto atribu\u00edda varia entre [&hellip;]<\/p>\n","protected":false},"author":1,"featured_media":0,"parent":0,"menu_order":0,"comment_status":"closed","ping_status":"closed","template":"","meta":{"footnotes":""},"class_list":["post-7663","page","type-page","status-publish","hentry"],"translation":{"provider":"WPGlobus","version":"3.0.2","language":"pt","enabled_languages":["en","fr","pt","es"],"languages":{"en":{"title":true,"content":true,"excerpt":false},"fr":{"title":true,"content":true,"excerpt":false},"pt":{"title":true,"content":true,"excerpt":false},"es":{"title":true,"content":true,"excerpt":false}}},"yoast_head":"<!-- This site is optimized with the Yoast SEO plugin v26.2 - https:\/\/yoast.com\/wordpress\/plugins\/seo\/ -->\n<title>Imposto - ImoLuso<\/title>\n<meta name=\"robots\" content=\"index, follow, max-snippet:-1, max-image-preview:large, max-video-preview:-1\" \/>\n<link rel=\"canonical\" href=\"https:\/\/imoluso.com\/fr\/taxe\/\" \/>\n<meta property=\"og:locale\" content=\"pt_PT\" \/>\n<meta property=\"og:type\" content=\"article\" \/>\n<meta property=\"og:title\" content=\"Imposto - ImoLuso\" \/>\n<meta property=\"og:url\" content=\"https:\/\/imoluso.com\/fr\/taxe\/\" \/>\n<meta property=\"og:site_name\" content=\"ImoLuso\" \/>\n<meta property=\"article:modified_time\" content=\"2020-03-13T15:39:45+00:00\" \/>\n<meta name=\"twitter:card\" content=\"summary_large_image\" \/>\n<meta name=\"twitter:label1\" content=\"Tempo estimado de leitura\" \/>\n\t<meta name=\"twitter:data1\" content=\"1 minuto\" \/>\n<script type=\"application\/ld+json\" class=\"yoast-schema-graph\">{\"@context\":\"https:\/\/schema.org\",\"@graph\":[{\"@type\":\"WebPage\",\"@id\":\"https:\/\/imoluso.com\/fr\/taxe\/\",\"url\":\"https:\/\/imoluso.com\/fr\/taxe\/\",\"name\":\"Imposto - ImoLuso\",\"isPartOf\":{\"@id\":\"https:\/\/imoluso.com\/#website\"},\"datePublished\":\"2017-11-27T21:01:20+00:00\",\"dateModified\":\"2020-03-13T15:39:45+00:00\",\"breadcrumb\":{\"@id\":\"https:\/\/imoluso.com\/fr\/taxe\/#breadcrumb\"},\"inLanguage\":\"pt-PT\",\"potentialAction\":[{\"@type\":\"ReadAction\",\"target\":[\"https:\/\/imoluso.com\/fr\/taxe\/\"]}]},{\"@type\":\"BreadcrumbList\",\"@id\":\"https:\/\/imoluso.com\/fr\/taxe\/#breadcrumb\",\"itemListElement\":[{\"@type\":\"ListItem\",\"position\":1,\"name\":\"In\u00edcio\",\"item\":\"https:\/\/imoluso.com\/\"},{\"@type\":\"ListItem\",\"position\":2,\"name\":\"Taxe\"}]},{\"@type\":\"WebSite\",\"@id\":\"https:\/\/imoluso.com\/#website\",\"url\":\"https:\/\/imoluso.com\/\",\"name\":\"ImoLuso\",\"description\":\"\",\"potentialAction\":[{\"@type\":\"SearchAction\",\"target\":{\"@type\":\"EntryPoint\",\"urlTemplate\":\"https:\/\/imoluso.com\/?s={search_term_string}\"},\"query-input\":{\"@type\":\"PropertyValueSpecification\",\"valueRequired\":true,\"valueName\":\"search_term_string\"}}],\"inLanguage\":\"pt-PT\"}]}<\/script>\n<!-- \/ Yoast SEO plugin. -->","yoast_head_json":{"title":"Imposto - ImoLuso","robots":{"index":"index","follow":"follow","max-snippet":"max-snippet:-1","max-image-preview":"max-image-preview:large","max-video-preview":"max-video-preview:-1"},"canonical":"https:\/\/imoluso.com\/fr\/taxe\/","og_locale":"pt_PT","og_type":"article","og_title":"Imposto - ImoLuso","og_url":"https:\/\/imoluso.com\/fr\/taxe\/","og_site_name":"ImoLuso","article_modified_time":"2020-03-13T15:39:45+00:00","twitter_card":"summary_large_image","twitter_misc":{"Tempo estimado de leitura":"1 minuto"},"schema":{"@context":"https:\/\/schema.org","@graph":[{"@type":"WebPage","@id":"https:\/\/imoluso.com\/fr\/taxe\/","url":"https:\/\/imoluso.com\/fr\/taxe\/","name":"Imposto - ImoLuso","isPartOf":{"@id":"https:\/\/imoluso.com\/#website"},"datePublished":"2017-11-27T21:01:20+00:00","dateModified":"2020-03-13T15:39:45+00:00","breadcrumb":{"@id":"https:\/\/imoluso.com\/fr\/taxe\/#breadcrumb"},"inLanguage":"pt-PT","potentialAction":[{"@type":"ReadAction","target":["https:\/\/imoluso.com\/fr\/taxe\/"]}]},{"@type":"BreadcrumbList","@id":"https:\/\/imoluso.com\/fr\/taxe\/#breadcrumb","itemListElement":[{"@type":"ListItem","position":1,"name":"In\u00edcio","item":"https:\/\/imoluso.com\/"},{"@type":"ListItem","position":2,"name":"Taxe"}]},{"@type":"WebSite","@id":"https:\/\/imoluso.com\/#website","url":"https:\/\/imoluso.com\/","name":"ImoLuso","description":"","potentialAction":[{"@type":"SearchAction","target":{"@type":"EntryPoint","urlTemplate":"https:\/\/imoluso.com\/?s={search_term_string}"},"query-input":{"@type":"PropertyValueSpecification","valueRequired":true,"valueName":"search_term_string"}}],"inLanguage":"pt-PT"}]}},"jetpack_sharing_enabled":true,"_links":{"self":[{"href":"https:\/\/imoluso.com\/pt\/wp-json\/wp\/v2\/pages\/7663","targetHints":{"allow":["GET"]}}],"collection":[{"href":"https:\/\/imoluso.com\/pt\/wp-json\/wp\/v2\/pages"}],"about":[{"href":"https:\/\/imoluso.com\/pt\/wp-json\/wp\/v2\/types\/page"}],"author":[{"embeddable":true,"href":"https:\/\/imoluso.com\/pt\/wp-json\/wp\/v2\/users\/1"}],"replies":[{"embeddable":true,"href":"https:\/\/imoluso.com\/pt\/wp-json\/wp\/v2\/comments?post=7663"}],"version-history":[{"count":19,"href":"https:\/\/imoluso.com\/pt\/wp-json\/wp\/v2\/pages\/7663\/revisions"}],"predecessor-version":[{"id":8468,"href":"https:\/\/imoluso.com\/pt\/wp-json\/wp\/v2\/pages\/7663\/revisions\/8468"}],"wp:attachment":[{"href":"https:\/\/imoluso.com\/pt\/wp-json\/wp\/v2\/media?parent=7663"}],"curies":[{"name":"wp","href":"https:\/\/api.w.org\/{rel}","templated":true}]}}