{"id":748,"date":"2016-03-10T18:52:12","date_gmt":"2016-03-10T18:52:12","guid":{"rendered":"http:\/\/houzez01.favethemes.com\/?page_id=748"},"modified":"2020-03-18T10:07:48","modified_gmt":"2020-03-18T10:07:48","slug":"documents-necessaire-a-la-transaction","status":"publish","type":"page","link":"https:\/\/imoluso.com\/pt\/documents-necessaire-a-la-transaction\/","title":{"rendered":"Documentos necess\u00e1rios para a transa\u00e7\u00e3o"},"content":{"rendered":"<p>[vc_row][vc_column width=&#8221;1\/2&#8243;][vc_column_text]Durante uma transa\u00e7\u00e3o imobili\u00e1ria, \u00e9 necess\u00e1rio um certo n\u00famero de documentos, tanto para o agente imobili\u00e1rio quanto para o advogado que aprovar\u00e1 a escritura de venda.<\/p>\n<p>Aqui est\u00e1 uma lista n\u00e3o exaustiva:<\/p>\n<p><strong>Certid\u00e3o de Teor da Conservat\u00f3ria do Registo Predial:<\/strong><br \/>\n(Certificado de registro do im\u00f3vel no cart\u00f3rio : )<br \/>\nDocumento indicando se o im\u00f3vel est\u00e1 livre de todas as d\u00edvidas, hipotecas e se est\u00e1 registrado em nome do vendedor.<\/p>\n<p><strong>Caderneta Predial das Finan\u00e7as:<\/strong><br \/>\n(Registro do im\u00f3vel na matriz terrestre : )<br \/>\nEste documento \u00e9 o t\u00edtulo de propriedade da propriedade, indica a localiza\u00e7\u00e3o e sua descri\u00e7\u00e3o.<\/p>\n<p><strong>Licen\u00e7a de Utiliza\u00e7\u00e3o da C\u00e2mara Municipal, Sec\u00e7\u00e3o de Obras:<\/strong><br \/>\nTodas as casas constru\u00eddas ap\u00f3s 1951 devem ter este documento da Prefeitura, tamb\u00e9m chamado de Licen\u00e7a<br \/>\nde habita\u00e7\u00e3o.<\/p>\n<p><strong>Documentos de identidade ou passaporte:<\/strong><br \/>\nCompradores e vendedores devem fornecer seus documentos de identidade ou passaportes e seus NIF.<\/p>\n<p><strong>Ficha T\u00e9cnica de Habita\u00e7\u00e3o:<\/strong><br \/>\nTodas as propriedades constru\u00eddas ou modificadas ap\u00f3s 1\u00ba de janeiro de 2003 em Portugal s\u00e3o obrigadas por lei a possuir uma Ficha T\u00e9cnica de Habita\u00e7\u00e3o. Este documento cont\u00e9m informa\u00e7\u00f5es sobre a propriedade, incluindo<br \/>\nincluindo detalhes do fabricante, materiais de constru\u00e7\u00e3o utilizados e folhas de dados.<\/p>\n<p><strong>Certificado Energ\u00e9tico:<\/strong><br \/>\n(Certificado energ\u00e9tico : )<br \/>\nAntes de uma venda, o vendedor deve realizar um diagn\u00f3stico energ\u00e9tico da propriedade.<\/p>\n<p><em>*Todas as informa\u00e7\u00f5es e valores mencionados est\u00e3o sujeitos a altera\u00e7\u00f5es de acordo com<\/em><br \/>\n<em>atualiza\u00e7\u00f5es legais.<\/em>[\/vc_column_text][\/vc_column][vc_column width=&#8221;1\/2&#8243;][vc_single_image image=&#8221;8587&#8243; img_size=&#8221;500&#215;550&#8243; alignment=&#8221;center&#8221;][\/vc_column][\/vc_row]<\/p>\n","protected":false},"excerpt":{"rendered":"<p>[vc_row][vc_column width=&#8221;1\/2&#8243;][vc_column_text]Durante uma transa\u00e7\u00e3o imobili\u00e1ria, \u00e9 necess\u00e1rio um certo n\u00famero de documentos, tanto para o agente imobili\u00e1rio quanto para o advogado que aprovar\u00e1 a escritura de venda. Aqui est\u00e1 uma lista n\u00e3o exaustiva: Certid\u00e3o de Teor da Conservat\u00f3ria do Registo Predial: (Certificado de registro do im\u00f3vel no cart\u00f3rio : ) Documento indicando se o im\u00f3vel [&hellip;]<\/p>\n","protected":false},"author":1,"featured_media":0,"parent":0,"menu_order":0,"comment_status":"closed","ping_status":"closed","template":"","meta":{"footnotes":""},"class_list":["post-748","page","type-page","status-publish","hentry"],"translation":{"provider":"WPGlobus","version":"3.0.2","language":"pt","enabled_languages":["en","fr","pt","es"],"languages":{"en":{"title":true,"content":true,"excerpt":false},"fr":{"title":true,"content":true,"excerpt":false},"pt":{"title":true,"content":true,"excerpt":false},"es":{"title":true,"content":true,"excerpt":false}}},"yoast_head":"<!-- This site is optimized with the Yoast SEO plugin v26.2 - https:\/\/yoast.com\/wordpress\/plugins\/seo\/ -->\n<title>Documentos necess\u00e1rios para a transa\u00e7\u00e3o - ImoLuso<\/title>\n<meta name=\"robots\" content=\"index, follow, max-snippet:-1, max-image-preview:large, max-video-preview:-1\" \/>\n<link rel=\"canonical\" href=\"https:\/\/imoluso.com\/documents-necessaire-a-la-transaction\/\" \/>\n<meta property=\"og:locale\" content=\"pt_PT\" \/>\n<meta property=\"og:type\" content=\"article\" \/>\n<meta property=\"og:title\" content=\"Documentos necess\u00e1rios para a transa\u00e7\u00e3o - ImoLuso\" \/>\n<meta property=\"og:url\" content=\"https:\/\/imoluso.com\/documents-necessaire-a-la-transaction\/\" \/>\n<meta property=\"og:site_name\" content=\"ImoLuso\" \/>\n<meta property=\"article:modified_time\" content=\"2020-03-18T10:07:48+00:00\" \/>\n<meta name=\"twitter:card\" content=\"summary_large_image\" \/>\n<meta name=\"twitter:label1\" content=\"Tempo estimado de leitura\" \/>\n\t<meta name=\"twitter:data1\" content=\"6 minutos\" \/>\n<script type=\"application\/ld+json\" class=\"yoast-schema-graph\">{\"@context\":\"https:\/\/schema.org\",\"@graph\":[{\"@type\":\"WebPage\",\"@id\":\"https:\/\/imoluso.com\/documents-necessaire-a-la-transaction\/\",\"url\":\"https:\/\/imoluso.com\/documents-necessaire-a-la-transaction\/\",\"name\":\"Documentos necess\u00e1rios para a transa\u00e7\u00e3o - ImoLuso\",\"isPartOf\":{\"@id\":\"https:\/\/imoluso.com\/#website\"},\"datePublished\":\"2016-03-10T18:52:12+00:00\",\"dateModified\":\"2020-03-18T10:07:48+00:00\",\"breadcrumb\":{\"@id\":\"https:\/\/imoluso.com\/documents-necessaire-a-la-transaction\/#breadcrumb\"},\"inLanguage\":\"pt-PT\",\"potentialAction\":[{\"@type\":\"ReadAction\",\"target\":[\"https:\/\/imoluso.com\/documents-necessaire-a-la-transaction\/\"]}]},{\"@type\":\"BreadcrumbList\",\"@id\":\"https:\/\/imoluso.com\/documents-necessaire-a-la-transaction\/#breadcrumb\",\"itemListElement\":[{\"@type\":\"ListItem\",\"position\":1,\"name\":\"In\u00edcio\",\"item\":\"https:\/\/imoluso.com\/\"},{\"@type\":\"ListItem\",\"position\":2,\"name\":\"Documents Required For Transaction\"}]},{\"@type\":\"WebSite\",\"@id\":\"https:\/\/imoluso.com\/#website\",\"url\":\"https:\/\/imoluso.com\/\",\"name\":\"ImoLuso\",\"description\":\"\",\"potentialAction\":[{\"@type\":\"SearchAction\",\"target\":{\"@type\":\"EntryPoint\",\"urlTemplate\":\"https:\/\/imoluso.com\/?s={search_term_string}\"},\"query-input\":{\"@type\":\"PropertyValueSpecification\",\"valueRequired\":true,\"valueName\":\"search_term_string\"}}],\"inLanguage\":\"pt-PT\"}]}<\/script>\n<!-- \/ Yoast SEO plugin. -->","yoast_head_json":{"title":"Documentos necess\u00e1rios para a transa\u00e7\u00e3o - ImoLuso","robots":{"index":"index","follow":"follow","max-snippet":"max-snippet:-1","max-image-preview":"max-image-preview:large","max-video-preview":"max-video-preview:-1"},"canonical":"https:\/\/imoluso.com\/documents-necessaire-a-la-transaction\/","og_locale":"pt_PT","og_type":"article","og_title":"Documentos necess\u00e1rios para a transa\u00e7\u00e3o - ImoLuso","og_url":"https:\/\/imoluso.com\/documents-necessaire-a-la-transaction\/","og_site_name":"ImoLuso","article_modified_time":"2020-03-18T10:07:48+00:00","twitter_card":"summary_large_image","twitter_misc":{"Tempo estimado de leitura":"6 minutos"},"schema":{"@context":"https:\/\/schema.org","@graph":[{"@type":"WebPage","@id":"https:\/\/imoluso.com\/documents-necessaire-a-la-transaction\/","url":"https:\/\/imoluso.com\/documents-necessaire-a-la-transaction\/","name":"Documentos necess\u00e1rios para a transa\u00e7\u00e3o - ImoLuso","isPartOf":{"@id":"https:\/\/imoluso.com\/#website"},"datePublished":"2016-03-10T18:52:12+00:00","dateModified":"2020-03-18T10:07:48+00:00","breadcrumb":{"@id":"https:\/\/imoluso.com\/documents-necessaire-a-la-transaction\/#breadcrumb"},"inLanguage":"pt-PT","potentialAction":[{"@type":"ReadAction","target":["https:\/\/imoluso.com\/documents-necessaire-a-la-transaction\/"]}]},{"@type":"BreadcrumbList","@id":"https:\/\/imoluso.com\/documents-necessaire-a-la-transaction\/#breadcrumb","itemListElement":[{"@type":"ListItem","position":1,"name":"In\u00edcio","item":"https:\/\/imoluso.com\/"},{"@type":"ListItem","position":2,"name":"Documents Required For Transaction"}]},{"@type":"WebSite","@id":"https:\/\/imoluso.com\/#website","url":"https:\/\/imoluso.com\/","name":"ImoLuso","description":"","potentialAction":[{"@type":"SearchAction","target":{"@type":"EntryPoint","urlTemplate":"https:\/\/imoluso.com\/?s={search_term_string}"},"query-input":{"@type":"PropertyValueSpecification","valueRequired":true,"valueName":"search_term_string"}}],"inLanguage":"pt-PT"}]}},"jetpack_sharing_enabled":true,"_links":{"self":[{"href":"https:\/\/imoluso.com\/pt\/wp-json\/wp\/v2\/pages\/748","targetHints":{"allow":["GET"]}}],"collection":[{"href":"https:\/\/imoluso.com\/pt\/wp-json\/wp\/v2\/pages"}],"about":[{"href":"https:\/\/imoluso.com\/pt\/wp-json\/wp\/v2\/types\/page"}],"author":[{"embeddable":true,"href":"https:\/\/imoluso.com\/pt\/wp-json\/wp\/v2\/users\/1"}],"replies":[{"embeddable":true,"href":"https:\/\/imoluso.com\/pt\/wp-json\/wp\/v2\/comments?post=748"}],"version-history":[{"count":19,"href":"https:\/\/imoluso.com\/pt\/wp-json\/wp\/v2\/pages\/748\/revisions"}],"predecessor-version":[{"id":8591,"href":"https:\/\/imoluso.com\/pt\/wp-json\/wp\/v2\/pages\/748\/revisions\/8591"}],"wp:attachment":[{"href":"https:\/\/imoluso.com\/pt\/wp-json\/wp\/v2\/media?parent=748"}],"curies":[{"name":"wp","href":"https:\/\/api.w.org\/{rel}","templated":true}]}}