{"id":745,"date":"2016-03-10T18:51:46","date_gmt":"2016-03-10T18:51:46","guid":{"rendered":"http:\/\/houzez01.favethemes.com\/?page_id=745"},"modified":"2020-03-30T11:43:25","modified_gmt":"2020-03-30T11:43:25","slug":"terms-and-conditions","status":"publish","type":"page","link":"https:\/\/imoluso.com\/pt\/terms-and-conditions\/","title":{"rendered":"Termos e Condi\u00e7\u00f5es"},"content":{"rendered":"<p>Imonovo &#8211; <span style=\"color: red;\">Media\u00e7\u00e3o Imobili\u00e1ria, Unipessoal, Lda<\/span>, com sede <span style=\"color: red;\">Rua 25 de Abril, Edificio Horizonte, Fr C4, Olhos de \u00c1gua, Albufeira<\/span>, pessoa coletiva n\u00famero _ _ _ _ e licen\u00e7a AMI n\u00ba <span style=\"color: red;\">5729<\/span>, \u00e9 detentora do presente website. A utiliza\u00e7\u00e3o do <span style=\"color: red;\">https:\/\/www.gestalambre.com\/<\/span> reconhece os termos e condi\u00e7\u00f5es gerais abaixo enumerados e descritos. A sua aceita\u00e7\u00e3o \u00e9 absolutamente indispens\u00e1vel \u00e0 utiliza\u00e7\u00e3o dos servi\u00e7os e informa\u00e7\u00f5es aqui prestados. Caso n\u00e3o concorde com os mesmos, dever\u00e1 cessar imediatamente a utiliza\u00e7\u00e3o deste Website.<\/p>\n<p><span style=\"color: red;\">https:\/\/www.gestalambre.com\/<\/span> \u00e9 um servi\u00e7o online com o objetivo de distribuir informa\u00e7\u00e3o sobre im\u00f3veis aptos a venda, arrendamento, permuta ou trespasse bem como divulgar e promover as respetivas caracter\u00edsticas e condi\u00e7\u00f5es dos mesmos incluindo o respetivo pre\u00e7o.<\/p>\n<p>\u00c0 Imonovo &#8211; <span style=\"color: red;\">Media\u00e7\u00e3o Imobili\u00e1ria, Unipessoal, Lda<\/span> reserva-se o direito de, a qualquer momento, sem necessidade de aviso pr\u00e9vio e com efeitos imediatos, alterar, adicionar, atualizar, eliminar, parcial ou totalmente, os presentes Termos e Condi\u00e7\u00f5es de Utiliza\u00e7\u00e3o e Pol\u00edtica de Privacidade. Garantindo, em qualquer circunstancia, a qualidade, seguran\u00e7a, legalidade, veracidade e exatid\u00e3o das informa\u00e7\u00f5es dos respetivos im\u00f3veis e ofertas no website publicados. O utilizador deve consultar periodicamente a p\u00e1gina destes Termos e condi\u00e7\u00f5es de utiliza\u00e7\u00e3o e Pol\u00edtica de Privacidade para confirmar se foram efetuadas quaisquer atualiza\u00e7\u00f5es ou altera\u00e7\u00f5es. Caso n\u00e3o concorde com alguma destas n\u00e3o deve utilizar o presente Website.<\/p>\n<p><strong>UTILIZA\u00c7\u00c3O DO WEBSITE<\/strong><br \/>\nOs Utilizadores que visitam o Website podem aceder e ler todo o conte\u00fado contido no mesmo, sem necessidade de registar dados ou informa\u00e7\u00f5es pessoais. No entanto, apenas os utilizadores registados ou com a submiss\u00e3o de formul\u00e1rios preenchidos para marca\u00e7\u00e3o de visitas ou pedidos de contactos comerciais ser\u00e3o contactados e informados sobre os im\u00f3veis e servi\u00e7os dispon\u00edveis atrav\u00e9s do endere\u00e7o electr\u00f3nico ou telefone previamente submetidos em formul\u00e1rios pr\u00f3prios. Receber\u00e3o atualiza\u00e7\u00f5es e informa\u00e7\u00f5es sobre os servi\u00e7os e im\u00f3veis dispon\u00edveis na Imonovo &#8211; <span style=\"color: red;\">Media\u00e7\u00e3o Imobili\u00e1ria, Unipessoal, Lda<\/span>, no caso de terem previamente aceite no respetivo registo ou formul\u00e1rio submetido, comunica\u00e7\u00e3o para esse efeito.<\/p>\n<p>Este Website, ou qualquer um dos nossos servi\u00e7os, n\u00e3o dever\u00e1 ser utilizado:<\/p>\n<p>Por qualquer raz\u00e3o ou finalidade que seja ilegal, difamat\u00f3ria, ofensiva, prejudicial, abusiva, invasiva da privacidade de outrem ou censur\u00e1vel;<br \/>\nDe forma que possa prejudicar ou interromper este Website ou qualquer um dos nossos servi\u00e7os, ou a utiliza\u00e7\u00e3o pac\u00edfica por parte de outros utilizadores;<br \/>\nPara transmitir v\u00edrus ou outra codifica\u00e7\u00e3o maliciosa que possam danificar ou perturbar equipamento ou sistema inform\u00e1tico (hardware ou software) ou equipamento de telecomunica\u00e7\u00f5es;<br \/>\nDe forma que possa ofender outrem ou prejudicar a Imonovo &#8211; <span style=\"color: red;\">Media\u00e7\u00e3o Imobili\u00e1ria, Unipessoal, Lda<\/span>, designadamente, enviar ou disponibilizar qualquer conte\u00fado ilegal, falso, enganoso, amea\u00e7ador, maldoso, abusivo, difamat\u00f3rio, injurioso, invasivo da privacidade, prejudicial ou ainda que possa afetar negativamente a imagem ou atividade da Imonovo &#8211; <span style=\"color: red;\">Media\u00e7\u00e3o Imobili\u00e1ria, Unipessoal, Lda<\/span>;<br \/>\nPara promover qualquer tipo de atividade comercial, ou enviar ou disponibilizar informa\u00e7\u00e3o ou conte\u00fados que pertencem a terceiros e que n\u00e3o tem o direito de utilizar, como, por exemplo, conte\u00fados protegidos por direitos de autor de terceiros ou conte\u00fados que contenham dados pessoais de terceiros.<br \/>\nEm geral, o Utilizador deve utilizar o Website de forma respons\u00e1vel, prudente e cuidadosa, n\u00e3o devendo perturbar ou danificar a continuidade ou integridade do mesmo.<\/p>\n<p>A Imonovo &#8211; <span style=\"color: red;\">Media\u00e7\u00e3o Imobili\u00e1ria, Unipessoal, Lda<\/span> n\u00e3o \u00e9 respons\u00e1vel por quaisquer danos diretos, indiretos e ou negligentes decorrente do uso da informa\u00e7\u00e3o contida neste Website ou do pr\u00f3prio Website bem como da conduta prejudicial ou perturbadora do Utilizador.<\/p>\n<p><strong>INFORMA\u00c7\u00d5ES E CONTE\u00daDOS DESTE WEBSITE<\/strong><br \/>\nTodos os conte\u00fados e informa\u00e7\u00f5es publicados no presente website s\u00e3o da responsabilidade da Imonovo &#8211; <span style=\"color: red;\">Media\u00e7\u00e3o Imobili\u00e1ria, Unipessoal, Lda<\/span> que zela pela veracidade e transpar\u00eancia dos mesmos. Esfor\u00e7ando-se para oferecer informa\u00e7\u00f5es \u00fateis, atualizadas e ajustadas \u00e0 realidade. No entanto, a mesma pode n\u00e3o estar correta ou completamente atualizada. Neste sentido, n\u00e3o nos podemos responsabilizar por quaisquer a\u00e7\u00f5es tomadas como resultado de ou com base nas informa\u00e7\u00f5es contidas ou fornecidas por este Website, seja numa a\u00e7\u00e3o de contrato, neglig\u00eancia ou outra a\u00e7\u00e3o il\u00edcita. Atrav\u00e9s <span style=\"color: red;\">geral@gestalambre.com<\/span> poder\u00e1 sempre enviar as suas sugest\u00f5es ou erratas.<\/p>\n<p>\u00c0 Imonovo &#8211; <span style=\"color: red;\">Media\u00e7\u00e3o Imobili\u00e1ria, Unipessoal, Lda<\/span> est\u00e1 reservado o direito de mover, alterar, excluir o Website, ou conte\u00fado do mesmo (incluindo o conte\u00fado de utilizadores registados, se o caso), a qualquer momento e por qualquer motivo. Deve, portanto, manter uma c\u00f3pia de qualquer conte\u00fado que enviar para o Website, que deseje manter. Depois de ter carregado o conte\u00fado, pode optar por excluir o conte\u00fado a qualquer momento.<\/p>\n<p>Caso deseje reportar as suas preocupa\u00e7\u00f5es relativas a qualquer conte\u00fado dispon\u00edvel neste site, por favor, envie um e-mail diretamente para <span style=\"color: red;\">geral@gestalambre.com<\/span>.<\/p>\n<p><strong>REGISTO DE DADOS<\/strong><br \/>\n\u00c9 permitido o registo de dados de todos os utilizadores interessados em receber informa\u00e7\u00f5es ou marcar uma visita sobre determinado im\u00f3vel ou servi\u00e7o aqui anunciado e publicado.<\/p>\n<p>O registo ou preenchimento de formul\u00e1rios s\u00e3o gratuitos.<\/p>\n<p>Para se registar como utilizador interessado em determinada oferta, im\u00f3vel ou servi\u00e7o deve preencher o formul\u00e1rio e selecionar o pretendido: marca\u00e7\u00e3o de visita ou pedido de informa\u00e7\u00e3o.<\/p>\n<p>Os dados pessoais de cada utilizador ser\u00e3o mantidos enquanto a subscri\u00e7\u00e3o e\/ou pedidos do utilizador estiverem ativos, com o objetivo de melhorar os servi\u00e7os oferecidos, pelo que ap\u00f3s a sua caducidade ser\u00e3o despersonalizados e n\u00e3o identific\u00e1veis.<\/p>\n<p>\u00c9-lhe permitido questionar os dados e poder\u00e1 solicitar a elimina\u00e7\u00e3o dos dados, retifica\u00e7\u00e3o, atualiza\u00e7\u00e3o ou completar os mesmos. Estes pedidos devem ser encaminhados para <span style=\"color: red;\">geral@gestalambre.com<\/span>.<\/p>\n<p>Sugerimos a consulta da Pol\u00edtica de Privacidade do presente Website.<\/p>\n<p><strong>UTILIZA\u00c7\u00c3O DE HYPERLINKS<\/strong><br \/>\nO conte\u00fado deste Website pode incluir Hyperlinks (hiperliga\u00e7\u00f5es) para outros Sites que n\u00e3o s\u00e3o operados pela Imonovo &#8211; <span style=\"color: red;\">Media\u00e7\u00e3o Imobili\u00e1ria, Unipessoal, Lda<\/span>. A Imonovo &#8211; <span style=\"color: red;\">Media\u00e7\u00e3o Imobili\u00e1ria, Unipessoal, Lda<\/span> n\u00e3o \u00e9 respons\u00e1vel pelo conte\u00fado de qualquer outro Website, incluindo aqueles que d\u00eaem acesso ao presente ou cujo acesso tenha sido conseguido atrav\u00e9s do nosso Website.<\/p>\n<p>A Imonovo &#8211; <span style=\"color: red;\">Media\u00e7\u00e3o Imobili\u00e1ria, Unipessoal, Lda<\/span> n\u00e3o endossa quaisquer Sites vinculados ou os produtos\/servi\u00e7os que s\u00e3o fornecidos nesses Sites. Os conte\u00fados nos sites vinculados podem mudar ao longo do tempo. Recomenda-se a verifica\u00e7\u00e3o dos termos e pol\u00edticas dos Sites vinculados.<\/p>\n<p>Ao fornecer neste Website um hyperlink para um Website externo, a Imonovo &#8211; <span style=\"color: red;\">Media\u00e7\u00e3o Imobili\u00e1ria, Unipessoal, Lda<\/span> f\u00e1-lo na boa-f\u00e9 de que este contenha ou possa conter informa\u00e7\u00f5es relevantes adicionais \u00e0s apresentadas no seu pr\u00f3prio Website. A exist\u00eancia desse hyperlink n\u00e3o implica nem pressup\u00f5e a sua revis\u00e3o e aprova\u00e7\u00e3o por parte da Imonovo &#8211; <span style=\"color: red;\">Media\u00e7\u00e3o Imobili\u00e1ria, Unipessoal, Lda<\/span> &#8211; em determinadas inst\u00e2ncias, um hyperlink poder\u00e1 lev\u00e1-lo a aceder a um Website que apresente informa\u00e7\u00e3o contradit\u00f3ria \u00e0 apresentada no nosso Website ou a outro pertencente \u00e0 Imonovo &#8211; <span style=\"color: red;\">Media\u00e7\u00e3o Imobili\u00e1ria, Unipessoal, Lda<\/span> ou \u00e0s suas subsidi\u00e1rias.<\/p>\n<p><strong>A NOSSA RESPONSABILIDADE E CONTACTOS<\/strong><br \/>\nA Imonovo &#8211; <span style=\"color: red;\">Media\u00e7\u00e3o Imobili\u00e1ria, Unipessoal, Lda<\/span> n\u00e3o \u00e9 respons\u00e1vel, por perdas ou danos diretos, indiretos ou espec\u00edficos ou quaisquer outras consequ\u00eancias provenientes do acesso ou utiliza\u00e7\u00e3o deste Website, nem de qualquer informa\u00e7\u00e3o no mesmo contida. N\u00e3o obstante, estamos dispon\u00edveis para discutir com o utilizador as implica\u00e7\u00f5es de qualquer quest\u00e3o que venha a surgir, devendo contactar-nos atrav\u00e9s do nosso site em <span style=\"color: red;\">https:\/\/www.gestalambre.com\/ (contactos)<\/span>, atrav\u00e9s da morada <span style=\"color: red;\">Rua 25 de Abril, Edificio Horizonte, Fr C4, Olhos de \u00c1gua, Albufeira<\/span>, do nosso telefone <span style=\"color: red;\">289502006<\/span>, ou atrav\u00e9s do endere\u00e7o de email <span style=\"color: red;\">geral@gestalambre.com<\/span>.<\/p>\n<p>Ao aceder \u00e0 nossa \u00e1rea de contacto, o utilizador estar\u00e1 a aceitar que a informa\u00e7\u00e3o que nos presta, atrav\u00e9s desse contacto, passar\u00e1 a ser detida pela Imonovo &#8211; <span style=\"color: red;\">Media\u00e7\u00e3o Imobili\u00e1ria, Unipessoal, Lda<\/span>, que a poder\u00e1 utilizar nos termos que entender mais adequados, n\u00e3o havendo lugar, em situa\u00e7\u00e3o alguma, a qualquer direito ou pagamento a seu favor por essa utiliza\u00e7\u00e3o.<\/p>\n<p>At\u00e9 ao limite m\u00e1ximo permitido por lei, todas as garantias, expl\u00edcitas ou impl\u00edcitas, encargos ou avais, representa\u00e7\u00f5es e outros termos e condi\u00e7\u00f5es de qualquer tipo relacionada com este Website ou mat\u00e9ria n\u00e3o contida nestes Termos e Condi\u00e7\u00f5es est\u00e3o expressamente exclu\u00eddas.<\/p>\n<p>Nada nestes Termos de Utiliza\u00e7\u00e3o exclui, restringe ou modifica qualquer direito ou recurso, ou quaisquer garantias, ou outro termo ou condi\u00e7\u00e3o, impl\u00edcita ou impostas por qualquer legisla\u00e7\u00e3o que n\u00e3o possam ser legalmente exclu\u00eddas ou limitadas. Isso pode incluir a legisla\u00e7\u00e3o referente aos direitos do Consumidor, em territ\u00f3rio Portugu\u00eas, que cont\u00e9m garantias que protegem os Consumidores de bens e servi\u00e7os em determinadas circunst\u00e2ncias.<\/p>\n<p>A responsabilidade de uma parte para com outra parte \u00e9 reduzida na medida em que os atos ou omiss\u00f5es da outra parte, ou aqueles de uma terceira parte, contribuem para ou causam tal responsabilidade.<\/p>\n<p>Apesar de desenvolvermos as correspondentes a\u00e7\u00f5es para manter este Website livre de v\u00edrus inform\u00e1ticos ou outra codifica\u00e7\u00e3o danosa, n\u00e3o podemos garantir que este seja o caso. Dever\u00e1, portanto, utilizar um software de seguran\u00e7a, atualizado a todo o tempo, para proteger o seu computador de tais softwares maliciosos.<\/p>\n<p>Apesar de desenvolvermos todos os esfor\u00e7os comerciais razo\u00e1veis para manter este Website dispon\u00edvel, n\u00e3o garantimos que o mesmo esteja acess\u00edvel ou dispon\u00edvel numa base temporal constante ou que o acesso n\u00e3o seja interrompido ou isento de erros.<\/p>\n","protected":false},"excerpt":{"rendered":"<p>Imonovo &#8211; Media\u00e7\u00e3o Imobili\u00e1ria, Unipessoal, Lda, com sede Rua 25 de Abril, Edificio Horizonte, Fr C4, Olhos de \u00c1gua, Albufeira, pessoa coletiva n\u00famero _ _ _ _ e licen\u00e7a AMI n\u00ba 5729, \u00e9 detentora do presente website. A utiliza\u00e7\u00e3o do https:\/\/www.gestalambre.com\/ reconhece os termos e condi\u00e7\u00f5es gerais abaixo enumerados e descritos. A sua aceita\u00e7\u00e3o \u00e9 [&hellip;]<\/p>\n","protected":false},"author":1,"featured_media":0,"parent":0,"menu_order":0,"comment_status":"closed","ping_status":"closed","template":"","meta":{"footnotes":""},"class_list":["post-745","page","type-page","status-publish","hentry"],"translation":{"provider":"WPGlobus","version":"3.0.2","language":"pt","enabled_languages":["en","fr","pt","es"],"languages":{"en":{"title":true,"content":true,"excerpt":false},"fr":{"title":true,"content":true,"excerpt":false},"pt":{"title":true,"content":true,"excerpt":false},"es":{"title":true,"content":true,"excerpt":false}}},"yoast_head":"<!-- This site is optimized with the Yoast SEO plugin v26.2 - https:\/\/yoast.com\/wordpress\/plugins\/seo\/ -->\n<title>Termos e Condi\u00e7\u00f5es - ImoLuso<\/title>\n<meta name=\"robots\" content=\"index, follow, max-snippet:-1, max-image-preview:large, max-video-preview:-1\" \/>\n<link rel=\"canonical\" href=\"https:\/\/imoluso.com\/pt\/terms-and-conditions\/\" \/>\n<meta property=\"og:locale\" content=\"pt_PT\" \/>\n<meta property=\"og:type\" content=\"article\" \/>\n<meta property=\"og:title\" content=\"Termos e Condi\u00e7\u00f5es - ImoLuso\" \/>\n<meta property=\"og:url\" content=\"https:\/\/imoluso.com\/pt\/terms-and-conditions\/\" \/>\n<meta property=\"og:site_name\" content=\"ImoLuso\" \/>\n<meta property=\"article:modified_time\" content=\"2020-03-30T11:43:25+00:00\" \/>\n<meta name=\"twitter:card\" content=\"summary_large_image\" \/>\n<meta name=\"twitter:label1\" content=\"Tempo estimado de leitura\" \/>\n\t<meta name=\"twitter:data1\" content=\"32 minutos\" \/>\n<script type=\"application\/ld+json\" class=\"yoast-schema-graph\">{\"@context\":\"https:\/\/schema.org\",\"@graph\":[{\"@type\":\"WebPage\",\"@id\":\"https:\/\/imoluso.com\/pt\/terms-and-conditions\/\",\"url\":\"https:\/\/imoluso.com\/pt\/terms-and-conditions\/\",\"name\":\"Termos e Condi\u00e7\u00f5es - ImoLuso\",\"isPartOf\":{\"@id\":\"https:\/\/imoluso.com\/#website\"},\"datePublished\":\"2016-03-10T18:51:46+00:00\",\"dateModified\":\"2020-03-30T11:43:25+00:00\",\"breadcrumb\":{\"@id\":\"https:\/\/imoluso.com\/pt\/terms-and-conditions\/#breadcrumb\"},\"inLanguage\":\"pt-PT\",\"potentialAction\":[{\"@type\":\"ReadAction\",\"target\":[\"https:\/\/imoluso.com\/pt\/terms-and-conditions\/\"]}]},{\"@type\":\"BreadcrumbList\",\"@id\":\"https:\/\/imoluso.com\/pt\/terms-and-conditions\/#breadcrumb\",\"itemListElement\":[{\"@type\":\"ListItem\",\"position\":1,\"name\":\"In\u00edcio\",\"item\":\"https:\/\/imoluso.com\/\"},{\"@type\":\"ListItem\",\"position\":2,\"name\":\"Termos e Condi\u00e7\u00f5es\"}]},{\"@type\":\"WebSite\",\"@id\":\"https:\/\/imoluso.com\/#website\",\"url\":\"https:\/\/imoluso.com\/\",\"name\":\"ImoLuso\",\"description\":\"\",\"potentialAction\":[{\"@type\":\"SearchAction\",\"target\":{\"@type\":\"EntryPoint\",\"urlTemplate\":\"https:\/\/imoluso.com\/?s={search_term_string}\"},\"query-input\":{\"@type\":\"PropertyValueSpecification\",\"valueRequired\":true,\"valueName\":\"search_term_string\"}}],\"inLanguage\":\"pt-PT\"}]}<\/script>\n<!-- \/ Yoast SEO plugin. -->","yoast_head_json":{"title":"Termos e Condi\u00e7\u00f5es - ImoLuso","robots":{"index":"index","follow":"follow","max-snippet":"max-snippet:-1","max-image-preview":"max-image-preview:large","max-video-preview":"max-video-preview:-1"},"canonical":"https:\/\/imoluso.com\/pt\/terms-and-conditions\/","og_locale":"pt_PT","og_type":"article","og_title":"Termos e Condi\u00e7\u00f5es - ImoLuso","og_url":"https:\/\/imoluso.com\/pt\/terms-and-conditions\/","og_site_name":"ImoLuso","article_modified_time":"2020-03-30T11:43:25+00:00","twitter_card":"summary_large_image","twitter_misc":{"Tempo estimado de leitura":"32 minutos"},"schema":{"@context":"https:\/\/schema.org","@graph":[{"@type":"WebPage","@id":"https:\/\/imoluso.com\/pt\/terms-and-conditions\/","url":"https:\/\/imoluso.com\/pt\/terms-and-conditions\/","name":"Termos e Condi\u00e7\u00f5es - ImoLuso","isPartOf":{"@id":"https:\/\/imoluso.com\/#website"},"datePublished":"2016-03-10T18:51:46+00:00","dateModified":"2020-03-30T11:43:25+00:00","breadcrumb":{"@id":"https:\/\/imoluso.com\/pt\/terms-and-conditions\/#breadcrumb"},"inLanguage":"pt-PT","potentialAction":[{"@type":"ReadAction","target":["https:\/\/imoluso.com\/pt\/terms-and-conditions\/"]}]},{"@type":"BreadcrumbList","@id":"https:\/\/imoluso.com\/pt\/terms-and-conditions\/#breadcrumb","itemListElement":[{"@type":"ListItem","position":1,"name":"In\u00edcio","item":"https:\/\/imoluso.com\/"},{"@type":"ListItem","position":2,"name":"Termos e Condi\u00e7\u00f5es"}]},{"@type":"WebSite","@id":"https:\/\/imoluso.com\/#website","url":"https:\/\/imoluso.com\/","name":"ImoLuso","description":"","potentialAction":[{"@type":"SearchAction","target":{"@type":"EntryPoint","urlTemplate":"https:\/\/imoluso.com\/?s={search_term_string}"},"query-input":{"@type":"PropertyValueSpecification","valueRequired":true,"valueName":"search_term_string"}}],"inLanguage":"pt-PT"}]}},"jetpack_sharing_enabled":true,"_links":{"self":[{"href":"https:\/\/imoluso.com\/pt\/wp-json\/wp\/v2\/pages\/745","targetHints":{"allow":["GET"]}}],"collection":[{"href":"https:\/\/imoluso.com\/pt\/wp-json\/wp\/v2\/pages"}],"about":[{"href":"https:\/\/imoluso.com\/pt\/wp-json\/wp\/v2\/types\/page"}],"author":[{"embeddable":true,"href":"https:\/\/imoluso.com\/pt\/wp-json\/wp\/v2\/users\/1"}],"replies":[{"embeddable":true,"href":"https:\/\/imoluso.com\/pt\/wp-json\/wp\/v2\/comments?post=745"}],"version-history":[{"count":10,"href":"https:\/\/imoluso.com\/pt\/wp-json\/wp\/v2\/pages\/745\/revisions"}],"predecessor-version":[{"id":8772,"href":"https:\/\/imoluso.com\/pt\/wp-json\/wp\/v2\/pages\/745\/revisions\/8772"}],"wp:attachment":[{"href":"https:\/\/imoluso.com\/pt\/wp-json\/wp\/v2\/media?parent=745"}],"curies":[{"name":"wp","href":"https:\/\/api.w.org\/{rel}","templated":true}]}}