{"id":3,"date":"2020-02-22T10:35:48","date_gmt":"2020-02-22T10:35:48","guid":{"rendered":"http:\/\/imoluso.com\/?page_id=3"},"modified":"2020-03-30T11:36:31","modified_gmt":"2020-03-30T11:36:31","slug":"privacy-policy","status":"publish","type":"page","link":"https:\/\/imoluso.com\/pt\/privacy-policy\/","title":{"rendered":"Pol\u00edtica de Privacidade"},"content":{"rendered":"<p>[vc_row][vc_column][vc_column_text]<\/p>\n<p>A ImoNovo \u00e9 a entidade respons\u00e1vel pela recolha e tratamento de dados pessoais. Respeita a privacidade de todos os utilizadores e compromete-se em proteger todas as informa\u00e7\u00f5es submetidas por cada utilizador em conformidade com a legisla\u00e7\u00e3o nacional e comunit\u00e1ria em vigor.<\/p>\n<p>Todos os utilizadores podem navegar neste website sem a obrigatoriedade de efetuar ou submeter qualquer registo de dados. Quando submete os seus dados, caso pretenda receber novidades, campanhas ou outros associados a im\u00f3veis ou aos nossos servi\u00e7os al\u00e9m das comunica\u00e7\u00f5es comerciais por si solicitadas pedimos que concorde com o envio da mesma.<\/p>\n<p>O fornecimento de dados pessoais apenas \u00e9 necess\u00e1rio no caso de pretender efetuar uma marca\u00e7\u00e3o de visita, um pedido de informa\u00e7\u00f5es ou pedido de contacto e ser\u00e1 sempre garantido, nos termos da lei, o direito de acesso, retifica\u00e7\u00e3o e anula\u00e7\u00e3o de qualquer dado fornecido, podendo aquele direito ser exercido por escrito, a qualquer momento, atrav\u00e9s do <span style=\"color: red;\">email geral@gestalambre.com<\/span> ou clicando no link de cessa\u00e7\u00e3o da subscri\u00e7\u00e3o, na parte inferior do e-mail.<\/p>\n<p><strong>REGISTO DE DADOS<\/strong><br \/>Recolhemos informa\u00e7\u00e3o pessoal, via o preenchimento volunt\u00e1rio dos devidos formul\u00e1rios dispostos para marca\u00e7\u00e3o de visitas, pedidos de informa\u00e7\u00f5es sobre im\u00f3veis ou servi\u00e7os e pedidos de contacto.<\/p>\n<p>Ao contactar-nos atrav\u00e9s de e-mail, subscrever informa\u00e7\u00f5es gr\u00e1tis, obriga-nos \u00e0 recolha do seu endere\u00e7o de e-mail, nome e outros dados espec\u00edficos de identifica\u00e7\u00e3o pessoal, traduzidos normalmente pelo nome e n\u00famero de contacto.<\/p>\n<p>Ao pedir dados pessoais sens\u00edveis, assegurar-nos-emos que a sua recolha e utiliza\u00e7\u00e3o ser\u00e1 feita no rigoroso cumprimento da legisla\u00e7\u00e3o aplic\u00e1vel \u00e0 recolha e prote\u00e7\u00e3o de dados. Se pretendermos utilizar os seus dados pessoais para al\u00e9m dos fins estabelecidos inicialmente, pediremos o seu consentimento. Poder\u00e1 escolher antecipadamente dar esse consentimento aquando da recolha inicial de dados.<\/p>\n<p><strong>DADOS RECOLHIDOS AUTOMATICAMENTE<\/strong><br \/>Os dom\u00ednios e endere\u00e7os de IP dos visitantes s\u00e3o registados automaticamente. Esta informa\u00e7\u00e3o n\u00e3o identifica o utilizador, mas apenas o computador utilizado no acesso ao site. Estes dados s\u00e3o analisados a n\u00edvel global para verificar em que local do mundo \u00e9 que o site est\u00e1 a ser utilizado, de forma a assegurar a sua cobertura, permitindo que o nosso servi\u00e7o ao utilizador possa ser melhorado. Os dados pessoais de cada utilizador n\u00e3o s\u00e3o objeto de recolha e an\u00e1lise neste processo.<\/p>\n<p><strong>RETEN\u00c7\u00c3O DE DADOS<\/strong><br \/>Os dados ser\u00e3o mantidos enquanto a subscri\u00e7\u00e3o do utilizador estiver ativa, com o objetivo de melhorar os servi\u00e7os oferecidos, pelo que ap\u00f3s a sua caducidade ser\u00e3o despersonalizados e n\u00e3o identific\u00e1veis. Apenas ser\u00e3o recolhidas informa\u00e7\u00f5es adicionais acerca do utilizador para al\u00e9m das mencionadas acima para efeitos contratuais adjacentes \u00e0 atividade de media\u00e7\u00e3o imobili\u00e1ria.<\/p>\n<p><strong>ACESSO AOS DADOS PESSOAIS<\/strong><br \/>Para solicitar esclarecimentos acerca do acesso aos dados pessoais, ou para o esclarecimento de quest\u00f5es relacionadas com a pol\u00edtica de privacidade de dados, praticada na ImoNovo, contacte-nos atrav\u00e9s do e-mail geral@gestalambre.com, ou utilize o seguinte endere\u00e7o postal: <span style=\"color: red;\">Rua 25 de Abril, Edificio Horizonte, Fr C4, Olhos de \u00c1gua, Albufeira<\/span>. Para este fim, ser-lhe-\u00e1 exigida uma prova de identifica\u00e7\u00e3o. \u00c9-lhe permitido questionar os dados e, onde apropriado, poder\u00e1: apagar os dados, retific\u00e1-los, emend\u00e1-los ou complet\u00e1-los. Reservamo-nos ao direito de recusa de fornecimento da c\u00f3pia dos dados pessoais do utilizador, obrigando-nos a apresentar uma justifica\u00e7\u00e3o para essa decis\u00e3o. O utilizador poder\u00e1 contestar a nossa decis\u00e3o de recusa de fornecimento de c\u00f3pia com os seus dados pessoais.<\/p>\n<p><strong>REVELA\u00c7\u00c3O E ESCOLHA DO VISITANTE<\/strong><br \/>O utilizador poder\u00e1 cessar a subscri\u00e7\u00e3o do seu registo a qualquer momento, sendo este um processo simples. Ao disponibilizar os seus dados pessoais no in\u00edcio, fornecemos-lhe os procedimentos para o seu cancelamento, quer atrav\u00e9s de um link, quer atrav\u00e9s da disponibiliza\u00e7\u00e3o de um endere\u00e7o de e-mail geral@gestalambre.com. Ao disponibilizarmos os dados pessoais do utilizador para prop\u00f3sitos diferentes dos indicados, oferecemos a oportunidade ao utilizador de dar a sua autoriza\u00e7\u00e3o pr\u00e9via.<\/p>\n<p><strong>SEGURAN\u00c7A<\/strong><br \/>Foram implementadas pol\u00edticas de seguran\u00e7a, regras e medidas t\u00e9cnicas para proteger os dados pessoais sob o nosso controlo, que est\u00e3o inteiramente de acordo com a legisla\u00e7\u00e3o de prote\u00e7\u00e3o de dados, apropriada \u00e0 jurisdi\u00e7\u00e3o aplic\u00e1vel ao site. As medidas de seguran\u00e7a est\u00e3o desenhadas para prevenir acessos n\u00e3o autorizados, utiliza\u00e7\u00f5es impr\u00f3prias, modifica\u00e7\u00f5es n\u00e3o autorizadas e destrui\u00e7\u00f5es ou perdas acidentais il\u00edcitas<\/p>\n<p><strong>CUMPRIMENTO\/CONFORMIDADE DE PRIVACIDADE<\/strong><br \/>A nossa pol\u00edtica de privacidade est\u00e1 de acordo com a legisla\u00e7\u00e3o portuguesa aplic\u00e1vel, nomeadamente a Lei n.\u00ba 67\/98, de 26\/10. A legisla\u00e7\u00e3o de prote\u00e7\u00e3o de dados est\u00e1 sujeita a revis\u00e3o, pelo que recomendamos ao utilizador a consulta regular da nossa declara\u00e7\u00e3o de privacidade. A t\u00edtulo meramente indicativo, poder\u00e1 para este efeito consultar o site www.cnpd.pt. Este website encontra-se em conformidade com a legisla\u00e7\u00e3o nacional e comunit\u00e1ria. Os tribunais portugueses ter\u00e3o jurisdi\u00e7\u00e3o exclusiva sobre qualquer disputa proveniente da utiliza\u00e7\u00e3o deste website.<\/p>\n<p><strong>HYPERLINKS<\/strong><br \/>Os websites da ImoNovo poder\u00e3o fornecer links para sites externos para sua conveni\u00eancia e informa\u00e7\u00e3o. Ao aceder a esses links sair\u00e1 dos sites da ImoNovo , pelo que, a ImoNovo :<\/p>\n<p>n\u00e3o controla esses websites nem as suas pol\u00edticas de privacidade, que poder\u00e3o ser diferentes das da ImoNovo ;<\/p>\n<p>n\u00e3o aprova nem representa estes sites. A Declara\u00e7\u00e3o de Privacidade da ImoNovo n\u00e3o cobre os dados pessoais eventualmente cedidos pelo utilizador para sites externos \u00e0 ImoNovo<\/p>\n<p>Recomendamos-lhe que reveja as pol\u00edticas de privacidade de qualquer companhia antes de submeter a sua informa\u00e7\u00e3o pessoal. Algumas companhias externas poder\u00e3o escolher partilhar a sua informa\u00e7\u00e3o pessoal com a ImoNovo , pelo que esta partilha ser\u00e1 regida pela pol\u00edtica de privacidade dessa companhia.<\/p>\n<p>[\/vc_column_text][\/vc_column][\/vc_row]<\/p>\n","protected":false},"excerpt":{"rendered":"<p>[vc_row][vc_column][vc_column_text] A ImoNovo \u00e9 a entidade respons\u00e1vel pela recolha e tratamento de dados pessoais. Respeita a privacidade de todos os utilizadores e compromete-se em proteger todas as informa\u00e7\u00f5es submetidas por cada utilizador em conformidade com a legisla\u00e7\u00e3o nacional e comunit\u00e1ria em vigor. Todos os utilizadores podem navegar neste website sem a obrigatoriedade de efetuar ou [&hellip;]<\/p>\n","protected":false},"author":1,"featured_media":0,"parent":0,"menu_order":0,"comment_status":"closed","ping_status":"open","template":"","meta":{"footnotes":""},"class_list":["post-3","page","type-page","status-publish","hentry"],"translation":{"provider":"WPGlobus","version":"3.0.2","language":"pt","enabled_languages":["en","fr","pt","es"],"languages":{"en":{"title":true,"content":true,"excerpt":false},"fr":{"title":true,"content":true,"excerpt":false},"pt":{"title":true,"content":true,"excerpt":false},"es":{"title":true,"content":true,"excerpt":false}}},"yoast_head":"<!-- This site is optimized with the Yoast SEO plugin v26.2 - https:\/\/yoast.com\/wordpress\/plugins\/seo\/ -->\n<title>Pol\u00edtica de Privacidade - ImoLuso<\/title>\n<meta name=\"robots\" content=\"index, follow, max-snippet:-1, max-image-preview:large, max-video-preview:-1\" \/>\n<link rel=\"canonical\" href=\"https:\/\/imoluso.com\/privacy-policy\/\" \/>\n<meta property=\"og:locale\" content=\"pt_PT\" \/>\n<meta property=\"og:type\" content=\"article\" \/>\n<meta property=\"og:title\" content=\"Pol\u00edtica de Privacidade - ImoLuso\" \/>\n<meta property=\"og:url\" content=\"https:\/\/imoluso.com\/privacy-policy\/\" \/>\n<meta property=\"og:site_name\" content=\"ImoLuso\" \/>\n<meta property=\"article:modified_time\" content=\"2020-03-30T11:36:31+00:00\" \/>\n<meta name=\"twitter:card\" content=\"summary_large_image\" \/>\n<meta name=\"twitter:label1\" content=\"Tempo estimado de leitura\" \/>\n\t<meta name=\"twitter:data1\" content=\"20 minutos\" \/>\n<script type=\"application\/ld+json\" class=\"yoast-schema-graph\">{\"@context\":\"https:\/\/schema.org\",\"@graph\":[{\"@type\":\"WebPage\",\"@id\":\"https:\/\/imoluso.com\/privacy-policy\/\",\"url\":\"https:\/\/imoluso.com\/privacy-policy\/\",\"name\":\"Pol\u00edtica de Privacidade - ImoLuso\",\"isPartOf\":{\"@id\":\"https:\/\/imoluso.com\/#website\"},\"datePublished\":\"2020-02-22T10:35:48+00:00\",\"dateModified\":\"2020-03-30T11:36:31+00:00\",\"breadcrumb\":{\"@id\":\"https:\/\/imoluso.com\/privacy-policy\/#breadcrumb\"},\"inLanguage\":\"pt-PT\",\"potentialAction\":[{\"@type\":\"ReadAction\",\"target\":[\"https:\/\/imoluso.com\/privacy-policy\/\"]}]},{\"@type\":\"BreadcrumbList\",\"@id\":\"https:\/\/imoluso.com\/privacy-policy\/#breadcrumb\",\"itemListElement\":[{\"@type\":\"ListItem\",\"position\":1,\"name\":\"In\u00edcio\",\"item\":\"https:\/\/imoluso.com\/\"},{\"@type\":\"ListItem\",\"position\":2,\"name\":\"Privacy Policy\"}]},{\"@type\":\"WebSite\",\"@id\":\"https:\/\/imoluso.com\/#website\",\"url\":\"https:\/\/imoluso.com\/\",\"name\":\"ImoLuso\",\"description\":\"\",\"potentialAction\":[{\"@type\":\"SearchAction\",\"target\":{\"@type\":\"EntryPoint\",\"urlTemplate\":\"https:\/\/imoluso.com\/?s={search_term_string}\"},\"query-input\":{\"@type\":\"PropertyValueSpecification\",\"valueRequired\":true,\"valueName\":\"search_term_string\"}}],\"inLanguage\":\"pt-PT\"}]}<\/script>\n<!-- \/ Yoast SEO plugin. -->","yoast_head_json":{"title":"Pol\u00edtica de Privacidade - ImoLuso","robots":{"index":"index","follow":"follow","max-snippet":"max-snippet:-1","max-image-preview":"max-image-preview:large","max-video-preview":"max-video-preview:-1"},"canonical":"https:\/\/imoluso.com\/privacy-policy\/","og_locale":"pt_PT","og_type":"article","og_title":"Pol\u00edtica de Privacidade - ImoLuso","og_url":"https:\/\/imoluso.com\/privacy-policy\/","og_site_name":"ImoLuso","article_modified_time":"2020-03-30T11:36:31+00:00","twitter_card":"summary_large_image","twitter_misc":{"Tempo estimado de leitura":"20 minutos"},"schema":{"@context":"https:\/\/schema.org","@graph":[{"@type":"WebPage","@id":"https:\/\/imoluso.com\/privacy-policy\/","url":"https:\/\/imoluso.com\/privacy-policy\/","name":"Pol\u00edtica de Privacidade - ImoLuso","isPartOf":{"@id":"https:\/\/imoluso.com\/#website"},"datePublished":"2020-02-22T10:35:48+00:00","dateModified":"2020-03-30T11:36:31+00:00","breadcrumb":{"@id":"https:\/\/imoluso.com\/privacy-policy\/#breadcrumb"},"inLanguage":"pt-PT","potentialAction":[{"@type":"ReadAction","target":["https:\/\/imoluso.com\/privacy-policy\/"]}]},{"@type":"BreadcrumbList","@id":"https:\/\/imoluso.com\/privacy-policy\/#breadcrumb","itemListElement":[{"@type":"ListItem","position":1,"name":"In\u00edcio","item":"https:\/\/imoluso.com\/"},{"@type":"ListItem","position":2,"name":"Privacy Policy"}]},{"@type":"WebSite","@id":"https:\/\/imoluso.com\/#website","url":"https:\/\/imoluso.com\/","name":"ImoLuso","description":"","potentialAction":[{"@type":"SearchAction","target":{"@type":"EntryPoint","urlTemplate":"https:\/\/imoluso.com\/?s={search_term_string}"},"query-input":{"@type":"PropertyValueSpecification","valueRequired":true,"valueName":"search_term_string"}}],"inLanguage":"pt-PT"}]}},"jetpack_sharing_enabled":true,"_links":{"self":[{"href":"https:\/\/imoluso.com\/pt\/wp-json\/wp\/v2\/pages\/3","targetHints":{"allow":["GET"]}}],"collection":[{"href":"https:\/\/imoluso.com\/pt\/wp-json\/wp\/v2\/pages"}],"about":[{"href":"https:\/\/imoluso.com\/pt\/wp-json\/wp\/v2\/types\/page"}],"author":[{"embeddable":true,"href":"https:\/\/imoluso.com\/pt\/wp-json\/wp\/v2\/users\/1"}],"replies":[{"embeddable":true,"href":"https:\/\/imoluso.com\/pt\/wp-json\/wp\/v2\/comments?post=3"}],"version-history":[{"count":11,"href":"https:\/\/imoluso.com\/pt\/wp-json\/wp\/v2\/pages\/3\/revisions"}],"predecessor-version":[{"id":8788,"href":"https:\/\/imoluso.com\/pt\/wp-json\/wp\/v2\/pages\/3\/revisions\/8788"}],"wp:attachment":[{"href":"https:\/\/imoluso.com\/pt\/wp-json\/wp\/v2\/media?parent=3"}],"curies":[{"name":"wp","href":"https:\/\/api.w.org\/{rel}","templated":true}]}}