{"id":8080,"date":"2020-03-03T16:10:25","date_gmt":"2020-03-03T16:10:25","guid":{"rendered":"http:\/\/imoluso.com\/?page_id=8080"},"modified":"2020-03-17T10:15:53","modified_gmt":"2020-03-17T10:15:53","slug":"cote-dargent-portugal","status":"publish","type":"page","link":"https:\/\/imoluso.com\/fr\/cote-dargent-portugal\/","title":{"rendered":"Cote d\u2019Argent \u2013 Portugal"},"content":{"rendered":"<p>[vc_row][vc_column width=\u00a0\u00bb1\/2&Prime;][vc_column_text]La C\u00f4te d&rsquo;Argent se caract\u00e9rise par une c\u00f4te rocheuse altern\u00e9e par de belles plages de sable fin o\u00f9 la nature est vari\u00e9e. Une r\u00e9gion magnifiquement pr\u00e9serv\u00e9e, qui s&rsquo;\u00e9tend de l&rsquo;oc\u00e9an Atlantique au groupe montagneux de<br \/>\nSerra Aires et Serra dos Candieiros, Serra do Montejunto, au nord de Lisbonne.<\/p>\n<p>La proximit\u00e9 de l&rsquo;a\u00e9roport de Lisbonne permet l&rsquo;accessibilit\u00e9 au reste du monde.<\/p>\n<p>Il est situ\u00e9 entre la plage de Figueira da Foz au nord et la plage d&rsquo;Ericeira au sud.<\/p>\n<p>Les autoroutes A17 et A8 (Lisboa-Leiria) et l&rsquo;A15 (\u00d3bidos- Santar\u00e9m) offrent un acc\u00e8s o\u00f9 les d\u00e9placements deviennent rapides et faciles.<\/p>\n<p>On y trouve la ville de Peniche qui est le point le plus occidental de l&rsquo;Europe avec son port de p\u00eache. De Peniche, on peut faire des excursions en bateau vers les magnifiques \u00eeles Berlanga.<\/p>\n<p>Les vagues de Baleal Beach attirent les surfeurs du monde entier toute l&rsquo;ann\u00e9e.<\/p>\n<p>La forteresse d&rsquo;Obidos nous emm\u00e8ne au Moyen \u00c2ge avec ses remparts.<\/p>\n<p>De nombreux Resort compos\u00e9s de magnifiques parcours de golf permettront aux golfeurs de tester leur technique, entre Peniche et Foz do Arelho.<\/p>\n<p>Foz do Arelho est une jolie ville baln\u00e9aire o\u00f9 l&rsquo;on trouve la merveilleuse lagune d&rsquo;\u00d3bidos qui se jette dans l&rsquo;oc\u00e9an Atlantique.<\/p>\n<p>La baie de S\u00e3o Martinho do Porto en forme de coquille, est tr\u00e8s familiale ou les petits enfants peuvent nager en toute s\u00e9curit\u00e9.<\/p>\n<p>La ville de Caldas da Rainha, qui doit son nom aux sources thermales, est une ville assez grande o\u00f9 vous pouvez tout trouver.<\/p>\n<p>Nazar\u00e9 poss\u00e8de l&rsquo;une des plus anciennes traditions de p\u00eache au Portugal et est de plus en plus c\u00e9l\u00e8bre pour ses vagues g\u00e9antes, appelant des surfeurs du monde entier.<\/p>\n<p>Des endroits comme le c\u00e9l\u00e8bre lieu de p\u00e8lerinage de Fatima, Torres Vedras, Alcoba\u00e7a, Batalha, Leiria etc. m\u00e9ritent certainement une visite.<\/p>\n<p>Le soleil ne manque pas sur la C\u00f4te d&rsquo;Argent. Le climat est doux et sain et tr\u00e8s ensoleill\u00e9 pendant l&rsquo;hiver. Les temp\u00e9ratures estivales maximales sont d&rsquo;environ 30 degr\u00e9s et les temp\u00e9ratures hivernales tombent rarement en dessous de 15 degr\u00e9s pendant la journ\u00e9e et de 8 degr\u00e9s la nuit. La gastronomie de la R\u00e9gion est tr\u00e8s vari\u00e9e, chaque matin on trouve sur le march\u00e9 de Caldas da Rainha des fruits et l\u00e9gumes frais directement des producteurs.<\/p>\n<p>Nous avons une grande vari\u00e9t\u00e9 de p\u00e2tisseries r\u00e9gionales comme le p\u00e3o-de-l\u00f3 d&rsquo;Alfeizer\u00e3o, les p\u00e2tisseries du Tentugal, les cavacas. La p\u00e2tisserie nationale est le Pastel de Nata.[\/vc_column_text][\/vc_column][vc_column width=\u00a0\u00bb1\/2&Prime;][vc_single_image image=\u00a0\u00bb8363&Prime; img_size=\u00a0\u00bb600&#215;500&Prime; alignment=\u00a0\u00bbcenter\u00a0\u00bb][\/vc_column][\/vc_row]<\/p>\n","protected":false},"excerpt":{"rendered":"<p>[vc_row][vc_column width=\u00a0\u00bb1\/2&Prime;][vc_column_text]La C\u00f4te d&rsquo;Argent se caract\u00e9rise par une c\u00f4te rocheuse altern\u00e9e par de belles plages de sable fin o\u00f9 la nature est vari\u00e9e. Une r\u00e9gion magnifiquement pr\u00e9serv\u00e9e, qui s&rsquo;\u00e9tend de l&rsquo;oc\u00e9an Atlantique au groupe montagneux de Serra Aires et Serra dos Candieiros, Serra do Montejunto, au nord de Lisbonne. La proximit\u00e9 de l&rsquo;a\u00e9roport de Lisbonne [&hellip;]<\/p>\n","protected":false},"author":1,"featured_media":0,"parent":0,"menu_order":0,"comment_status":"closed","ping_status":"closed","template":"","meta":{"footnotes":""},"class_list":["post-8080","page","type-page","status-publish","hentry"],"translation":{"provider":"WPGlobus","version":"3.0.2","language":"fr","enabled_languages":["en","fr","pt","es"],"languages":{"en":{"title":true,"content":true,"excerpt":false},"fr":{"title":true,"content":true,"excerpt":false},"pt":{"title":true,"content":true,"excerpt":false},"es":{"title":true,"content":true,"excerpt":false}}},"yoast_head":"<!-- This site is optimized with the Yoast SEO plugin v26.2 - https:\/\/yoast.com\/wordpress\/plugins\/seo\/ -->\n<title>Cote d\u2019Argent \u2013 Portugal - ImoLuso<\/title>\n<meta name=\"robots\" content=\"index, follow, max-snippet:-1, max-image-preview:large, max-video-preview:-1\" \/>\n<link rel=\"canonical\" href=\"https:\/\/imoluso.com\/pt\/cote-dargent-portugal\/\" \/>\n<meta property=\"og:locale\" content=\"fr_FR\" \/>\n<meta property=\"og:type\" content=\"article\" \/>\n<meta property=\"og:title\" content=\"Cote d\u2019Argent \u2013 Portugal - ImoLuso\" \/>\n<meta property=\"og:url\" content=\"https:\/\/imoluso.com\/pt\/cote-dargent-portugal\/\" \/>\n<meta property=\"og:site_name\" content=\"ImoLuso\" \/>\n<meta property=\"article:modified_time\" content=\"2020-03-17T10:15:53+00:00\" \/>\n<meta name=\"twitter:card\" content=\"summary_large_image\" \/>\n<meta name=\"twitter:label1\" content=\"Dur\u00e9e de lecture estim\u00e9e\" \/>\n\t<meta name=\"twitter:data1\" content=\"9 minutes\" \/>\n<script type=\"application\/ld+json\" class=\"yoast-schema-graph\">{\"@context\":\"https:\/\/schema.org\",\"@graph\":[{\"@type\":\"WebPage\",\"@id\":\"https:\/\/imoluso.com\/pt\/cote-dargent-portugal\/\",\"url\":\"https:\/\/imoluso.com\/pt\/cote-dargent-portugal\/\",\"name\":\"Cote d\u2019Argent \u2013 Portugal - ImoLuso\",\"isPartOf\":{\"@id\":\"https:\/\/imoluso.com\/#website\"},\"datePublished\":\"2020-03-03T16:10:25+00:00\",\"dateModified\":\"2020-03-17T10:15:53+00:00\",\"breadcrumb\":{\"@id\":\"https:\/\/imoluso.com\/pt\/cote-dargent-portugal\/#breadcrumb\"},\"inLanguage\":\"fr-FR\",\"potentialAction\":[{\"@type\":\"ReadAction\",\"target\":[\"https:\/\/imoluso.com\/pt\/cote-dargent-portugal\/\"]}]},{\"@type\":\"BreadcrumbList\",\"@id\":\"https:\/\/imoluso.com\/pt\/cote-dargent-portugal\/#breadcrumb\",\"itemListElement\":[{\"@type\":\"ListItem\",\"position\":1,\"name\":\"In\u00edcio\",\"item\":\"https:\/\/imoluso.com\/\"},{\"@type\":\"ListItem\",\"position\":2,\"name\":\"Costa de Prata &#8211; Portugal\"}]},{\"@type\":\"WebSite\",\"@id\":\"https:\/\/imoluso.com\/#website\",\"url\":\"https:\/\/imoluso.com\/\",\"name\":\"ImoLuso\",\"description\":\"\",\"potentialAction\":[{\"@type\":\"SearchAction\",\"target\":{\"@type\":\"EntryPoint\",\"urlTemplate\":\"https:\/\/imoluso.com\/?s={search_term_string}\"},\"query-input\":{\"@type\":\"PropertyValueSpecification\",\"valueRequired\":true,\"valueName\":\"search_term_string\"}}],\"inLanguage\":\"fr-FR\"}]}<\/script>\n<!-- \/ Yoast SEO plugin. -->","yoast_head_json":{"title":"Cote d\u2019Argent \u2013 Portugal - ImoLuso","robots":{"index":"index","follow":"follow","max-snippet":"max-snippet:-1","max-image-preview":"max-image-preview:large","max-video-preview":"max-video-preview:-1"},"canonical":"https:\/\/imoluso.com\/pt\/cote-dargent-portugal\/","og_locale":"fr_FR","og_type":"article","og_title":"Cote d\u2019Argent \u2013 Portugal - ImoLuso","og_url":"https:\/\/imoluso.com\/pt\/cote-dargent-portugal\/","og_site_name":"ImoLuso","article_modified_time":"2020-03-17T10:15:53+00:00","twitter_card":"summary_large_image","twitter_misc":{"Dur\u00e9e de lecture estim\u00e9e":"9 minutes"},"schema":{"@context":"https:\/\/schema.org","@graph":[{"@type":"WebPage","@id":"https:\/\/imoluso.com\/pt\/cote-dargent-portugal\/","url":"https:\/\/imoluso.com\/pt\/cote-dargent-portugal\/","name":"Cote d\u2019Argent \u2013 Portugal - ImoLuso","isPartOf":{"@id":"https:\/\/imoluso.com\/#website"},"datePublished":"2020-03-03T16:10:25+00:00","dateModified":"2020-03-17T10:15:53+00:00","breadcrumb":{"@id":"https:\/\/imoluso.com\/pt\/cote-dargent-portugal\/#breadcrumb"},"inLanguage":"fr-FR","potentialAction":[{"@type":"ReadAction","target":["https:\/\/imoluso.com\/pt\/cote-dargent-portugal\/"]}]},{"@type":"BreadcrumbList","@id":"https:\/\/imoluso.com\/pt\/cote-dargent-portugal\/#breadcrumb","itemListElement":[{"@type":"ListItem","position":1,"name":"In\u00edcio","item":"https:\/\/imoluso.com\/"},{"@type":"ListItem","position":2,"name":"Costa de Prata &#8211; Portugal"}]},{"@type":"WebSite","@id":"https:\/\/imoluso.com\/#website","url":"https:\/\/imoluso.com\/","name":"ImoLuso","description":"","potentialAction":[{"@type":"SearchAction","target":{"@type":"EntryPoint","urlTemplate":"https:\/\/imoluso.com\/?s={search_term_string}"},"query-input":{"@type":"PropertyValueSpecification","valueRequired":true,"valueName":"search_term_string"}}],"inLanguage":"fr-FR"}]}},"jetpack_sharing_enabled":true,"_links":{"self":[{"href":"https:\/\/imoluso.com\/fr\/wp-json\/wp\/v2\/pages\/8080","targetHints":{"allow":["GET"]}}],"collection":[{"href":"https:\/\/imoluso.com\/fr\/wp-json\/wp\/v2\/pages"}],"about":[{"href":"https:\/\/imoluso.com\/fr\/wp-json\/wp\/v2\/types\/page"}],"author":[{"embeddable":true,"href":"https:\/\/imoluso.com\/fr\/wp-json\/wp\/v2\/users\/1"}],"replies":[{"embeddable":true,"href":"https:\/\/imoluso.com\/fr\/wp-json\/wp\/v2\/comments?post=8080"}],"version-history":[{"count":31,"href":"https:\/\/imoluso.com\/fr\/wp-json\/wp\/v2\/pages\/8080\/revisions"}],"predecessor-version":[{"id":8553,"href":"https:\/\/imoluso.com\/fr\/wp-json\/wp\/v2\/pages\/8080\/revisions\/8553"}],"wp:attachment":[{"href":"https:\/\/imoluso.com\/fr\/wp-json\/wp\/v2\/media?parent=8080"}],"curies":[{"name":"wp","href":"https:\/\/api.w.org\/{rel}","templated":true}]}}