{"id":8074,"date":"2020-03-03T16:05:56","date_gmt":"2020-03-03T16:05:56","guid":{"rendered":"http:\/\/imoluso.com\/?page_id=8074"},"modified":"2020-03-18T14:57:54","modified_gmt":"2020-03-18T14:57:54","slug":"questions-frequentes","status":"publish","type":"page","link":"https:\/\/imoluso.com\/fr\/questions-frequentes\/","title":{"rendered":"Questions Fr\u00e9quentes"},"content":{"rendered":"<p>[vc_row][vc_column width=\u00a0\u00bb1\/2&Prime;][vc_column_text]<strong>Combien de temps faut-il pour acheter une propri\u00e9t\u00e9 au Portugal?<\/strong><br \/>\nAu Portugal, il n&rsquo;y a pas de date limite obligatoire pour l&rsquo;achat d&rsquo;une propri\u00e9t\u00e9;<br \/>\nIl n&rsquo;est pas obligatoire de faire un compromis de vente; si l&rsquo;acheteur dispose des liquidit\u00e9s disponibles et que le vendeur accepte, nous pouvons proc\u00e9der directement \u00e0 la signature de l&rsquo;acte public dans les 5 jours.<\/p>\n<p><strong>Pouvez-vous nous aider \u00e0 trouver un pr\u00eat bancaire dans une banque portugaise pour acheter une propri\u00e9t\u00e9 au Portugal?<\/strong><br \/>\nNous sommes en contact avec plusieurs organisations bancaires. Nous pouvons vous aider avec une \u00e9tude de pr\u00eat.<\/p>\n<p><strong>La date de signature de la loi publique est-elle une date fixe?<\/strong><br \/>\nLa date de signature de l&rsquo;Acte Public \u00ab\u00a0Escritura\u00a0\u00bb est une date fix\u00e9e lors de l&rsquo;ex\u00e9cution du contrat de compromis d&rsquo;achat.<\/p>\n<p><strong>L&rsquo;avocat est-il obligatoire?<\/strong><br \/>\nNon, l&rsquo;avocat n&rsquo;est pas obligatoire mais il peut \u00eatre conseill\u00e9 selon les cas.<\/p>\n<p><strong>Quelles informations dois-je fournir pour acheter une maison au Portugal?<\/strong><br \/>\nNoms, pr\u00e9noms, adresse, \u00e9tat civil et \u00e9tat civil, documents d&rsquo;identit\u00e9 ou passeport en cours de validit\u00e9, num\u00e9ros fiscaux portugais (NIF).<\/p>\n<p>* Toutes les informations et valeurs mentionn\u00e9es sont susceptibles d&rsquo;\u00eatre modifi\u00e9es en fonction des mises \u00e0 jour l\u00e9gales.[\/vc_column_text][\/vc_column][vc_column width=\u00a0\u00bb1\/2&Prime;][vc_single_image image=\u00a0\u00bb8614&Prime; img_size=\u00a0\u00bb500&#215;550&Prime;][\/vc_column][\/vc_row]<\/p>\n","protected":false},"excerpt":{"rendered":"<p>[vc_row][vc_column width=\u00a0\u00bb1\/2&Prime;][vc_column_text]Combien de temps faut-il pour acheter une propri\u00e9t\u00e9 au Portugal? Au Portugal, il n&rsquo;y a pas de date limite obligatoire pour l&rsquo;achat d&rsquo;une propri\u00e9t\u00e9; Il n&rsquo;est pas obligatoire de faire un compromis de vente; si l&rsquo;acheteur dispose des liquidit\u00e9s disponibles et que le vendeur accepte, nous pouvons proc\u00e9der directement \u00e0 la signature de l&rsquo;acte [&hellip;]<\/p>\n","protected":false},"author":1,"featured_media":0,"parent":0,"menu_order":0,"comment_status":"closed","ping_status":"closed","template":"","meta":{"footnotes":""},"class_list":["post-8074","page","type-page","status-publish","hentry"],"translation":{"provider":"WPGlobus","version":"3.0.2","language":"fr","enabled_languages":["en","fr","pt","es"],"languages":{"en":{"title":true,"content":true,"excerpt":false},"fr":{"title":true,"content":true,"excerpt":false},"pt":{"title":true,"content":true,"excerpt":false},"es":{"title":true,"content":true,"excerpt":false}}},"yoast_head":"<!-- This site is optimized with the Yoast SEO plugin v26.2 - https:\/\/yoast.com\/wordpress\/plugins\/seo\/ -->\n<title>Questions Fr\u00e9quentes - ImoLuso<\/title>\n<meta name=\"robots\" content=\"index, follow, max-snippet:-1, max-image-preview:large, max-video-preview:-1\" \/>\n<link rel=\"canonical\" href=\"https:\/\/imoluso.com\/es\/questions-frequentes\/\" \/>\n<meta property=\"og:locale\" content=\"fr_FR\" \/>\n<meta property=\"og:type\" content=\"article\" \/>\n<meta property=\"og:title\" content=\"Questions Fr\u00e9quentes - ImoLuso\" \/>\n<meta property=\"og:url\" content=\"https:\/\/imoluso.com\/es\/questions-frequentes\/\" \/>\n<meta property=\"og:site_name\" content=\"ImoLuso\" \/>\n<meta property=\"article:modified_time\" content=\"2020-03-18T14:57:54+00:00\" \/>\n<meta name=\"twitter:card\" content=\"summary_large_image\" \/>\n<meta name=\"twitter:label1\" content=\"Dur\u00e9e de lecture estim\u00e9e\" \/>\n\t<meta name=\"twitter:data1\" content=\"5 minutes\" \/>\n<script type=\"application\/ld+json\" class=\"yoast-schema-graph\">{\"@context\":\"https:\/\/schema.org\",\"@graph\":[{\"@type\":\"WebPage\",\"@id\":\"https:\/\/imoluso.com\/es\/questions-frequentes\/\",\"url\":\"https:\/\/imoluso.com\/es\/questions-frequentes\/\",\"name\":\"Questions Fr\u00e9quentes - ImoLuso\",\"isPartOf\":{\"@id\":\"https:\/\/imoluso.com\/#website\"},\"datePublished\":\"2020-03-03T16:05:56+00:00\",\"dateModified\":\"2020-03-18T14:57:54+00:00\",\"breadcrumb\":{\"@id\":\"https:\/\/imoluso.com\/es\/questions-frequentes\/#breadcrumb\"},\"inLanguage\":\"fr-FR\",\"potentialAction\":[{\"@type\":\"ReadAction\",\"target\":[\"https:\/\/imoluso.com\/es\/questions-frequentes\/\"]}]},{\"@type\":\"BreadcrumbList\",\"@id\":\"https:\/\/imoluso.com\/es\/questions-frequentes\/#breadcrumb\",\"itemListElement\":[{\"@type\":\"ListItem\",\"position\":1,\"name\":\"In\u00edcio\",\"item\":\"https:\/\/imoluso.com\/\"},{\"@type\":\"ListItem\",\"position\":2,\"name\":\"Preguntas frecuentes\"}]},{\"@type\":\"WebSite\",\"@id\":\"https:\/\/imoluso.com\/#website\",\"url\":\"https:\/\/imoluso.com\/\",\"name\":\"ImoLuso\",\"description\":\"\",\"potentialAction\":[{\"@type\":\"SearchAction\",\"target\":{\"@type\":\"EntryPoint\",\"urlTemplate\":\"https:\/\/imoluso.com\/?s={search_term_string}\"},\"query-input\":{\"@type\":\"PropertyValueSpecification\",\"valueRequired\":true,\"valueName\":\"search_term_string\"}}],\"inLanguage\":\"fr-FR\"}]}<\/script>\n<!-- \/ Yoast SEO plugin. -->","yoast_head_json":{"title":"Questions Fr\u00e9quentes - ImoLuso","robots":{"index":"index","follow":"follow","max-snippet":"max-snippet:-1","max-image-preview":"max-image-preview:large","max-video-preview":"max-video-preview:-1"},"canonical":"https:\/\/imoluso.com\/es\/questions-frequentes\/","og_locale":"fr_FR","og_type":"article","og_title":"Questions Fr\u00e9quentes - ImoLuso","og_url":"https:\/\/imoluso.com\/es\/questions-frequentes\/","og_site_name":"ImoLuso","article_modified_time":"2020-03-18T14:57:54+00:00","twitter_card":"summary_large_image","twitter_misc":{"Dur\u00e9e de lecture estim\u00e9e":"5 minutes"},"schema":{"@context":"https:\/\/schema.org","@graph":[{"@type":"WebPage","@id":"https:\/\/imoluso.com\/es\/questions-frequentes\/","url":"https:\/\/imoluso.com\/es\/questions-frequentes\/","name":"Questions Fr\u00e9quentes - ImoLuso","isPartOf":{"@id":"https:\/\/imoluso.com\/#website"},"datePublished":"2020-03-03T16:05:56+00:00","dateModified":"2020-03-18T14:57:54+00:00","breadcrumb":{"@id":"https:\/\/imoluso.com\/es\/questions-frequentes\/#breadcrumb"},"inLanguage":"fr-FR","potentialAction":[{"@type":"ReadAction","target":["https:\/\/imoluso.com\/es\/questions-frequentes\/"]}]},{"@type":"BreadcrumbList","@id":"https:\/\/imoluso.com\/es\/questions-frequentes\/#breadcrumb","itemListElement":[{"@type":"ListItem","position":1,"name":"In\u00edcio","item":"https:\/\/imoluso.com\/"},{"@type":"ListItem","position":2,"name":"Preguntas frecuentes"}]},{"@type":"WebSite","@id":"https:\/\/imoluso.com\/#website","url":"https:\/\/imoluso.com\/","name":"ImoLuso","description":"","potentialAction":[{"@type":"SearchAction","target":{"@type":"EntryPoint","urlTemplate":"https:\/\/imoluso.com\/?s={search_term_string}"},"query-input":{"@type":"PropertyValueSpecification","valueRequired":true,"valueName":"search_term_string"}}],"inLanguage":"fr-FR"}]}},"jetpack_sharing_enabled":true,"_links":{"self":[{"href":"https:\/\/imoluso.com\/fr\/wp-json\/wp\/v2\/pages\/8074","targetHints":{"allow":["GET"]}}],"collection":[{"href":"https:\/\/imoluso.com\/fr\/wp-json\/wp\/v2\/pages"}],"about":[{"href":"https:\/\/imoluso.com\/fr\/wp-json\/wp\/v2\/types\/page"}],"author":[{"embeddable":true,"href":"https:\/\/imoluso.com\/fr\/wp-json\/wp\/v2\/users\/1"}],"replies":[{"embeddable":true,"href":"https:\/\/imoluso.com\/fr\/wp-json\/wp\/v2\/comments?post=8074"}],"version-history":[{"count":33,"href":"https:\/\/imoluso.com\/fr\/wp-json\/wp\/v2\/pages\/8074\/revisions"}],"predecessor-version":[{"id":8618,"href":"https:\/\/imoluso.com\/fr\/wp-json\/wp\/v2\/pages\/8074\/revisions\/8618"}],"wp:attachment":[{"href":"https:\/\/imoluso.com\/fr\/wp-json\/wp\/v2\/media?parent=8074"}],"curies":[{"name":"wp","href":"https:\/\/api.w.org\/{rel}","templated":true}]}}