{"id":8066,"date":"2020-03-03T16:02:40","date_gmt":"2020-03-03T16:02:40","guid":{"rendered":"http:\/\/imoluso.com\/?page_id=8066"},"modified":"2020-03-20T16:15:26","modified_gmt":"2020-03-20T16:15:26","slug":"construire-sa-maison","status":"publish","type":"page","link":"https:\/\/imoluso.com\/fr\/construire-sa-maison\/","title":{"rendered":"Construire sa Maison"},"content":{"rendered":"<p>[vc_row][vc_column width=\u00a0\u00bb1\/2&Prime;][vc_column_text]<strong>Pouvoir construire sa propre maison est le r\u00eave de chacun de nous.<\/strong><\/p>\n<p>Quel que soit votre besoin ou votre envie, nous vous accompagnons tout au long de votre projet et vous aiderons \u00e0 le concr\u00e9tiser.<\/p>\n<p><strong>Nous vous aidons dans les points suivants:<\/strong><\/p>\n<ul>\n<li><strong>Elaboration de votre projet:<\/strong> Quels sont vos besoins?<\/li>\n<li><strong>Choix du terrain:<\/strong> recherche et pr\u00e9sentation de terrains selon la localisation choisi,<\/li>\n<li><strong>Projet d\u2019architecte:<\/strong> Elaboration du projet, des plans, avec un architecte.<\/li>\n<li><strong>Permis de construire:<\/strong> Aide aux formalit\u00e9s administratives.<\/li>\n<li><strong>Construction:<\/strong> Suivi du chantier.<\/li>\n<li><strong>Fin du chantier:<\/strong> remise des cl\u00e9s.<\/li>\n<\/ul>\n<p><strong>Notre objectif est de vous simplifier les d\u00e9marches lors des diff\u00e9rentes \u00e9tapes.<\/strong>[\/vc_column_text][\/vc_column][vc_column width=\u00a0\u00bb1\/2&Prime;][vc_single_image image=\u00a0\u00bb8336&Prime; img_size=\u00a0\u00bb800&#215;400&Prime; alignment=\u00a0\u00bbcenter\u00a0\u00bb][\/vc_column][\/vc_row]<\/p>\n","protected":false},"excerpt":{"rendered":"<p>[vc_row][vc_column width=\u00a0\u00bb1\/2&Prime;][vc_column_text]Pouvoir construire sa propre maison est le r\u00eave de chacun de nous. Quel que soit votre besoin ou votre envie, nous vous accompagnons tout au long de votre projet et vous aiderons \u00e0 le concr\u00e9tiser. Nous vous aidons dans les points suivants: Elaboration de votre projet: Quels sont vos besoins? Choix du terrain: recherche [&hellip;]<\/p>\n","protected":false},"author":1,"featured_media":0,"parent":0,"menu_order":0,"comment_status":"closed","ping_status":"closed","template":"","meta":{"footnotes":""},"class_list":["post-8066","page","type-page","status-publish","hentry"],"translation":{"provider":"WPGlobus","version":"3.0.2","language":"fr","enabled_languages":["en","fr","pt","es"],"languages":{"en":{"title":true,"content":true,"excerpt":false},"fr":{"title":true,"content":true,"excerpt":false},"pt":{"title":true,"content":true,"excerpt":false},"es":{"title":true,"content":true,"excerpt":false}}},"yoast_head":"<!-- This site is optimized with the Yoast SEO plugin v26.2 - https:\/\/yoast.com\/wordpress\/plugins\/seo\/ -->\n<title>Construire sa Maison - ImoLuso<\/title>\n<meta name=\"robots\" content=\"index, follow, max-snippet:-1, max-image-preview:large, max-video-preview:-1\" \/>\n<link rel=\"canonical\" href=\"https:\/\/imoluso.com\/fr\/construire-sa-maison\/\" \/>\n<meta property=\"og:locale\" content=\"fr_FR\" \/>\n<meta property=\"og:type\" content=\"article\" \/>\n<meta property=\"og:title\" content=\"Construire sa Maison - ImoLuso\" \/>\n<meta property=\"og:url\" content=\"https:\/\/imoluso.com\/fr\/construire-sa-maison\/\" \/>\n<meta property=\"og:site_name\" content=\"ImoLuso\" \/>\n<meta property=\"article:modified_time\" content=\"2020-03-20T16:15:26+00:00\" \/>\n<meta name=\"twitter:card\" content=\"summary_large_image\" \/>\n<meta name=\"twitter:label1\" content=\"Dur\u00e9e de lecture estim\u00e9e\" \/>\n\t<meta name=\"twitter:data1\" content=\"3 minutes\" \/>\n<script type=\"application\/ld+json\" class=\"yoast-schema-graph\">{\"@context\":\"https:\/\/schema.org\",\"@graph\":[{\"@type\":\"WebPage\",\"@id\":\"https:\/\/imoluso.com\/fr\/construire-sa-maison\/\",\"url\":\"https:\/\/imoluso.com\/fr\/construire-sa-maison\/\",\"name\":\"Construire sa Maison - ImoLuso\",\"isPartOf\":{\"@id\":\"https:\/\/imoluso.com\/#website\"},\"datePublished\":\"2020-03-03T16:02:40+00:00\",\"dateModified\":\"2020-03-20T16:15:26+00:00\",\"breadcrumb\":{\"@id\":\"https:\/\/imoluso.com\/fr\/construire-sa-maison\/#breadcrumb\"},\"inLanguage\":\"fr-FR\",\"potentialAction\":[{\"@type\":\"ReadAction\",\"target\":[\"https:\/\/imoluso.com\/fr\/construire-sa-maison\/\"]}]},{\"@type\":\"BreadcrumbList\",\"@id\":\"https:\/\/imoluso.com\/fr\/construire-sa-maison\/#breadcrumb\",\"itemListElement\":[{\"@type\":\"ListItem\",\"position\":1,\"name\":\"In\u00edcio\",\"item\":\"https:\/\/imoluso.com\/\"},{\"@type\":\"ListItem\",\"position\":2,\"name\":\"Construire sa Maison\"}]},{\"@type\":\"WebSite\",\"@id\":\"https:\/\/imoluso.com\/#website\",\"url\":\"https:\/\/imoluso.com\/\",\"name\":\"ImoLuso\",\"description\":\"\",\"potentialAction\":[{\"@type\":\"SearchAction\",\"target\":{\"@type\":\"EntryPoint\",\"urlTemplate\":\"https:\/\/imoluso.com\/?s={search_term_string}\"},\"query-input\":{\"@type\":\"PropertyValueSpecification\",\"valueRequired\":true,\"valueName\":\"search_term_string\"}}],\"inLanguage\":\"fr-FR\"}]}<\/script>\n<!-- \/ Yoast SEO plugin. -->","yoast_head_json":{"title":"Construire sa Maison - ImoLuso","robots":{"index":"index","follow":"follow","max-snippet":"max-snippet:-1","max-image-preview":"max-image-preview:large","max-video-preview":"max-video-preview:-1"},"canonical":"https:\/\/imoluso.com\/fr\/construire-sa-maison\/","og_locale":"fr_FR","og_type":"article","og_title":"Construire sa Maison - ImoLuso","og_url":"https:\/\/imoluso.com\/fr\/construire-sa-maison\/","og_site_name":"ImoLuso","article_modified_time":"2020-03-20T16:15:26+00:00","twitter_card":"summary_large_image","twitter_misc":{"Dur\u00e9e de lecture estim\u00e9e":"3 minutes"},"schema":{"@context":"https:\/\/schema.org","@graph":[{"@type":"WebPage","@id":"https:\/\/imoluso.com\/fr\/construire-sa-maison\/","url":"https:\/\/imoluso.com\/fr\/construire-sa-maison\/","name":"Construire sa Maison - ImoLuso","isPartOf":{"@id":"https:\/\/imoluso.com\/#website"},"datePublished":"2020-03-03T16:02:40+00:00","dateModified":"2020-03-20T16:15:26+00:00","breadcrumb":{"@id":"https:\/\/imoluso.com\/fr\/construire-sa-maison\/#breadcrumb"},"inLanguage":"fr-FR","potentialAction":[{"@type":"ReadAction","target":["https:\/\/imoluso.com\/fr\/construire-sa-maison\/"]}]},{"@type":"BreadcrumbList","@id":"https:\/\/imoluso.com\/fr\/construire-sa-maison\/#breadcrumb","itemListElement":[{"@type":"ListItem","position":1,"name":"In\u00edcio","item":"https:\/\/imoluso.com\/"},{"@type":"ListItem","position":2,"name":"Construire sa Maison"}]},{"@type":"WebSite","@id":"https:\/\/imoluso.com\/#website","url":"https:\/\/imoluso.com\/","name":"ImoLuso","description":"","potentialAction":[{"@type":"SearchAction","target":{"@type":"EntryPoint","urlTemplate":"https:\/\/imoluso.com\/?s={search_term_string}"},"query-input":{"@type":"PropertyValueSpecification","valueRequired":true,"valueName":"search_term_string"}}],"inLanguage":"fr-FR"}]}},"jetpack_sharing_enabled":true,"_links":{"self":[{"href":"https:\/\/imoluso.com\/fr\/wp-json\/wp\/v2\/pages\/8066","targetHints":{"allow":["GET"]}}],"collection":[{"href":"https:\/\/imoluso.com\/fr\/wp-json\/wp\/v2\/pages"}],"about":[{"href":"https:\/\/imoluso.com\/fr\/wp-json\/wp\/v2\/types\/page"}],"author":[{"embeddable":true,"href":"https:\/\/imoluso.com\/fr\/wp-json\/wp\/v2\/users\/1"}],"replies":[{"embeddable":true,"href":"https:\/\/imoluso.com\/fr\/wp-json\/wp\/v2\/comments?post=8066"}],"version-history":[{"count":24,"href":"https:\/\/imoluso.com\/fr\/wp-json\/wp\/v2\/pages\/8066\/revisions"}],"predecessor-version":[{"id":8707,"href":"https:\/\/imoluso.com\/fr\/wp-json\/wp\/v2\/pages\/8066\/revisions\/8707"}],"wp:attachment":[{"href":"https:\/\/imoluso.com\/fr\/wp-json\/wp\/v2\/media?parent=8066"}],"curies":[{"name":"wp","href":"https:\/\/api.w.org\/{rel}","templated":true}]}}