{"id":8050,"date":"2020-03-03T15:39:34","date_gmt":"2020-03-03T15:39:34","guid":{"rendered":"http:\/\/imoluso.com\/?page_id=8050"},"modified":"2020-03-18T14:54:59","modified_gmt":"2020-03-18T14:54:59","slug":"conciergerie","status":"publish","type":"page","link":"https:\/\/imoluso.com\/fr\/conciergerie\/","title":{"rendered":"Conciergerie"},"content":{"rendered":"<p>[vc_row][vc_column width=\u00a0\u00bb1\/2&Prime;][vc_column_text]Un assistant personnel au Portugal qui s\u2019occupe de votre maison pendant votre absence.<\/p>\n<p>Un service de conciergerie qui s\u2019adapte au moindre de vos d\u00e9sirs.<\/p>\n<p>&nbsp;<\/p>\n<p><strong>Nous prenons soin de votre bien pendant votre absence.<\/strong><\/p>\n<p>Nous comprenons que vous aimez \u00eatre bien chez vous, et que vous voulez retrouver votre bien dans le m\u00eame \u00e9tat que vous l\u2019avez laiss\u00e9.<\/p>\n<p>Notre mission est alors de vous garantir d\u2019un passage r\u00e9gulier dans votre bien pour s\u2019assurer du bon \u00e9tat et de l\u2019entretien de ce dernier si n\u00e9cessaire afin que vous puissiez le retrouver \u00e0 l\u2019identique lors de votre retour.<\/p>\n<p>&nbsp;<\/p>\n<p><strong>Services<\/strong><\/p>\n<p>Nous vous fournissons un service complet de gestion de votre bien et prenons en compte chaque d\u00e9tail.<br \/>\nNotre contr\u00f4le de la gestion de la propri\u00e9t\u00e9 offre une gamme compl\u00e8te de services pour s\u2019occuper de votre maison, y compris:<\/p>\n<ul>\n<li>Des contr\u00f4les r\u00e9guliers \u00e0 votre domicile,<\/li>\n<li>V\u00e9rification et paiement des factures comme le t\u00e9l\u00e9phone, internet, l\u2019\u00e9lectricit\u00e9, eau et gaz, assurance habitation, alarme et d\u2019autres projets de loi pertinents,<\/li>\n<li>Paiement annuel de l&rsquo;imp\u00f4t foncier,<\/li>\n<li>Nous vous tiendrons au courant de tout changement \u00e0 votre propri\u00e9t\u00e9 ou des situations juridiques qui peuvent se poser,<\/li>\n<li>En cas d\u2019impond\u00e9rable comme une coupure d\u2019\u00e9lectricit\u00e9, inondations, la facturation ou la d\u00e9faillance de l\u2019\u00e9quipement, nous serons en capacit\u00e9 de r\u00e9soudre ces sou\u00e7is dans les plus brefs d\u00e9lais.<\/li>\n<li>Blanchisserie, nettoyage, jardinerie, piscine.<\/li>\n<\/ul>\n<p>En plus de notre service de supervision, nous fournissons une installation domestique et l\u2019entretien complet avec notre propre \u00e9quipe exp\u00e9riment\u00e9e de plombiers, \u00e9lectriciens, peintres et artisans.<\/p>\n<p>Notre page de facturation est appliqu\u00e9 sur une \u00e9valuation au cas par cas, en prenant en consid\u00e9ration les besoins individuels de chacun de nos clients.[\/vc_column_text][\/vc_column][vc_column width=\u00a0\u00bb1\/2&Prime;][vc_single_image image=\u00a0\u00bb8577&Prime; img_size=\u00a0\u00bb500&#215;500&Prime; alignment=\u00a0\u00bbcenter\u00a0\u00bb][\/vc_column][\/vc_row]<\/p>\n","protected":false},"excerpt":{"rendered":"<p>[vc_row][vc_column width=\u00a0\u00bb1\/2&Prime;][vc_column_text]Un assistant personnel au Portugal qui s\u2019occupe de votre maison pendant votre absence. Un service de conciergerie qui s\u2019adapte au moindre de vos d\u00e9sirs. &nbsp; Nous prenons soin de votre bien pendant votre absence. Nous comprenons que vous aimez \u00eatre bien chez vous, et que vous voulez retrouver votre bien dans le m\u00eame \u00e9tat [&hellip;]<\/p>\n","protected":false},"author":1,"featured_media":0,"parent":0,"menu_order":0,"comment_status":"closed","ping_status":"closed","template":"","meta":{"footnotes":""},"class_list":["post-8050","page","type-page","status-publish","hentry"],"translation":{"provider":"WPGlobus","version":"3.0.2","language":"fr","enabled_languages":["en","fr","pt","es"],"languages":{"en":{"title":true,"content":true,"excerpt":false},"fr":{"title":true,"content":true,"excerpt":false},"pt":{"title":true,"content":true,"excerpt":false},"es":{"title":true,"content":true,"excerpt":false}}},"yoast_head":"<!-- This site is optimized with the Yoast SEO plugin v26.2 - https:\/\/yoast.com\/wordpress\/plugins\/seo\/ -->\n<title>Conciergerie - ImoLuso<\/title>\n<meta name=\"robots\" content=\"index, follow, max-snippet:-1, max-image-preview:large, max-video-preview:-1\" \/>\n<link rel=\"canonical\" href=\"https:\/\/imoluso.com\/pt\/conciergerie\/\" \/>\n<meta property=\"og:locale\" content=\"fr_FR\" \/>\n<meta property=\"og:type\" content=\"article\" \/>\n<meta property=\"og:title\" content=\"Conciergerie - ImoLuso\" \/>\n<meta property=\"og:url\" content=\"https:\/\/imoluso.com\/pt\/conciergerie\/\" \/>\n<meta property=\"og:site_name\" content=\"ImoLuso\" \/>\n<meta property=\"article:modified_time\" content=\"2020-03-18T14:54:59+00:00\" \/>\n<meta name=\"twitter:card\" content=\"summary_large_image\" \/>\n<meta name=\"twitter:label1\" content=\"Dur\u00e9e de lecture estim\u00e9e\" \/>\n\t<meta name=\"twitter:data1\" content=\"6 minutes\" \/>\n<script type=\"application\/ld+json\" class=\"yoast-schema-graph\">{\"@context\":\"https:\/\/schema.org\",\"@graph\":[{\"@type\":\"WebPage\",\"@id\":\"https:\/\/imoluso.com\/pt\/conciergerie\/\",\"url\":\"https:\/\/imoluso.com\/pt\/conciergerie\/\",\"name\":\"Conciergerie - ImoLuso\",\"isPartOf\":{\"@id\":\"https:\/\/imoluso.com\/#website\"},\"datePublished\":\"2020-03-03T15:39:34+00:00\",\"dateModified\":\"2020-03-18T14:54:59+00:00\",\"breadcrumb\":{\"@id\":\"https:\/\/imoluso.com\/pt\/conciergerie\/#breadcrumb\"},\"inLanguage\":\"fr-FR\",\"potentialAction\":[{\"@type\":\"ReadAction\",\"target\":[\"https:\/\/imoluso.com\/pt\/conciergerie\/\"]}]},{\"@type\":\"BreadcrumbList\",\"@id\":\"https:\/\/imoluso.com\/pt\/conciergerie\/#breadcrumb\",\"itemListElement\":[{\"@type\":\"ListItem\",\"position\":1,\"name\":\"In\u00edcio\",\"item\":\"https:\/\/imoluso.com\/\"},{\"@type\":\"ListItem\",\"position\":2,\"name\":\"Concierge\"}]},{\"@type\":\"WebSite\",\"@id\":\"https:\/\/imoluso.com\/#website\",\"url\":\"https:\/\/imoluso.com\/\",\"name\":\"ImoLuso\",\"description\":\"\",\"potentialAction\":[{\"@type\":\"SearchAction\",\"target\":{\"@type\":\"EntryPoint\",\"urlTemplate\":\"https:\/\/imoluso.com\/?s={search_term_string}\"},\"query-input\":{\"@type\":\"PropertyValueSpecification\",\"valueRequired\":true,\"valueName\":\"search_term_string\"}}],\"inLanguage\":\"fr-FR\"}]}<\/script>\n<!-- \/ Yoast SEO plugin. -->","yoast_head_json":{"title":"Conciergerie - ImoLuso","robots":{"index":"index","follow":"follow","max-snippet":"max-snippet:-1","max-image-preview":"max-image-preview:large","max-video-preview":"max-video-preview:-1"},"canonical":"https:\/\/imoluso.com\/pt\/conciergerie\/","og_locale":"fr_FR","og_type":"article","og_title":"Conciergerie - ImoLuso","og_url":"https:\/\/imoluso.com\/pt\/conciergerie\/","og_site_name":"ImoLuso","article_modified_time":"2020-03-18T14:54:59+00:00","twitter_card":"summary_large_image","twitter_misc":{"Dur\u00e9e de lecture estim\u00e9e":"6 minutes"},"schema":{"@context":"https:\/\/schema.org","@graph":[{"@type":"WebPage","@id":"https:\/\/imoluso.com\/pt\/conciergerie\/","url":"https:\/\/imoluso.com\/pt\/conciergerie\/","name":"Conciergerie - ImoLuso","isPartOf":{"@id":"https:\/\/imoluso.com\/#website"},"datePublished":"2020-03-03T15:39:34+00:00","dateModified":"2020-03-18T14:54:59+00:00","breadcrumb":{"@id":"https:\/\/imoluso.com\/pt\/conciergerie\/#breadcrumb"},"inLanguage":"fr-FR","potentialAction":[{"@type":"ReadAction","target":["https:\/\/imoluso.com\/pt\/conciergerie\/"]}]},{"@type":"BreadcrumbList","@id":"https:\/\/imoluso.com\/pt\/conciergerie\/#breadcrumb","itemListElement":[{"@type":"ListItem","position":1,"name":"In\u00edcio","item":"https:\/\/imoluso.com\/"},{"@type":"ListItem","position":2,"name":"Concierge"}]},{"@type":"WebSite","@id":"https:\/\/imoluso.com\/#website","url":"https:\/\/imoluso.com\/","name":"ImoLuso","description":"","potentialAction":[{"@type":"SearchAction","target":{"@type":"EntryPoint","urlTemplate":"https:\/\/imoluso.com\/?s={search_term_string}"},"query-input":{"@type":"PropertyValueSpecification","valueRequired":true,"valueName":"search_term_string"}}],"inLanguage":"fr-FR"}]}},"jetpack_sharing_enabled":true,"_links":{"self":[{"href":"https:\/\/imoluso.com\/fr\/wp-json\/wp\/v2\/pages\/8050","targetHints":{"allow":["GET"]}}],"collection":[{"href":"https:\/\/imoluso.com\/fr\/wp-json\/wp\/v2\/pages"}],"about":[{"href":"https:\/\/imoluso.com\/fr\/wp-json\/wp\/v2\/types\/page"}],"author":[{"embeddable":true,"href":"https:\/\/imoluso.com\/fr\/wp-json\/wp\/v2\/users\/1"}],"replies":[{"embeddable":true,"href":"https:\/\/imoluso.com\/fr\/wp-json\/wp\/v2\/comments?post=8050"}],"version-history":[{"count":25,"href":"https:\/\/imoluso.com\/fr\/wp-json\/wp\/v2\/pages\/8050\/revisions"}],"predecessor-version":[{"id":8613,"href":"https:\/\/imoluso.com\/fr\/wp-json\/wp\/v2\/pages\/8050\/revisions\/8613"}],"wp:attachment":[{"href":"https:\/\/imoluso.com\/fr\/wp-json\/wp\/v2\/media?parent=8050"}],"curies":[{"name":"wp","href":"https:\/\/api.w.org\/{rel}","templated":true}]}}