{"id":8048,"date":"2020-03-03T15:38:44","date_gmt":"2020-03-03T15:38:44","guid":{"rendered":"http:\/\/imoluso.com\/?page_id=8048"},"modified":"2020-03-18T10:06:01","modified_gmt":"2020-03-18T10:06:01","slug":"accompagnement","status":"publish","type":"page","link":"https:\/\/imoluso.com\/fr\/accompagnement\/","title":{"rendered":"Accompagnement"},"content":{"rendered":"<p>[vc_row][vc_column width=\u00a0\u00bb1\/2&Prime;][vc_column_text]Notre mission est de vous accompagner dans toutes vos d\u00e9marches et faire en sorte que votre projet aboutisse et devienne une belle aventure. Nous sommes avant tout \u00e0 l&rsquo;\u00e9coute de vos envies et de vos besoins.<\/p>\n<p>Comprendre votre projet est notre premier objectif.<\/p>\n<p>Notre r\u00e9seau de cabinets d&rsquo;avocats en droit immobilier, d&rsquo;experts comptables, de fiscalistes, de promoteurs et de banques, nous apportent un service complet et adapt\u00e9 \u00e0 votre situation et \u00e0 vos besoins.<\/p>\n<p>Notre exp\u00e9rience dans le secteur immobilier nous permet d&rsquo;avoir une vision transversale et de mieux vous accompagner dans tout le proc\u00e8s d&rsquo;acquisition.<\/p>\n<p>Notre \u00e9quipe vous accompagne \u00e9galement lors des d\u00e9marches d\u2019installation au Portugal : \u00e9lectricit\u00e9, eau, internet, souscription d\u2019un t\u00e9l\u00e9phone portable, inscription des enfants \u00e0 l\u2019\u00e9cole, d\u00e9m\u00e9nagement, cours de portugais, femme<br \/>\nde m\u00e9nage,\u2026 Autant de d\u00e9marches qui n\u00e9cessitent des efforts lorsque l\u2019on arrive dans un pays \u00e9tranger.<\/p>\n<p>Toute notre d\u00e9marche est bas\u00e9e sur le conseil personnalis\u00e9 et la satisfaction finale du client.<\/p>\n<p>Notre ind\u00e9pendance nous permet de chercher le produit qui correspondra au mieux au besoin et demande du client.<\/p>\n<p>Le go\u00fbt du service et l&rsquo;\u00e9coute sont le centre de nos pr\u00e9occupations.[\/vc_column_text][\/vc_column][vc_column width=\u00a0\u00bb1\/2&Prime;][vc_single_image image=\u00a0\u00bb8582&Prime; img_size=\u00a0\u00bb500&#215;450&Prime; alignment=\u00a0\u00bbcenter\u00a0\u00bb][\/vc_column][\/vc_row][vc_row][vc_column][\/vc_column][\/vc_row]<\/p>\n","protected":false},"excerpt":{"rendered":"<p>[vc_row][vc_column width=\u00a0\u00bb1\/2&Prime;][vc_column_text]Notre mission est de vous accompagner dans toutes vos d\u00e9marches et faire en sorte que votre projet aboutisse et devienne une belle aventure. Nous sommes avant tout \u00e0 l&rsquo;\u00e9coute de vos envies et de vos besoins. Comprendre votre projet est notre premier objectif. Notre r\u00e9seau de cabinets d&rsquo;avocats en droit immobilier, d&rsquo;experts comptables, de [&hellip;]<\/p>\n","protected":false},"author":1,"featured_media":0,"parent":0,"menu_order":0,"comment_status":"closed","ping_status":"closed","template":"","meta":{"footnotes":""},"class_list":["post-8048","page","type-page","status-publish","hentry"],"translation":{"provider":"WPGlobus","version":"3.0.2","language":"fr","enabled_languages":["en","fr","pt","es"],"languages":{"en":{"title":true,"content":true,"excerpt":false},"fr":{"title":true,"content":true,"excerpt":false},"pt":{"title":true,"content":true,"excerpt":false},"es":{"title":true,"content":true,"excerpt":false}}},"yoast_head":"<!-- This site is optimized with the Yoast SEO plugin v26.2 - https:\/\/yoast.com\/wordpress\/plugins\/seo\/ -->\n<title>Accompagnement - ImoLuso<\/title>\n<meta name=\"robots\" content=\"index, follow, max-snippet:-1, max-image-preview:large, max-video-preview:-1\" \/>\n<link rel=\"canonical\" href=\"https:\/\/imoluso.com\/accompagnement\/\" \/>\n<meta property=\"og:locale\" content=\"fr_FR\" \/>\n<meta property=\"og:type\" content=\"article\" \/>\n<meta property=\"og:title\" content=\"Accompagnement - ImoLuso\" \/>\n<meta property=\"og:url\" content=\"https:\/\/imoluso.com\/accompagnement\/\" \/>\n<meta property=\"og:site_name\" content=\"ImoLuso\" \/>\n<meta property=\"article:modified_time\" content=\"2020-03-18T10:06:01+00:00\" \/>\n<meta name=\"twitter:card\" content=\"summary_large_image\" \/>\n<meta name=\"twitter:label1\" content=\"Dur\u00e9e de lecture estim\u00e9e\" \/>\n\t<meta name=\"twitter:data1\" content=\"5 minutes\" \/>\n<script type=\"application\/ld+json\" class=\"yoast-schema-graph\">{\"@context\":\"https:\/\/schema.org\",\"@graph\":[{\"@type\":\"WebPage\",\"@id\":\"https:\/\/imoluso.com\/accompagnement\/\",\"url\":\"https:\/\/imoluso.com\/accompagnement\/\",\"name\":\"Accompagnement - ImoLuso\",\"isPartOf\":{\"@id\":\"https:\/\/imoluso.com\/#website\"},\"datePublished\":\"2020-03-03T15:38:44+00:00\",\"dateModified\":\"2020-03-18T10:06:01+00:00\",\"breadcrumb\":{\"@id\":\"https:\/\/imoluso.com\/accompagnement\/#breadcrumb\"},\"inLanguage\":\"fr-FR\",\"potentialAction\":[{\"@type\":\"ReadAction\",\"target\":[\"https:\/\/imoluso.com\/accompagnement\/\"]}]},{\"@type\":\"BreadcrumbList\",\"@id\":\"https:\/\/imoluso.com\/accompagnement\/#breadcrumb\",\"itemListElement\":[{\"@type\":\"ListItem\",\"position\":1,\"name\":\"In\u00edcio\",\"item\":\"https:\/\/imoluso.com\/\"},{\"@type\":\"ListItem\",\"position\":2,\"name\":\"Support\"}]},{\"@type\":\"WebSite\",\"@id\":\"https:\/\/imoluso.com\/#website\",\"url\":\"https:\/\/imoluso.com\/\",\"name\":\"ImoLuso\",\"description\":\"\",\"potentialAction\":[{\"@type\":\"SearchAction\",\"target\":{\"@type\":\"EntryPoint\",\"urlTemplate\":\"https:\/\/imoluso.com\/?s={search_term_string}\"},\"query-input\":{\"@type\":\"PropertyValueSpecification\",\"valueRequired\":true,\"valueName\":\"search_term_string\"}}],\"inLanguage\":\"fr-FR\"}]}<\/script>\n<!-- \/ Yoast SEO plugin. -->","yoast_head_json":{"title":"Accompagnement - ImoLuso","robots":{"index":"index","follow":"follow","max-snippet":"max-snippet:-1","max-image-preview":"max-image-preview:large","max-video-preview":"max-video-preview:-1"},"canonical":"https:\/\/imoluso.com\/accompagnement\/","og_locale":"fr_FR","og_type":"article","og_title":"Accompagnement - ImoLuso","og_url":"https:\/\/imoluso.com\/accompagnement\/","og_site_name":"ImoLuso","article_modified_time":"2020-03-18T10:06:01+00:00","twitter_card":"summary_large_image","twitter_misc":{"Dur\u00e9e de lecture estim\u00e9e":"5 minutes"},"schema":{"@context":"https:\/\/schema.org","@graph":[{"@type":"WebPage","@id":"https:\/\/imoluso.com\/accompagnement\/","url":"https:\/\/imoluso.com\/accompagnement\/","name":"Accompagnement - ImoLuso","isPartOf":{"@id":"https:\/\/imoluso.com\/#website"},"datePublished":"2020-03-03T15:38:44+00:00","dateModified":"2020-03-18T10:06:01+00:00","breadcrumb":{"@id":"https:\/\/imoluso.com\/accompagnement\/#breadcrumb"},"inLanguage":"fr-FR","potentialAction":[{"@type":"ReadAction","target":["https:\/\/imoluso.com\/accompagnement\/"]}]},{"@type":"BreadcrumbList","@id":"https:\/\/imoluso.com\/accompagnement\/#breadcrumb","itemListElement":[{"@type":"ListItem","position":1,"name":"In\u00edcio","item":"https:\/\/imoluso.com\/"},{"@type":"ListItem","position":2,"name":"Support"}]},{"@type":"WebSite","@id":"https:\/\/imoluso.com\/#website","url":"https:\/\/imoluso.com\/","name":"ImoLuso","description":"","potentialAction":[{"@type":"SearchAction","target":{"@type":"EntryPoint","urlTemplate":"https:\/\/imoluso.com\/?s={search_term_string}"},"query-input":{"@type":"PropertyValueSpecification","valueRequired":true,"valueName":"search_term_string"}}],"inLanguage":"fr-FR"}]}},"jetpack_sharing_enabled":true,"_links":{"self":[{"href":"https:\/\/imoluso.com\/fr\/wp-json\/wp\/v2\/pages\/8048","targetHints":{"allow":["GET"]}}],"collection":[{"href":"https:\/\/imoluso.com\/fr\/wp-json\/wp\/v2\/pages"}],"about":[{"href":"https:\/\/imoluso.com\/fr\/wp-json\/wp\/v2\/types\/page"}],"author":[{"embeddable":true,"href":"https:\/\/imoluso.com\/fr\/wp-json\/wp\/v2\/users\/1"}],"replies":[{"embeddable":true,"href":"https:\/\/imoluso.com\/fr\/wp-json\/wp\/v2\/comments?post=8048"}],"version-history":[{"count":19,"href":"https:\/\/imoluso.com\/fr\/wp-json\/wp\/v2\/pages\/8048\/revisions"}],"predecessor-version":[{"id":8586,"href":"https:\/\/imoluso.com\/fr\/wp-json\/wp\/v2\/pages\/8048\/revisions\/8586"}],"wp:attachment":[{"href":"https:\/\/imoluso.com\/fr\/wp-json\/wp\/v2\/media?parent=8048"}],"curies":[{"name":"wp","href":"https:\/\/api.w.org\/{rel}","templated":true}]}}