{"id":7663,"date":"2017-11-27T21:01:20","date_gmt":"2017-11-27T21:01:20","guid":{"rendered":"http:\/\/localhost\/houzez13\/?page_id=7663"},"modified":"2020-03-13T15:39:45","modified_gmt":"2020-03-13T15:39:45","slug":"taxe","status":"publish","type":"page","link":"https:\/\/imoluso.com\/fr\/taxe\/","title":{"rendered":"Taxe"},"content":{"rendered":"<p>[vc_row][vc_column width=\u00a0\u00bb1\/2&Prime;][vc_column_text]<strong>IMI (Imposto Municipal sobre Im\u00f3veis (Imp\u00f4t foncier))<\/strong><br \/>\nSuite \u00e0 l&rsquo;acquisition d\u2019un bien immobilier au Portugal, le paiement de l&rsquo;imp\u00f4t foncier est d\u00fb annuellement. L&rsquo;IMI est calcul\u00e9 sur la VPT (Valeur Patrimoniale Tributaire) du bien achet\u00e9.<\/p>\n<p>Cette valeur patrimoniale est en g\u00e9n\u00e9ral inf\u00e9rieure au prix d&rsquo;achat.<\/p>\n<p>Le taux d\u2019imposition attribu\u00e9e varie entre 0,30% et 0,50%. Les Maires d\u00e9terminent annuellement leur taux entre cette fourchette.<\/p>\n<p>Cet Imp\u00f4t est payable de la forme suivante :<br \/>\nIMI < 250.00\u20ac payement en Avril<br \/>\nIMI < 500.00\u20ac payement en Avril et Novembre IMI > 500.00\u20ac payement en Avril, Juin et Novembre<\/p>\n<p>* Toutes les informations et valeurs mentionn\u00e9es sont susceptibles d\u2019alt\u00e9rations en conformit\u00e9 avec les<br \/>\nactualisations l\u00e9gales.[\/vc_column_text][\/vc_column][vc_column width=\u00a0\u00bb1\/2&Prime;][vc_single_image image=\u00a0\u00bb8374&Prime; img_size=\u00a0\u00bb600&#215;400&Prime; alignment=\u00a0\u00bbcenter\u00a0\u00bb][\/vc_column][\/vc_row]<\/p>\n","protected":false},"excerpt":{"rendered":"<p>[vc_row][vc_column width=\u00a0\u00bb1\/2&Prime;][vc_column_text]IMI (Imposto Municipal sobre Im\u00f3veis (Imp\u00f4t foncier)) Suite \u00e0 l&rsquo;acquisition d\u2019un bien immobilier au Portugal, le paiement de l&rsquo;imp\u00f4t foncier est d\u00fb annuellement. L&rsquo;IMI est calcul\u00e9 sur la VPT (Valeur Patrimoniale Tributaire) du bien achet\u00e9. Cette valeur patrimoniale est en g\u00e9n\u00e9ral inf\u00e9rieure au prix d&rsquo;achat. Le taux d\u2019imposition attribu\u00e9e varie entre 0,30% et 0,50%. [&hellip;]<\/p>\n","protected":false},"author":1,"featured_media":0,"parent":0,"menu_order":0,"comment_status":"closed","ping_status":"closed","template":"","meta":{"footnotes":""},"class_list":["post-7663","page","type-page","status-publish","hentry"],"translation":{"provider":"WPGlobus","version":"3.0.2","language":"fr","enabled_languages":["en","fr","pt","es"],"languages":{"en":{"title":true,"content":true,"excerpt":false},"fr":{"title":true,"content":true,"excerpt":false},"pt":{"title":true,"content":true,"excerpt":false},"es":{"title":true,"content":true,"excerpt":false}}},"yoast_head":"<!-- This site is optimized with the Yoast SEO plugin v26.2 - https:\/\/yoast.com\/wordpress\/plugins\/seo\/ -->\n<title>Taxe - ImoLuso<\/title>\n<meta name=\"robots\" content=\"index, follow, max-snippet:-1, max-image-preview:large, max-video-preview:-1\" \/>\n<link rel=\"canonical\" href=\"https:\/\/imoluso.com\/fr\/taxe\/\" \/>\n<meta property=\"og:locale\" content=\"fr_FR\" \/>\n<meta property=\"og:type\" content=\"article\" \/>\n<meta property=\"og:title\" content=\"Taxe - ImoLuso\" \/>\n<meta property=\"og:url\" content=\"https:\/\/imoluso.com\/fr\/taxe\/\" \/>\n<meta property=\"og:site_name\" content=\"ImoLuso\" \/>\n<meta property=\"article:modified_time\" content=\"2020-03-13T15:39:45+00:00\" \/>\n<meta name=\"twitter:card\" content=\"summary_large_image\" \/>\n<meta name=\"twitter:label1\" content=\"Dur\u00e9e de lecture estim\u00e9e\" \/>\n\t<meta name=\"twitter:data1\" content=\"1 minute\" \/>\n<script type=\"application\/ld+json\" class=\"yoast-schema-graph\">{\"@context\":\"https:\/\/schema.org\",\"@graph\":[{\"@type\":\"WebPage\",\"@id\":\"https:\/\/imoluso.com\/fr\/taxe\/\",\"url\":\"https:\/\/imoluso.com\/fr\/taxe\/\",\"name\":\"Taxe - ImoLuso\",\"isPartOf\":{\"@id\":\"https:\/\/imoluso.com\/#website\"},\"datePublished\":\"2017-11-27T21:01:20+00:00\",\"dateModified\":\"2020-03-13T15:39:45+00:00\",\"breadcrumb\":{\"@id\":\"https:\/\/imoluso.com\/fr\/taxe\/#breadcrumb\"},\"inLanguage\":\"fr-FR\",\"potentialAction\":[{\"@type\":\"ReadAction\",\"target\":[\"https:\/\/imoluso.com\/fr\/taxe\/\"]}]},{\"@type\":\"BreadcrumbList\",\"@id\":\"https:\/\/imoluso.com\/fr\/taxe\/#breadcrumb\",\"itemListElement\":[{\"@type\":\"ListItem\",\"position\":1,\"name\":\"In\u00edcio\",\"item\":\"https:\/\/imoluso.com\/\"},{\"@type\":\"ListItem\",\"position\":2,\"name\":\"Taxe\"}]},{\"@type\":\"WebSite\",\"@id\":\"https:\/\/imoluso.com\/#website\",\"url\":\"https:\/\/imoluso.com\/\",\"name\":\"ImoLuso\",\"description\":\"\",\"potentialAction\":[{\"@type\":\"SearchAction\",\"target\":{\"@type\":\"EntryPoint\",\"urlTemplate\":\"https:\/\/imoluso.com\/?s={search_term_string}\"},\"query-input\":{\"@type\":\"PropertyValueSpecification\",\"valueRequired\":true,\"valueName\":\"search_term_string\"}}],\"inLanguage\":\"fr-FR\"}]}<\/script>\n<!-- \/ Yoast SEO plugin. -->","yoast_head_json":{"title":"Taxe - ImoLuso","robots":{"index":"index","follow":"follow","max-snippet":"max-snippet:-1","max-image-preview":"max-image-preview:large","max-video-preview":"max-video-preview:-1"},"canonical":"https:\/\/imoluso.com\/fr\/taxe\/","og_locale":"fr_FR","og_type":"article","og_title":"Taxe - ImoLuso","og_url":"https:\/\/imoluso.com\/fr\/taxe\/","og_site_name":"ImoLuso","article_modified_time":"2020-03-13T15:39:45+00:00","twitter_card":"summary_large_image","twitter_misc":{"Dur\u00e9e de lecture estim\u00e9e":"1 minute"},"schema":{"@context":"https:\/\/schema.org","@graph":[{"@type":"WebPage","@id":"https:\/\/imoluso.com\/fr\/taxe\/","url":"https:\/\/imoluso.com\/fr\/taxe\/","name":"Taxe - ImoLuso","isPartOf":{"@id":"https:\/\/imoluso.com\/#website"},"datePublished":"2017-11-27T21:01:20+00:00","dateModified":"2020-03-13T15:39:45+00:00","breadcrumb":{"@id":"https:\/\/imoluso.com\/fr\/taxe\/#breadcrumb"},"inLanguage":"fr-FR","potentialAction":[{"@type":"ReadAction","target":["https:\/\/imoluso.com\/fr\/taxe\/"]}]},{"@type":"BreadcrumbList","@id":"https:\/\/imoluso.com\/fr\/taxe\/#breadcrumb","itemListElement":[{"@type":"ListItem","position":1,"name":"In\u00edcio","item":"https:\/\/imoluso.com\/"},{"@type":"ListItem","position":2,"name":"Taxe"}]},{"@type":"WebSite","@id":"https:\/\/imoluso.com\/#website","url":"https:\/\/imoluso.com\/","name":"ImoLuso","description":"","potentialAction":[{"@type":"SearchAction","target":{"@type":"EntryPoint","urlTemplate":"https:\/\/imoluso.com\/?s={search_term_string}"},"query-input":{"@type":"PropertyValueSpecification","valueRequired":true,"valueName":"search_term_string"}}],"inLanguage":"fr-FR"}]}},"jetpack_sharing_enabled":true,"_links":{"self":[{"href":"https:\/\/imoluso.com\/fr\/wp-json\/wp\/v2\/pages\/7663","targetHints":{"allow":["GET"]}}],"collection":[{"href":"https:\/\/imoluso.com\/fr\/wp-json\/wp\/v2\/pages"}],"about":[{"href":"https:\/\/imoluso.com\/fr\/wp-json\/wp\/v2\/types\/page"}],"author":[{"embeddable":true,"href":"https:\/\/imoluso.com\/fr\/wp-json\/wp\/v2\/users\/1"}],"replies":[{"embeddable":true,"href":"https:\/\/imoluso.com\/fr\/wp-json\/wp\/v2\/comments?post=7663"}],"version-history":[{"count":19,"href":"https:\/\/imoluso.com\/fr\/wp-json\/wp\/v2\/pages\/7663\/revisions"}],"predecessor-version":[{"id":8468,"href":"https:\/\/imoluso.com\/fr\/wp-json\/wp\/v2\/pages\/7663\/revisions\/8468"}],"wp:attachment":[{"href":"https:\/\/imoluso.com\/fr\/wp-json\/wp\/v2\/media?parent=7663"}],"curies":[{"name":"wp","href":"https:\/\/api.w.org\/{rel}","templated":true}]}}