{"id":748,"date":"2016-03-10T18:52:12","date_gmt":"2016-03-10T18:52:12","guid":{"rendered":"http:\/\/houzez01.favethemes.com\/?page_id=748"},"modified":"2020-03-18T10:07:48","modified_gmt":"2020-03-18T10:07:48","slug":"documents-necessaire-a-la-transaction","status":"publish","type":"page","link":"https:\/\/imoluso.com\/fr\/documents-necessaire-a-la-transaction\/","title":{"rendered":"Documents n\u00e9cessaire \u00e0 la transaction"},"content":{"rendered":"<p>[vc_row][vc_column width=\u00a0\u00bb1\/2&Prime;][vc_column_text]Lors d\u2019une transaction immobili\u00e8re, un certain nombre de documents sont n\u00e9cessaires aussi bien pour l\u2019agent immobilier que pour l\u2019homme de Loi qui passera l\u2019acte de vente.<\/p>\n<p>Voici une liste non exhaustive :<\/p>\n<p><strong>Certid\u00e3o de Teor da Conservat\u00f3ria do Registo predial :<\/strong><br \/>\n(Certificat de l\u2019enregistrement du bien au bureau d\u2019enregistrement Foncier : )<br \/>\nDocument indiquant si le bien est libre de toutes dettes, hypoth\u00e8que et s\u2019il est bien enregistr\u00e9 au nom du vendeur.<\/p>\n<p><strong>Caderneta Predial das Finan\u00e7as :<\/strong><br \/>\n(Enregistrement du bien dans la matrice fonci\u00e8re : )<br \/>\nCe document est le titre de propri\u00e9t\u00e9 du bien, il indique l&#8217;emplacement et sa description.<\/p>\n<p><strong>Licen\u00e7a de Utiliza\u00e7\u00e3o da C\u00e2mara Municipal, Sec\u00e7\u00e3o de Obras :<\/strong><br \/>\nToutes habitations construite apr\u00e8s 1951 doit avoir ce document de la Mairie qui s&rsquo;appelle \u00e9galement Licence<br \/>\nd&rsquo;Habitation.<\/p>\n<p><strong>Pi\u00e8ces d&rsquo;identit\u00e9 ou Passeport :<\/strong><br \/>\nAcheteurs et vendeurs doivent fournir leurs pi\u00e8ces d&rsquo;identit\u00e9 ou passeports et leurs NIF.<\/p>\n<p><strong>Ficha T\u00e9cnica de Habita\u00e7\u00e3o :<\/strong><br \/>\nToutes propri\u00e9t\u00e9s b\u00e2ties ou modifi\u00e9s apr\u00e8s le 1er Janvier 2003 au Portugal sont tenues par la loi d&rsquo;avoir une fiche Technique d\u2019habitation (Ficha T\u00e9cnica de Habita\u00e7\u00e3o). Ce document contient des informations sur la propri\u00e9t\u00e9, y<br \/>\ncompris les d\u00e9tails du constructeur, les mat\u00e9riaux de construction utilis\u00e9s et fiches techniques.<\/p>\n<p><strong>Certificado Energ\u00e9tico :<\/strong><br \/>\n(Certificat \u00e9nerg\u00e9tique : )<br \/>\nAvant une vente le vendeur doit r\u00e9aliser un diagnostic \u00e9nerg\u00e9tique du bien.<\/p>\n<p>* Toutes les informations et valeurs mentionn\u00e9es sont susceptibles d\u2019alt\u00e9rations en conformit\u00e9 avec les<br \/>\nactualisations l\u00e9gales.[\/vc_column_text][\/vc_column][vc_column width=\u00a0\u00bb1\/2&Prime;][vc_single_image image=\u00a0\u00bb8587&Prime; img_size=\u00a0\u00bb500&#215;550&Prime; alignment=\u00a0\u00bbcenter\u00a0\u00bb][\/vc_column][\/vc_row]<\/p>\n","protected":false},"excerpt":{"rendered":"<p>[vc_row][vc_column width=\u00a0\u00bb1\/2&Prime;][vc_column_text]Lors d\u2019une transaction immobili\u00e8re, un certain nombre de documents sont n\u00e9cessaires aussi bien pour l\u2019agent immobilier que pour l\u2019homme de Loi qui passera l\u2019acte de vente. Voici une liste non exhaustive : Certid\u00e3o de Teor da Conservat\u00f3ria do Registo predial : (Certificat de l\u2019enregistrement du bien au bureau d\u2019enregistrement Foncier : ) Document indiquant [&hellip;]<\/p>\n","protected":false},"author":1,"featured_media":0,"parent":0,"menu_order":0,"comment_status":"closed","ping_status":"closed","template":"","meta":{"footnotes":""},"class_list":["post-748","page","type-page","status-publish","hentry"],"translation":{"provider":"WPGlobus","version":"3.0.2","language":"fr","enabled_languages":["en","fr","pt","es"],"languages":{"en":{"title":true,"content":true,"excerpt":false},"fr":{"title":true,"content":true,"excerpt":false},"pt":{"title":true,"content":true,"excerpt":false},"es":{"title":true,"content":true,"excerpt":false}}},"yoast_head":"<!-- This site is optimized with the Yoast SEO plugin v26.2 - https:\/\/yoast.com\/wordpress\/plugins\/seo\/ -->\n<title>Documents n\u00e9cessaire \u00e0 la transaction - ImoLuso<\/title>\n<meta name=\"robots\" content=\"index, follow, max-snippet:-1, max-image-preview:large, max-video-preview:-1\" \/>\n<link rel=\"canonical\" href=\"https:\/\/imoluso.com\/documents-necessaire-a-la-transaction\/\" \/>\n<meta property=\"og:locale\" content=\"fr_FR\" \/>\n<meta property=\"og:type\" content=\"article\" \/>\n<meta property=\"og:title\" content=\"Documents n\u00e9cessaire \u00e0 la transaction - ImoLuso\" \/>\n<meta property=\"og:url\" content=\"https:\/\/imoluso.com\/documents-necessaire-a-la-transaction\/\" \/>\n<meta property=\"og:site_name\" content=\"ImoLuso\" \/>\n<meta property=\"article:modified_time\" content=\"2020-03-18T10:07:48+00:00\" \/>\n<meta name=\"twitter:card\" content=\"summary_large_image\" \/>\n<meta name=\"twitter:label1\" content=\"Dur\u00e9e de lecture estim\u00e9e\" \/>\n\t<meta name=\"twitter:data1\" content=\"6 minutes\" \/>\n<script type=\"application\/ld+json\" class=\"yoast-schema-graph\">{\"@context\":\"https:\/\/schema.org\",\"@graph\":[{\"@type\":\"WebPage\",\"@id\":\"https:\/\/imoluso.com\/documents-necessaire-a-la-transaction\/\",\"url\":\"https:\/\/imoluso.com\/documents-necessaire-a-la-transaction\/\",\"name\":\"Documents n\u00e9cessaire \u00e0 la transaction - ImoLuso\",\"isPartOf\":{\"@id\":\"https:\/\/imoluso.com\/#website\"},\"datePublished\":\"2016-03-10T18:52:12+00:00\",\"dateModified\":\"2020-03-18T10:07:48+00:00\",\"breadcrumb\":{\"@id\":\"https:\/\/imoluso.com\/documents-necessaire-a-la-transaction\/#breadcrumb\"},\"inLanguage\":\"fr-FR\",\"potentialAction\":[{\"@type\":\"ReadAction\",\"target\":[\"https:\/\/imoluso.com\/documents-necessaire-a-la-transaction\/\"]}]},{\"@type\":\"BreadcrumbList\",\"@id\":\"https:\/\/imoluso.com\/documents-necessaire-a-la-transaction\/#breadcrumb\",\"itemListElement\":[{\"@type\":\"ListItem\",\"position\":1,\"name\":\"In\u00edcio\",\"item\":\"https:\/\/imoluso.com\/\"},{\"@type\":\"ListItem\",\"position\":2,\"name\":\"Documents Required For Transaction\"}]},{\"@type\":\"WebSite\",\"@id\":\"https:\/\/imoluso.com\/#website\",\"url\":\"https:\/\/imoluso.com\/\",\"name\":\"ImoLuso\",\"description\":\"\",\"potentialAction\":[{\"@type\":\"SearchAction\",\"target\":{\"@type\":\"EntryPoint\",\"urlTemplate\":\"https:\/\/imoluso.com\/?s={search_term_string}\"},\"query-input\":{\"@type\":\"PropertyValueSpecification\",\"valueRequired\":true,\"valueName\":\"search_term_string\"}}],\"inLanguage\":\"fr-FR\"}]}<\/script>\n<!-- \/ Yoast SEO plugin. -->","yoast_head_json":{"title":"Documents n\u00e9cessaire \u00e0 la transaction - ImoLuso","robots":{"index":"index","follow":"follow","max-snippet":"max-snippet:-1","max-image-preview":"max-image-preview:large","max-video-preview":"max-video-preview:-1"},"canonical":"https:\/\/imoluso.com\/documents-necessaire-a-la-transaction\/","og_locale":"fr_FR","og_type":"article","og_title":"Documents n\u00e9cessaire \u00e0 la transaction - ImoLuso","og_url":"https:\/\/imoluso.com\/documents-necessaire-a-la-transaction\/","og_site_name":"ImoLuso","article_modified_time":"2020-03-18T10:07:48+00:00","twitter_card":"summary_large_image","twitter_misc":{"Dur\u00e9e de lecture estim\u00e9e":"6 minutes"},"schema":{"@context":"https:\/\/schema.org","@graph":[{"@type":"WebPage","@id":"https:\/\/imoluso.com\/documents-necessaire-a-la-transaction\/","url":"https:\/\/imoluso.com\/documents-necessaire-a-la-transaction\/","name":"Documents n\u00e9cessaire \u00e0 la transaction - ImoLuso","isPartOf":{"@id":"https:\/\/imoluso.com\/#website"},"datePublished":"2016-03-10T18:52:12+00:00","dateModified":"2020-03-18T10:07:48+00:00","breadcrumb":{"@id":"https:\/\/imoluso.com\/documents-necessaire-a-la-transaction\/#breadcrumb"},"inLanguage":"fr-FR","potentialAction":[{"@type":"ReadAction","target":["https:\/\/imoluso.com\/documents-necessaire-a-la-transaction\/"]}]},{"@type":"BreadcrumbList","@id":"https:\/\/imoluso.com\/documents-necessaire-a-la-transaction\/#breadcrumb","itemListElement":[{"@type":"ListItem","position":1,"name":"In\u00edcio","item":"https:\/\/imoluso.com\/"},{"@type":"ListItem","position":2,"name":"Documents Required For Transaction"}]},{"@type":"WebSite","@id":"https:\/\/imoluso.com\/#website","url":"https:\/\/imoluso.com\/","name":"ImoLuso","description":"","potentialAction":[{"@type":"SearchAction","target":{"@type":"EntryPoint","urlTemplate":"https:\/\/imoluso.com\/?s={search_term_string}"},"query-input":{"@type":"PropertyValueSpecification","valueRequired":true,"valueName":"search_term_string"}}],"inLanguage":"fr-FR"}]}},"jetpack_sharing_enabled":true,"_links":{"self":[{"href":"https:\/\/imoluso.com\/fr\/wp-json\/wp\/v2\/pages\/748","targetHints":{"allow":["GET"]}}],"collection":[{"href":"https:\/\/imoluso.com\/fr\/wp-json\/wp\/v2\/pages"}],"about":[{"href":"https:\/\/imoluso.com\/fr\/wp-json\/wp\/v2\/types\/page"}],"author":[{"embeddable":true,"href":"https:\/\/imoluso.com\/fr\/wp-json\/wp\/v2\/users\/1"}],"replies":[{"embeddable":true,"href":"https:\/\/imoluso.com\/fr\/wp-json\/wp\/v2\/comments?post=748"}],"version-history":[{"count":19,"href":"https:\/\/imoluso.com\/fr\/wp-json\/wp\/v2\/pages\/748\/revisions"}],"predecessor-version":[{"id":8591,"href":"https:\/\/imoluso.com\/fr\/wp-json\/wp\/v2\/pages\/748\/revisions\/8591"}],"wp:attachment":[{"href":"https:\/\/imoluso.com\/fr\/wp-json\/wp\/v2\/media?parent=748"}],"curies":[{"name":"wp","href":"https:\/\/api.w.org\/{rel}","templated":true}]}}