{"id":3,"date":"2020-02-22T10:35:48","date_gmt":"2020-02-22T10:35:48","guid":{"rendered":"http:\/\/imoluso.com\/?page_id=3"},"modified":"2020-03-30T11:36:31","modified_gmt":"2020-03-30T11:36:31","slug":"privacy-policy","status":"publish","type":"page","link":"https:\/\/imoluso.com\/fr\/privacy-policy\/","title":{"rendered":"Politique de Confidentialit\u00e9"},"content":{"rendered":"<p>[vc_row][vc_column][vc_column_text]ImoNovo est l&rsquo;entit\u00e9 responsable de la collecte et du traitement des donn\u00e9es personnelles. Il respecte la vie priv\u00e9e de tous les utilisateurs et s&rsquo;engage \u00e0 prot\u00e9ger toutes les informations soumises par chaque utilisateur conform\u00e9ment \u00e0 la l\u00e9gislation nationale et communautaire en vigueur.<\/p>\n<p>Tous les utilisateurs peuvent parcourir ce site Web sans obligation de cr\u00e9er ou de soumettre un enregistrement de donn\u00e9es. Lorsque vous soumettez vos donn\u00e9es, si vous souhaitez recevoir des nouvelles, des campagnes ou autres associ\u00e9es \u00e0 des propri\u00e9t\u00e9s ou \u00e0 nos services en plus des communications commerciales que vous demandez, nous vous demandons d&rsquo;accepter de les envoyer.<\/p>\n<p>La fourniture de donn\u00e9es personnelles n&rsquo;est n\u00e9cessaire que si vous souhaitez prendre rendez-vous pour une visite, une demande d&rsquo;information ou une demande de contact et que le droit d&rsquo;acc\u00e8s, de rectification et d&rsquo;annulation des donn\u00e9es fournies sera toujours garanti, conform\u00e9ment aux dispositions de la loi. ce droit peut \u00eatre exerc\u00e9 par \u00e9crit, \u00e0 tout moment, par <span style=\"color: red;\"> e-mail geral@gestalambre.com <\/span> ou en cliquant sur le lien de r\u00e9siliation d&rsquo;abonnement, au bas de l&rsquo;e-mail .<\/p>\n<p><strong> ENREGISTREMENT DES DONN\u00c9ES <\/strong><br \/>\nNous collectons des informations personnelles en remplissant volontairement les formulaires appropri\u00e9s disponibles pour les visites de r\u00e9servation, les demandes d&rsquo;informations sur les propri\u00e9t\u00e9s ou les services et les demandes de contact.<\/p>\n<p>Lorsque vous nous contactez par e-mail, en vous abonnant \u00e0 des informations gratuites, nous sommes oblig\u00e9s de collecter votre adresse e-mail, votre nom et d&rsquo;autres donn\u00e9es d&rsquo;identification personnelles sp\u00e9cifiques, g\u00e9n\u00e9ralement traduites par nom et num\u00e9ro de contact.<\/p>\n<p>Lors de la demande de donn\u00e9es personnelles sensibles, nous nous assurerons que leur collecte et leur utilisation se feront dans le strict respect de la l\u00e9gislation applicable \u00e0 la collecte et \u00e0 la protection des donn\u00e9es. Si nous avons l&rsquo;intention d&rsquo;utiliser vos donn\u00e9es personnelles en plus des finalit\u00e9s initialement \u00e9tablies, nous vous demanderons votre consentement. Vous pouvez choisir \u00e0 l&rsquo;avance de donner ce consentement lors de la collecte des donn\u00e9es initiales.<\/p>\n<p><strong> DONN\u00c9ES COLLECT\u00c9ES AUTOMATIQUEMENT <\/strong><br \/>\nLes domaines et adresses IP des visiteurs sont enregistr\u00e9s automatiquement. Ces informations n&rsquo;identifient pas l&rsquo;utilisateur, mais uniquement l&rsquo;ordinateur utilis\u00e9 pour acc\u00e9der au site. Ces donn\u00e9es sont analys\u00e9es globalement pour v\u00e9rifier o\u00f9 dans le monde le site est utilis\u00e9, afin d&rsquo;assurer sa couverture, permettant d&rsquo;am\u00e9liorer notre service \u00e0 l&rsquo;utilisateur. Les donn\u00e9es personnelles de chaque utilisateur ne sont pas soumises \u00e0 la collecte et \u00e0 l&rsquo;analyse dans ce processus.<\/p>\n<p><strong> CONSERVATION DES DONN\u00c9ES <\/strong><br \/>\nLes donn\u00e9es seront conserv\u00e9es aussi longtemps que l&rsquo;abonnement de l&rsquo;utilisateur est actif, dans le but d&rsquo;am\u00e9liorer les services offerts, afin qu&rsquo;apr\u00e8s son expiration, il soit d\u00e9personnalis\u00e9 et non identifiable. Seules des informations suppl\u00e9mentaires sur l&rsquo;utilisateur seront collect\u00e9es en plus de celles mentionn\u00e9es ci-dessus \u00e0 des fins contractuelles adjacentes \u00e0 l&rsquo;activit\u00e9 de courtage immobilier.<\/p>\n<p><strong> ACC\u00c8S AUX DONN\u00c9ES PERSONNELLES <\/strong><br \/>\nPour demander des \u00e9claircissements sur l&rsquo;acc\u00e8s aux donn\u00e9es personnelles, ou pour clarifier les probl\u00e8mes li\u00e9s \u00e0 la politique de confidentialit\u00e9 des donn\u00e9es, pratiqu\u00e9e chez ImoNovo, contactez-nous par e-mail geral@gestalambre.com, ou utilisez l&rsquo;adresse postale suivante: <span style=\"color: red;\"> Rua 25 de Abril, Edificio Horizonte, Fr C4, Olhos de \u00c1gua, Albufeira <\/span>. \u00c0 cette fin, vous devrez fournir une preuve d&rsquo;identit\u00e9. Vous \u00eates autoris\u00e9 \u00e0 remettre en question les donn\u00e9es et, le cas \u00e9ch\u00e9ant, vous pouvez: effacer les donn\u00e9es, les rectifier, les modifier ou les compl\u00e9ter. Nous nous r\u00e9servons le droit de refuser de fournir une copie des donn\u00e9es personnelles de l&rsquo;utilisateur, nous obligeant \u00e0 fournir une justification de cette d\u00e9cision. Vous pouvez contester notre d\u00e9cision de refuser de fournir une copie de vos donn\u00e9es personnelles.<\/p>\n<p><strong> R\u00c9V\u00c9LATION ET CHOIX DU VISITEUR <\/strong><br \/>\nL&rsquo;utilisateur peut \u00e0 tout moment cesser de souscrire \u00e0 son inscription, ce qui est un processus simple. Lorsque vous rendez vos donn\u00e9es personnelles disponibles au d\u00e9but, nous vous fournissons les proc\u00e9dures pour leur annulation, soit via un lien, soit en fournissant une adresse e-mail geral@gestalambre.com. Lorsque nous fournissons les donn\u00e9es personnelles de l&rsquo;utilisateur \u00e0 des fins autres que celles indiqu\u00e9es, nous offrons \u00e0 l&rsquo;utilisateur la possibilit\u00e9 de donner son autorisation pr\u00e9alable.<\/p>\n<p><strong> S\u00c9CURIT\u00c9 <\/strong><br \/>\nDes politiques de s\u00e9curit\u00e9, des r\u00e8gles et des mesures techniques ont \u00e9t\u00e9 mises en \u0153uvre pour prot\u00e9ger les donn\u00e9es personnelles sous notre contr\u00f4le, qui sont pleinement conformes \u00e0 la l\u00e9gislation sur la protection des donn\u00e9es, appropri\u00e9e \u00e0 la juridiction applicable au site. Les mesures de s\u00e9curit\u00e9 sont con\u00e7ues pour emp\u00eacher tout acc\u00e8s non autoris\u00e9, toute utilisation inappropri\u00e9e, toute modification non autoris\u00e9e et toute destruction ou perte accidentelle ill\u00e9gale.<\/p>\n<p><strong> CONFORMIT\u00c9 \/ RESPECT DE LA VIE PRIV\u00c9E <\/strong><br \/>\nNotre politique de confidentialit\u00e9 est conforme \u00e0 la l\u00e9gislation portugaise applicable, \u00e0 savoir la loi n \u00b0 67\/98 du 10\/26. La l\u00e9gislation sur la protection des donn\u00e9es est sujette \u00e0 r\u00e9vision, nous recommandons donc \u00e0 l&rsquo;utilisateur de consulter r\u00e9guli\u00e8rement notre d\u00e9claration de confidentialit\u00e9. A titre indicatif, vous pouvez consulter le site www.cnpd.pt \u00e0 cet effet. Ce site Web est conforme \u00e0 la l\u00e9gislation nationale et communautaire. Les tribunaux portugais seront seuls comp\u00e9tents pour conna\u00eetre de tout litige d\u00e9coulant de l&rsquo;utilisation de ce site Web.<\/p>\n<p><strong> HYPERLIENS <\/strong><br \/>\nLes sites Web ImoNovo peuvent fournir des liens vers des sites Web externes pour votre commodit\u00e9 et votre information. Lorsque vous acc\u00e9dez \u00e0 ces liens, vous quittez les sites ImoNovo, donc ImoNovo:<\/p>\n<p>ne contr\u00f4le pas ces sites Web ou leurs politiques de confidentialit\u00e9, qui peuvent \u00eatre diff\u00e9rentes de celles d&rsquo;ImoNovo;<\/p>\n<p>n&rsquo;approuve ni ne repr\u00e9sente ces sites. La d\u00e9claration de confidentialit\u00e9 ImoNovo ne couvre pas les donn\u00e9es personnelles fournies par l&rsquo;utilisateur \u00e0 des sites ext\u00e9rieurs \u00e0 ImoNovo<\/p>\n<p>Nous vous recommandons de consulter les politiques de confidentialit\u00e9 de toute entreprise avant de soumettre vos informations personnelles. Certaines soci\u00e9t\u00e9s externes peuvent choisir de partager leurs informations personnelles avec ImoNovo, ce partage sera donc r\u00e9gi par la politique de confidentialit\u00e9 de cette soci\u00e9t\u00e9.[\/vc_column_text][\/vc_column][\/vc_row]<\/p>\n","protected":false},"excerpt":{"rendered":"<p>[vc_row][vc_column][vc_column_text]ImoNovo est l&rsquo;entit\u00e9 responsable de la collecte et du traitement des donn\u00e9es personnelles. Il respecte la vie priv\u00e9e de tous les utilisateurs et s&rsquo;engage \u00e0 prot\u00e9ger toutes les informations soumises par chaque utilisateur conform\u00e9ment \u00e0 la l\u00e9gislation nationale et communautaire en vigueur. Tous les utilisateurs peuvent parcourir ce site Web sans obligation de cr\u00e9er ou [&hellip;]<\/p>\n","protected":false},"author":1,"featured_media":0,"parent":0,"menu_order":0,"comment_status":"closed","ping_status":"open","template":"","meta":{"footnotes":""},"class_list":["post-3","page","type-page","status-publish","hentry"],"translation":{"provider":"WPGlobus","version":"3.0.2","language":"fr","enabled_languages":["en","fr","pt","es"],"languages":{"en":{"title":true,"content":true,"excerpt":false},"fr":{"title":true,"content":true,"excerpt":false},"pt":{"title":true,"content":true,"excerpt":false},"es":{"title":true,"content":true,"excerpt":false}}},"yoast_head":"<!-- This site is optimized with the Yoast SEO plugin v26.2 - https:\/\/yoast.com\/wordpress\/plugins\/seo\/ -->\n<title>Politique de Confidentialit\u00e9 - ImoLuso<\/title>\n<meta name=\"robots\" content=\"index, follow, max-snippet:-1, max-image-preview:large, max-video-preview:-1\" \/>\n<link rel=\"canonical\" href=\"https:\/\/imoluso.com\/privacy-policy\/\" \/>\n<meta property=\"og:locale\" content=\"fr_FR\" \/>\n<meta property=\"og:type\" content=\"article\" \/>\n<meta property=\"og:title\" content=\"Politique de Confidentialit\u00e9 - ImoLuso\" \/>\n<meta property=\"og:url\" content=\"https:\/\/imoluso.com\/privacy-policy\/\" \/>\n<meta property=\"og:site_name\" content=\"ImoLuso\" \/>\n<meta property=\"article:modified_time\" content=\"2020-03-30T11:36:31+00:00\" \/>\n<meta name=\"twitter:card\" content=\"summary_large_image\" \/>\n<meta name=\"twitter:label1\" content=\"Dur\u00e9e de lecture estim\u00e9e\" \/>\n\t<meta name=\"twitter:data1\" content=\"20 minutes\" \/>\n<script type=\"application\/ld+json\" class=\"yoast-schema-graph\">{\"@context\":\"https:\/\/schema.org\",\"@graph\":[{\"@type\":\"WebPage\",\"@id\":\"https:\/\/imoluso.com\/privacy-policy\/\",\"url\":\"https:\/\/imoluso.com\/privacy-policy\/\",\"name\":\"Politique de Confidentialit\u00e9 - ImoLuso\",\"isPartOf\":{\"@id\":\"https:\/\/imoluso.com\/#website\"},\"datePublished\":\"2020-02-22T10:35:48+00:00\",\"dateModified\":\"2020-03-30T11:36:31+00:00\",\"breadcrumb\":{\"@id\":\"https:\/\/imoluso.com\/privacy-policy\/#breadcrumb\"},\"inLanguage\":\"fr-FR\",\"potentialAction\":[{\"@type\":\"ReadAction\",\"target\":[\"https:\/\/imoluso.com\/privacy-policy\/\"]}]},{\"@type\":\"BreadcrumbList\",\"@id\":\"https:\/\/imoluso.com\/privacy-policy\/#breadcrumb\",\"itemListElement\":[{\"@type\":\"ListItem\",\"position\":1,\"name\":\"In\u00edcio\",\"item\":\"https:\/\/imoluso.com\/\"},{\"@type\":\"ListItem\",\"position\":2,\"name\":\"Privacy Policy\"}]},{\"@type\":\"WebSite\",\"@id\":\"https:\/\/imoluso.com\/#website\",\"url\":\"https:\/\/imoluso.com\/\",\"name\":\"ImoLuso\",\"description\":\"\",\"potentialAction\":[{\"@type\":\"SearchAction\",\"target\":{\"@type\":\"EntryPoint\",\"urlTemplate\":\"https:\/\/imoluso.com\/?s={search_term_string}\"},\"query-input\":{\"@type\":\"PropertyValueSpecification\",\"valueRequired\":true,\"valueName\":\"search_term_string\"}}],\"inLanguage\":\"fr-FR\"}]}<\/script>\n<!-- \/ Yoast SEO plugin. -->","yoast_head_json":{"title":"Politique de Confidentialit\u00e9 - ImoLuso","robots":{"index":"index","follow":"follow","max-snippet":"max-snippet:-1","max-image-preview":"max-image-preview:large","max-video-preview":"max-video-preview:-1"},"canonical":"https:\/\/imoluso.com\/privacy-policy\/","og_locale":"fr_FR","og_type":"article","og_title":"Politique de Confidentialit\u00e9 - ImoLuso","og_url":"https:\/\/imoluso.com\/privacy-policy\/","og_site_name":"ImoLuso","article_modified_time":"2020-03-30T11:36:31+00:00","twitter_card":"summary_large_image","twitter_misc":{"Dur\u00e9e de lecture estim\u00e9e":"20 minutes"},"schema":{"@context":"https:\/\/schema.org","@graph":[{"@type":"WebPage","@id":"https:\/\/imoluso.com\/privacy-policy\/","url":"https:\/\/imoluso.com\/privacy-policy\/","name":"Politique de Confidentialit\u00e9 - ImoLuso","isPartOf":{"@id":"https:\/\/imoluso.com\/#website"},"datePublished":"2020-02-22T10:35:48+00:00","dateModified":"2020-03-30T11:36:31+00:00","breadcrumb":{"@id":"https:\/\/imoluso.com\/privacy-policy\/#breadcrumb"},"inLanguage":"fr-FR","potentialAction":[{"@type":"ReadAction","target":["https:\/\/imoluso.com\/privacy-policy\/"]}]},{"@type":"BreadcrumbList","@id":"https:\/\/imoluso.com\/privacy-policy\/#breadcrumb","itemListElement":[{"@type":"ListItem","position":1,"name":"In\u00edcio","item":"https:\/\/imoluso.com\/"},{"@type":"ListItem","position":2,"name":"Privacy Policy"}]},{"@type":"WebSite","@id":"https:\/\/imoluso.com\/#website","url":"https:\/\/imoluso.com\/","name":"ImoLuso","description":"","potentialAction":[{"@type":"SearchAction","target":{"@type":"EntryPoint","urlTemplate":"https:\/\/imoluso.com\/?s={search_term_string}"},"query-input":{"@type":"PropertyValueSpecification","valueRequired":true,"valueName":"search_term_string"}}],"inLanguage":"fr-FR"}]}},"jetpack_sharing_enabled":true,"_links":{"self":[{"href":"https:\/\/imoluso.com\/fr\/wp-json\/wp\/v2\/pages\/3","targetHints":{"allow":["GET"]}}],"collection":[{"href":"https:\/\/imoluso.com\/fr\/wp-json\/wp\/v2\/pages"}],"about":[{"href":"https:\/\/imoluso.com\/fr\/wp-json\/wp\/v2\/types\/page"}],"author":[{"embeddable":true,"href":"https:\/\/imoluso.com\/fr\/wp-json\/wp\/v2\/users\/1"}],"replies":[{"embeddable":true,"href":"https:\/\/imoluso.com\/fr\/wp-json\/wp\/v2\/comments?post=3"}],"version-history":[{"count":11,"href":"https:\/\/imoluso.com\/fr\/wp-json\/wp\/v2\/pages\/3\/revisions"}],"predecessor-version":[{"id":8788,"href":"https:\/\/imoluso.com\/fr\/wp-json\/wp\/v2\/pages\/3\/revisions\/8788"}],"wp:attachment":[{"href":"https:\/\/imoluso.com\/fr\/wp-json\/wp\/v2\/media?parent=3"}],"curies":[{"name":"wp","href":"https:\/\/api.w.org\/{rel}","templated":true}]}}