{"id":8080,"date":"2020-03-03T16:10:25","date_gmt":"2020-03-03T16:10:25","guid":{"rendered":"http:\/\/imoluso.com\/?page_id=8080"},"modified":"2020-03-17T10:15:53","modified_gmt":"2020-03-17T10:15:53","slug":"cote-dargent-portugal","status":"publish","type":"page","link":"https:\/\/imoluso.com\/es\/cote-dargent-portugal\/","title":{"rendered":"Costa de Plata &#8211; Portugal"},"content":{"rendered":"<p>[vc_row][vc_column width=\u00bb1\/2&#8243;][vc_column_text]La Costa de Plata se caracteriza por una costa rocosa alternada por hermosas playas de arena donde la naturaleza es variada. Una regi\u00f3n bellamente conservada, que se extiende desde el Oc\u00e9ano Atl\u00e1ntico hasta el grupo monta\u00f1oso de<br \/>\nSerra Aires y Serra dos Candieiros, Serra do Montejunto, al norte de Lisboa.<\/p>\n<p>La proximidad al aeropuerto de Lisboa permite la accesibilidad al resto del mundo.<\/p>\n<p>Se encuentra entre la playa de Figueira da Foz en el norte y la playa de Ericeira en el sur.<\/p>\n<p>Las autopistas A17 y A8 (Lisboa-Leiria) y la A15 (\u00d3bidos- Santar\u00e9m) proporcionan acceso donde el viaje se vuelve r\u00e1pido y f\u00e1cil.<\/p>\n<p>Encontramos all\u00ed la ciudad de Peniche, que es el punto m\u00e1s occidental de Europa con su puerto pesquero. Desde Peniche, se pueden hacer excursiones en barco a las magn\u00edficas islas Berlanga.<\/p>\n<p>Las olas de Baleal Beach atraen a surfistas de todo el mundo durante todo el a\u00f1o.<\/p>\n<p>La fortaleza de Obidos nos lleva a la Edad Media con sus murallas.<\/p>\n<p>Muchos resorts compuestos por un magn\u00edfico campo de golf permitir\u00e1n a los golfistas probar su t\u00e9cnica, entre Peniche y Foz do Arelho.<\/p>\n<p>Foz do Arelho es una bonita ciudad costera donde encontramos la maravillosa Laguna de \u00d3bidos que desemboca en el Oc\u00e9ano Atl\u00e1ntico.<\/p>\n<p>La bah\u00eda de S\u00e3o Martinho do Porto, en forma de concha, es muy familiar o los ni\u00f1os peque\u00f1os pueden nadar con seguridad.<\/p>\n<p>La ciudad de Caldas da Rainha, que debe su nombre a las aguas termales, es una ciudad bastante grande donde puedes encontrar de todo.<\/p>\n<p>Nazar\u00e9 tiene una de las tradiciones pesqueras m\u00e1s antiguas de Portugal y es cada vez m\u00e1s famosa por sus olas gigantes, y llama a los surfistas de todo el mundo.<\/p>\n<p>Tambi\u00e9n vale la pena visitar lugares como el famoso lugar de peregrinaci\u00f3n de F\u00e1tima, Torres Vedras, Alcoba\u00e7a, Batalha, Leiria, etc.<\/p>\n<p>No hay escasez de sol en la Costa de Plata. El clima es templado y saludable y muy soleado durante el invierno. Las temperaturas m\u00e1ximas de verano son de alrededor de 30 grados, y las temperaturas de invierno rara vez caen por debajo de 15 grados durante el d\u00eda y 8 grados por la noche. La gastronom\u00eda de la regi\u00f3n es muy variada, todas las ma\u00f1anas encontramos en el mercado de frutas y verduras frescas de Caldas da Rainha directamente de los productores.<\/p>\n<p>Tenemos una amplia variedad de pasteles regionales como p\u00e3o-de-l\u00f3 de Alfeizer\u00e3o, pasteles de Tentugal, cavacas. La reposter\u00eda nacional es el Pastel de Nata.[\/vc_column_text][\/vc_column][vc_column width=\u00bb1\/2&#8243;][vc_single_image image=\u00bb8363&#8243; img_size=\u00bb600&#215;500&#8243; alignment=\u00bbcenter\u00bb][\/vc_column][\/vc_row]<\/p>\n","protected":false},"excerpt":{"rendered":"<p>[vc_row][vc_column width=\u00bb1\/2&#8243;][vc_column_text]La Costa de Plata se caracteriza por una costa rocosa alternada por hermosas playas de arena donde la naturaleza es variada. Una regi\u00f3n bellamente conservada, que se extiende desde el Oc\u00e9ano Atl\u00e1ntico hasta el grupo monta\u00f1oso de Serra Aires y Serra dos Candieiros, Serra do Montejunto, al norte de Lisboa. La proximidad al aeropuerto [&hellip;]<\/p>\n","protected":false},"author":1,"featured_media":0,"parent":0,"menu_order":0,"comment_status":"closed","ping_status":"closed","template":"","meta":{"footnotes":""},"class_list":["post-8080","page","type-page","status-publish","hentry"],"translation":{"provider":"WPGlobus","version":"3.0.2","language":"es","enabled_languages":["en","fr","pt","es"],"languages":{"en":{"title":true,"content":true,"excerpt":false},"fr":{"title":true,"content":true,"excerpt":false},"pt":{"title":true,"content":true,"excerpt":false},"es":{"title":true,"content":true,"excerpt":false}}},"yoast_head":"<!-- This site is optimized with the Yoast SEO plugin v26.2 - https:\/\/yoast.com\/wordpress\/plugins\/seo\/ -->\n<title>Costa de Plata - Portugal - ImoLuso<\/title>\n<meta name=\"robots\" content=\"index, follow, max-snippet:-1, max-image-preview:large, max-video-preview:-1\" \/>\n<link rel=\"canonical\" href=\"https:\/\/imoluso.com\/pt\/cote-dargent-portugal\/\" \/>\n<meta property=\"og:locale\" content=\"es_ES\" \/>\n<meta property=\"og:type\" content=\"article\" \/>\n<meta property=\"og:title\" content=\"Costa de Plata - Portugal - ImoLuso\" \/>\n<meta property=\"og:url\" content=\"https:\/\/imoluso.com\/pt\/cote-dargent-portugal\/\" \/>\n<meta property=\"og:site_name\" content=\"ImoLuso\" \/>\n<meta property=\"article:modified_time\" content=\"2020-03-17T10:15:53+00:00\" \/>\n<meta name=\"twitter:card\" content=\"summary_large_image\" \/>\n<meta name=\"twitter:label1\" content=\"Tiempo de lectura\" \/>\n\t<meta name=\"twitter:data1\" content=\"9 minutos\" \/>\n<script type=\"application\/ld+json\" class=\"yoast-schema-graph\">{\"@context\":\"https:\/\/schema.org\",\"@graph\":[{\"@type\":\"WebPage\",\"@id\":\"https:\/\/imoluso.com\/pt\/cote-dargent-portugal\/\",\"url\":\"https:\/\/imoluso.com\/pt\/cote-dargent-portugal\/\",\"name\":\"Costa de Plata - Portugal - ImoLuso\",\"isPartOf\":{\"@id\":\"https:\/\/imoluso.com\/#website\"},\"datePublished\":\"2020-03-03T16:10:25+00:00\",\"dateModified\":\"2020-03-17T10:15:53+00:00\",\"breadcrumb\":{\"@id\":\"https:\/\/imoluso.com\/pt\/cote-dargent-portugal\/#breadcrumb\"},\"inLanguage\":\"es\",\"potentialAction\":[{\"@type\":\"ReadAction\",\"target\":[\"https:\/\/imoluso.com\/pt\/cote-dargent-portugal\/\"]}]},{\"@type\":\"BreadcrumbList\",\"@id\":\"https:\/\/imoluso.com\/pt\/cote-dargent-portugal\/#breadcrumb\",\"itemListElement\":[{\"@type\":\"ListItem\",\"position\":1,\"name\":\"In\u00edcio\",\"item\":\"https:\/\/imoluso.com\/\"},{\"@type\":\"ListItem\",\"position\":2,\"name\":\"Costa de Prata &#8211; Portugal\"}]},{\"@type\":\"WebSite\",\"@id\":\"https:\/\/imoluso.com\/#website\",\"url\":\"https:\/\/imoluso.com\/\",\"name\":\"ImoLuso\",\"description\":\"\",\"potentialAction\":[{\"@type\":\"SearchAction\",\"target\":{\"@type\":\"EntryPoint\",\"urlTemplate\":\"https:\/\/imoluso.com\/?s={search_term_string}\"},\"query-input\":{\"@type\":\"PropertyValueSpecification\",\"valueRequired\":true,\"valueName\":\"search_term_string\"}}],\"inLanguage\":\"es\"}]}<\/script>\n<!-- \/ Yoast SEO plugin. -->","yoast_head_json":{"title":"Costa de Plata - Portugal - ImoLuso","robots":{"index":"index","follow":"follow","max-snippet":"max-snippet:-1","max-image-preview":"max-image-preview:large","max-video-preview":"max-video-preview:-1"},"canonical":"https:\/\/imoluso.com\/pt\/cote-dargent-portugal\/","og_locale":"es_ES","og_type":"article","og_title":"Costa de Plata - Portugal - ImoLuso","og_url":"https:\/\/imoluso.com\/pt\/cote-dargent-portugal\/","og_site_name":"ImoLuso","article_modified_time":"2020-03-17T10:15:53+00:00","twitter_card":"summary_large_image","twitter_misc":{"Tiempo de lectura":"9 minutos"},"schema":{"@context":"https:\/\/schema.org","@graph":[{"@type":"WebPage","@id":"https:\/\/imoluso.com\/pt\/cote-dargent-portugal\/","url":"https:\/\/imoluso.com\/pt\/cote-dargent-portugal\/","name":"Costa de Plata - Portugal - ImoLuso","isPartOf":{"@id":"https:\/\/imoluso.com\/#website"},"datePublished":"2020-03-03T16:10:25+00:00","dateModified":"2020-03-17T10:15:53+00:00","breadcrumb":{"@id":"https:\/\/imoluso.com\/pt\/cote-dargent-portugal\/#breadcrumb"},"inLanguage":"es","potentialAction":[{"@type":"ReadAction","target":["https:\/\/imoluso.com\/pt\/cote-dargent-portugal\/"]}]},{"@type":"BreadcrumbList","@id":"https:\/\/imoluso.com\/pt\/cote-dargent-portugal\/#breadcrumb","itemListElement":[{"@type":"ListItem","position":1,"name":"In\u00edcio","item":"https:\/\/imoluso.com\/"},{"@type":"ListItem","position":2,"name":"Costa de Prata &#8211; Portugal"}]},{"@type":"WebSite","@id":"https:\/\/imoluso.com\/#website","url":"https:\/\/imoluso.com\/","name":"ImoLuso","description":"","potentialAction":[{"@type":"SearchAction","target":{"@type":"EntryPoint","urlTemplate":"https:\/\/imoluso.com\/?s={search_term_string}"},"query-input":{"@type":"PropertyValueSpecification","valueRequired":true,"valueName":"search_term_string"}}],"inLanguage":"es"}]}},"jetpack_sharing_enabled":true,"_links":{"self":[{"href":"https:\/\/imoluso.com\/es\/wp-json\/wp\/v2\/pages\/8080","targetHints":{"allow":["GET"]}}],"collection":[{"href":"https:\/\/imoluso.com\/es\/wp-json\/wp\/v2\/pages"}],"about":[{"href":"https:\/\/imoluso.com\/es\/wp-json\/wp\/v2\/types\/page"}],"author":[{"embeddable":true,"href":"https:\/\/imoluso.com\/es\/wp-json\/wp\/v2\/users\/1"}],"replies":[{"embeddable":true,"href":"https:\/\/imoluso.com\/es\/wp-json\/wp\/v2\/comments?post=8080"}],"version-history":[{"count":31,"href":"https:\/\/imoluso.com\/es\/wp-json\/wp\/v2\/pages\/8080\/revisions"}],"predecessor-version":[{"id":8553,"href":"https:\/\/imoluso.com\/es\/wp-json\/wp\/v2\/pages\/8080\/revisions\/8553"}],"wp:attachment":[{"href":"https:\/\/imoluso.com\/es\/wp-json\/wp\/v2\/media?parent=8080"}],"curies":[{"name":"wp","href":"https:\/\/api.w.org\/{rel}","templated":true}]}}