{"id":8074,"date":"2020-03-03T16:05:56","date_gmt":"2020-03-03T16:05:56","guid":{"rendered":"http:\/\/imoluso.com\/?page_id=8074"},"modified":"2020-03-18T14:57:54","modified_gmt":"2020-03-18T14:57:54","slug":"questions-frequentes","status":"publish","type":"page","link":"https:\/\/imoluso.com\/es\/questions-frequentes\/","title":{"rendered":"Preguntas frecuentes"},"content":{"rendered":"<p>[vc_row][vc_column width=\u00bb1\/2&#8243;][vc_column_text]<strong>\u00bfCu\u00e1nto tiempo lleva comprar una propiedad en Portugal?<\/strong><br \/>\nEn Portugal no hay un plazo obligatorio para la compra de una propiedad;<br \/>\nNo es obligatorio hacer un compromiso de ventas; Si el comprador tiene el efectivo disponible y el vendedor est\u00e1 de acuerdo, podemos proceder directamente a la firma de la escritura p\u00fablica dentro de los 5 d\u00edas.<\/p>\n<p><strong>\u00bfPuede ayudarnos a encontrar un pr\u00e9stamo bancario en un banco portugu\u00e9s para comprar una propiedad en Portugal?<\/strong><br \/>\nEstamos en contacto con varias organizaciones bancarias. Podemos ayudarlo con un estudio de pr\u00e9stamo.<\/p>\n<p><strong>\u00bfLa fecha de la firma de la Ley P\u00fablica es la fecha fija?<\/strong><br \/>\nLa fecha de firma de la Escritura P\u00fablica \u00abEscritura\u00bb es una fecha que se fija cuando se lleva a cabo el contrato de compromiso de compra.<\/p>\n<p><strong>\u00bfEs obligatorio el abogado?<\/strong><br \/>\nNo, el abogado no es obligatorio, pero puede ser asesorado seg\u00fan el caso.<\/p>\n<p><strong>\u00bfQu\u00e9 informaci\u00f3n necesito proporcionar para comprar una casa en Portugal?<\/strong><br \/>\nApellidos, nombres, direcci\u00f3n, estado civil y estado civil, documentos de identidad o pasaporte v\u00e1lidos, n\u00fameros de impuestos portugueses (NIF).<\/p>\n<p>* Toda la informaci\u00f3n y los valores mencionados est\u00e1n sujetos a modificaciones de acuerdo con las actualizaciones legales.[\/vc_column_text][\/vc_column][vc_column width=\u00bb1\/2&#8243;][vc_single_image image=\u00bb8614&#8243; img_size=\u00bb500&#215;550&#8243;][\/vc_column][\/vc_row]<\/p>\n","protected":false},"excerpt":{"rendered":"<p>[vc_row][vc_column width=\u00bb1\/2&#8243;][vc_column_text]\u00bfCu\u00e1nto tiempo lleva comprar una propiedad en Portugal? En Portugal no hay un plazo obligatorio para la compra de una propiedad; No es obligatorio hacer un compromiso de ventas; Si el comprador tiene el efectivo disponible y el vendedor est\u00e1 de acuerdo, podemos proceder directamente a la firma de la escritura p\u00fablica dentro de [&hellip;]<\/p>\n","protected":false},"author":1,"featured_media":0,"parent":0,"menu_order":0,"comment_status":"closed","ping_status":"closed","template":"","meta":{"footnotes":""},"class_list":["post-8074","page","type-page","status-publish","hentry"],"translation":{"provider":"WPGlobus","version":"3.0.2","language":"es","enabled_languages":["en","fr","pt","es"],"languages":{"en":{"title":true,"content":true,"excerpt":false},"fr":{"title":true,"content":true,"excerpt":false},"pt":{"title":true,"content":true,"excerpt":false},"es":{"title":true,"content":true,"excerpt":false}}},"yoast_head":"<!-- This site is optimized with the Yoast SEO plugin v26.2 - https:\/\/yoast.com\/wordpress\/plugins\/seo\/ -->\n<title>Preguntas frecuentes - ImoLuso<\/title>\n<meta name=\"robots\" content=\"index, follow, max-snippet:-1, max-image-preview:large, max-video-preview:-1\" \/>\n<link rel=\"canonical\" href=\"https:\/\/imoluso.com\/es\/questions-frequentes\/\" \/>\n<meta property=\"og:locale\" content=\"es_ES\" \/>\n<meta property=\"og:type\" content=\"article\" \/>\n<meta property=\"og:title\" content=\"Preguntas frecuentes - ImoLuso\" \/>\n<meta property=\"og:url\" content=\"https:\/\/imoluso.com\/es\/questions-frequentes\/\" \/>\n<meta property=\"og:site_name\" content=\"ImoLuso\" \/>\n<meta property=\"article:modified_time\" content=\"2020-03-18T14:57:54+00:00\" \/>\n<meta name=\"twitter:card\" content=\"summary_large_image\" \/>\n<meta name=\"twitter:label1\" content=\"Tiempo de lectura\" \/>\n\t<meta name=\"twitter:data1\" content=\"5 minutos\" \/>\n<script type=\"application\/ld+json\" class=\"yoast-schema-graph\">{\"@context\":\"https:\/\/schema.org\",\"@graph\":[{\"@type\":\"WebPage\",\"@id\":\"https:\/\/imoluso.com\/es\/questions-frequentes\/\",\"url\":\"https:\/\/imoluso.com\/es\/questions-frequentes\/\",\"name\":\"Preguntas frecuentes - ImoLuso\",\"isPartOf\":{\"@id\":\"https:\/\/imoluso.com\/#website\"},\"datePublished\":\"2020-03-03T16:05:56+00:00\",\"dateModified\":\"2020-03-18T14:57:54+00:00\",\"breadcrumb\":{\"@id\":\"https:\/\/imoluso.com\/es\/questions-frequentes\/#breadcrumb\"},\"inLanguage\":\"es\",\"potentialAction\":[{\"@type\":\"ReadAction\",\"target\":[\"https:\/\/imoluso.com\/es\/questions-frequentes\/\"]}]},{\"@type\":\"BreadcrumbList\",\"@id\":\"https:\/\/imoluso.com\/es\/questions-frequentes\/#breadcrumb\",\"itemListElement\":[{\"@type\":\"ListItem\",\"position\":1,\"name\":\"In\u00edcio\",\"item\":\"https:\/\/imoluso.com\/\"},{\"@type\":\"ListItem\",\"position\":2,\"name\":\"Preguntas frecuentes\"}]},{\"@type\":\"WebSite\",\"@id\":\"https:\/\/imoluso.com\/#website\",\"url\":\"https:\/\/imoluso.com\/\",\"name\":\"ImoLuso\",\"description\":\"\",\"potentialAction\":[{\"@type\":\"SearchAction\",\"target\":{\"@type\":\"EntryPoint\",\"urlTemplate\":\"https:\/\/imoluso.com\/?s={search_term_string}\"},\"query-input\":{\"@type\":\"PropertyValueSpecification\",\"valueRequired\":true,\"valueName\":\"search_term_string\"}}],\"inLanguage\":\"es\"}]}<\/script>\n<!-- \/ Yoast SEO plugin. -->","yoast_head_json":{"title":"Preguntas frecuentes - ImoLuso","robots":{"index":"index","follow":"follow","max-snippet":"max-snippet:-1","max-image-preview":"max-image-preview:large","max-video-preview":"max-video-preview:-1"},"canonical":"https:\/\/imoluso.com\/es\/questions-frequentes\/","og_locale":"es_ES","og_type":"article","og_title":"Preguntas frecuentes - ImoLuso","og_url":"https:\/\/imoluso.com\/es\/questions-frequentes\/","og_site_name":"ImoLuso","article_modified_time":"2020-03-18T14:57:54+00:00","twitter_card":"summary_large_image","twitter_misc":{"Tiempo de lectura":"5 minutos"},"schema":{"@context":"https:\/\/schema.org","@graph":[{"@type":"WebPage","@id":"https:\/\/imoluso.com\/es\/questions-frequentes\/","url":"https:\/\/imoluso.com\/es\/questions-frequentes\/","name":"Preguntas frecuentes - ImoLuso","isPartOf":{"@id":"https:\/\/imoluso.com\/#website"},"datePublished":"2020-03-03T16:05:56+00:00","dateModified":"2020-03-18T14:57:54+00:00","breadcrumb":{"@id":"https:\/\/imoluso.com\/es\/questions-frequentes\/#breadcrumb"},"inLanguage":"es","potentialAction":[{"@type":"ReadAction","target":["https:\/\/imoluso.com\/es\/questions-frequentes\/"]}]},{"@type":"BreadcrumbList","@id":"https:\/\/imoluso.com\/es\/questions-frequentes\/#breadcrumb","itemListElement":[{"@type":"ListItem","position":1,"name":"In\u00edcio","item":"https:\/\/imoluso.com\/"},{"@type":"ListItem","position":2,"name":"Preguntas frecuentes"}]},{"@type":"WebSite","@id":"https:\/\/imoluso.com\/#website","url":"https:\/\/imoluso.com\/","name":"ImoLuso","description":"","potentialAction":[{"@type":"SearchAction","target":{"@type":"EntryPoint","urlTemplate":"https:\/\/imoluso.com\/?s={search_term_string}"},"query-input":{"@type":"PropertyValueSpecification","valueRequired":true,"valueName":"search_term_string"}}],"inLanguage":"es"}]}},"jetpack_sharing_enabled":true,"_links":{"self":[{"href":"https:\/\/imoluso.com\/es\/wp-json\/wp\/v2\/pages\/8074","targetHints":{"allow":["GET"]}}],"collection":[{"href":"https:\/\/imoluso.com\/es\/wp-json\/wp\/v2\/pages"}],"about":[{"href":"https:\/\/imoluso.com\/es\/wp-json\/wp\/v2\/types\/page"}],"author":[{"embeddable":true,"href":"https:\/\/imoluso.com\/es\/wp-json\/wp\/v2\/users\/1"}],"replies":[{"embeddable":true,"href":"https:\/\/imoluso.com\/es\/wp-json\/wp\/v2\/comments?post=8074"}],"version-history":[{"count":33,"href":"https:\/\/imoluso.com\/es\/wp-json\/wp\/v2\/pages\/8074\/revisions"}],"predecessor-version":[{"id":8618,"href":"https:\/\/imoluso.com\/es\/wp-json\/wp\/v2\/pages\/8074\/revisions\/8618"}],"wp:attachment":[{"href":"https:\/\/imoluso.com\/es\/wp-json\/wp\/v2\/media?parent=8074"}],"curies":[{"name":"wp","href":"https:\/\/api.w.org\/{rel}","templated":true}]}}