{"id":8066,"date":"2020-03-03T16:02:40","date_gmt":"2020-03-03T16:02:40","guid":{"rendered":"http:\/\/imoluso.com\/?page_id=8066"},"modified":"2020-03-20T16:15:26","modified_gmt":"2020-03-20T16:15:26","slug":"construire-sa-maison","status":"publish","type":"page","link":"https:\/\/imoluso.com\/es\/construire-sa-maison\/","title":{"rendered":"Construye tu casa"},"content":{"rendered":"<p>[vc_row][vc_column width=\u00bb1\/2&#8243;][vc_column_text]<strong>Poder construir nuestra propia casa es el sue\u00f1o de cada uno de nosotros.<\/strong><\/p>\n<p>Sea cual sea su necesidad o su deseo, lo apoyamos a lo largo de su proyecto y lo ayudamos a lograrlo.<\/p>\n<p><strong>Te ayudamos en los siguientes puntos:<\/strong><\/p>\n<ul>\n<li><strong>Elaboraci\u00f3n de su proyecto:<\/strong> \u00bfcu\u00e1les son sus necesidades?<\/li>\n<li><strong>Elecci\u00f3n de la tierra:<\/strong> investigaci\u00f3n y presentaci\u00f3n de la tierra de acuerdo con la ubicaci\u00f3n elegida,<\/li>\n<li><strong>Proyecto de arquitecto:<\/strong> Elaboraci\u00f3n del proyecto, planos, con un arquitecto.<\/li>\n<li><strong>Permiso de construcci\u00f3n:<\/strong> Ayuda con tr\u00e1mites administrativos.<\/li>\n<li><strong>Construcci\u00f3n:<\/strong> Monitoreo del sitio.<\/li>\n<li><strong>Fin del trabajo:<\/strong> entrega de llaves.<\/li>\n<\/ul>\n<p>Nuestro objetivo es simplificar los procedimientos para usted durante las distintas etapas.[\/vc_column_text][\/vc_column][vc_column width=\u00bb1\/2&#8243;][vc_single_image image=\u00bb8336&#8243; img_size=\u00bb800&#215;600&#8243; alignment=\u00bbright\u00bb][\/vc_column][\/vc_row]<\/p>\n","protected":false},"excerpt":{"rendered":"<p>[vc_row][vc_column width=\u00bb1\/2&#8243;][vc_column_text]Poder construir nuestra propia casa es el sue\u00f1o de cada uno de nosotros. Sea cual sea su necesidad o su deseo, lo apoyamos a lo largo de su proyecto y lo ayudamos a lograrlo. Te ayudamos en los siguientes puntos: Elaboraci\u00f3n de su proyecto: \u00bfcu\u00e1les son sus necesidades? Elecci\u00f3n de la tierra: investigaci\u00f3n y [&hellip;]<\/p>\n","protected":false},"author":1,"featured_media":0,"parent":0,"menu_order":0,"comment_status":"closed","ping_status":"closed","template":"","meta":{"footnotes":""},"class_list":["post-8066","page","type-page","status-publish","hentry"],"translation":{"provider":"WPGlobus","version":"3.0.2","language":"es","enabled_languages":["en","fr","pt","es"],"languages":{"en":{"title":true,"content":true,"excerpt":false},"fr":{"title":true,"content":true,"excerpt":false},"pt":{"title":true,"content":true,"excerpt":false},"es":{"title":true,"content":true,"excerpt":false}}},"yoast_head":"<!-- This site is optimized with the Yoast SEO plugin v26.2 - https:\/\/yoast.com\/wordpress\/plugins\/seo\/ -->\n<title>Construye tu casa - ImoLuso<\/title>\n<meta name=\"robots\" content=\"index, follow, max-snippet:-1, max-image-preview:large, max-video-preview:-1\" \/>\n<link rel=\"canonical\" href=\"https:\/\/imoluso.com\/fr\/construire-sa-maison\/\" \/>\n<meta property=\"og:locale\" content=\"es_ES\" \/>\n<meta property=\"og:type\" content=\"article\" \/>\n<meta property=\"og:title\" content=\"Construye tu casa - ImoLuso\" \/>\n<meta property=\"og:url\" content=\"https:\/\/imoluso.com\/fr\/construire-sa-maison\/\" \/>\n<meta property=\"og:site_name\" content=\"ImoLuso\" \/>\n<meta property=\"article:modified_time\" content=\"2020-03-20T16:15:26+00:00\" \/>\n<meta name=\"twitter:card\" content=\"summary_large_image\" \/>\n<meta name=\"twitter:label1\" content=\"Tiempo de lectura\" \/>\n\t<meta name=\"twitter:data1\" content=\"3 minutos\" \/>\n<script type=\"application\/ld+json\" class=\"yoast-schema-graph\">{\"@context\":\"https:\/\/schema.org\",\"@graph\":[{\"@type\":\"WebPage\",\"@id\":\"https:\/\/imoluso.com\/fr\/construire-sa-maison\/\",\"url\":\"https:\/\/imoluso.com\/fr\/construire-sa-maison\/\",\"name\":\"Construye tu casa - ImoLuso\",\"isPartOf\":{\"@id\":\"https:\/\/imoluso.com\/#website\"},\"datePublished\":\"2020-03-03T16:02:40+00:00\",\"dateModified\":\"2020-03-20T16:15:26+00:00\",\"breadcrumb\":{\"@id\":\"https:\/\/imoluso.com\/fr\/construire-sa-maison\/#breadcrumb\"},\"inLanguage\":\"es\",\"potentialAction\":[{\"@type\":\"ReadAction\",\"target\":[\"https:\/\/imoluso.com\/fr\/construire-sa-maison\/\"]}]},{\"@type\":\"BreadcrumbList\",\"@id\":\"https:\/\/imoluso.com\/fr\/construire-sa-maison\/#breadcrumb\",\"itemListElement\":[{\"@type\":\"ListItem\",\"position\":1,\"name\":\"In\u00edcio\",\"item\":\"https:\/\/imoluso.com\/\"},{\"@type\":\"ListItem\",\"position\":2,\"name\":\"Construire sa Maison\"}]},{\"@type\":\"WebSite\",\"@id\":\"https:\/\/imoluso.com\/#website\",\"url\":\"https:\/\/imoluso.com\/\",\"name\":\"ImoLuso\",\"description\":\"\",\"potentialAction\":[{\"@type\":\"SearchAction\",\"target\":{\"@type\":\"EntryPoint\",\"urlTemplate\":\"https:\/\/imoluso.com\/?s={search_term_string}\"},\"query-input\":{\"@type\":\"PropertyValueSpecification\",\"valueRequired\":true,\"valueName\":\"search_term_string\"}}],\"inLanguage\":\"es\"}]}<\/script>\n<!-- \/ Yoast SEO plugin. -->","yoast_head_json":{"title":"Construye tu casa - ImoLuso","robots":{"index":"index","follow":"follow","max-snippet":"max-snippet:-1","max-image-preview":"max-image-preview:large","max-video-preview":"max-video-preview:-1"},"canonical":"https:\/\/imoluso.com\/fr\/construire-sa-maison\/","og_locale":"es_ES","og_type":"article","og_title":"Construye tu casa - ImoLuso","og_url":"https:\/\/imoluso.com\/fr\/construire-sa-maison\/","og_site_name":"ImoLuso","article_modified_time":"2020-03-20T16:15:26+00:00","twitter_card":"summary_large_image","twitter_misc":{"Tiempo de lectura":"3 minutos"},"schema":{"@context":"https:\/\/schema.org","@graph":[{"@type":"WebPage","@id":"https:\/\/imoluso.com\/fr\/construire-sa-maison\/","url":"https:\/\/imoluso.com\/fr\/construire-sa-maison\/","name":"Construye tu casa - ImoLuso","isPartOf":{"@id":"https:\/\/imoluso.com\/#website"},"datePublished":"2020-03-03T16:02:40+00:00","dateModified":"2020-03-20T16:15:26+00:00","breadcrumb":{"@id":"https:\/\/imoluso.com\/fr\/construire-sa-maison\/#breadcrumb"},"inLanguage":"es","potentialAction":[{"@type":"ReadAction","target":["https:\/\/imoluso.com\/fr\/construire-sa-maison\/"]}]},{"@type":"BreadcrumbList","@id":"https:\/\/imoluso.com\/fr\/construire-sa-maison\/#breadcrumb","itemListElement":[{"@type":"ListItem","position":1,"name":"In\u00edcio","item":"https:\/\/imoluso.com\/"},{"@type":"ListItem","position":2,"name":"Construire sa Maison"}]},{"@type":"WebSite","@id":"https:\/\/imoluso.com\/#website","url":"https:\/\/imoluso.com\/","name":"ImoLuso","description":"","potentialAction":[{"@type":"SearchAction","target":{"@type":"EntryPoint","urlTemplate":"https:\/\/imoluso.com\/?s={search_term_string}"},"query-input":{"@type":"PropertyValueSpecification","valueRequired":true,"valueName":"search_term_string"}}],"inLanguage":"es"}]}},"jetpack_sharing_enabled":true,"_links":{"self":[{"href":"https:\/\/imoluso.com\/es\/wp-json\/wp\/v2\/pages\/8066","targetHints":{"allow":["GET"]}}],"collection":[{"href":"https:\/\/imoluso.com\/es\/wp-json\/wp\/v2\/pages"}],"about":[{"href":"https:\/\/imoluso.com\/es\/wp-json\/wp\/v2\/types\/page"}],"author":[{"embeddable":true,"href":"https:\/\/imoluso.com\/es\/wp-json\/wp\/v2\/users\/1"}],"replies":[{"embeddable":true,"href":"https:\/\/imoluso.com\/es\/wp-json\/wp\/v2\/comments?post=8066"}],"version-history":[{"count":24,"href":"https:\/\/imoluso.com\/es\/wp-json\/wp\/v2\/pages\/8066\/revisions"}],"predecessor-version":[{"id":8707,"href":"https:\/\/imoluso.com\/es\/wp-json\/wp\/v2\/pages\/8066\/revisions\/8707"}],"wp:attachment":[{"href":"https:\/\/imoluso.com\/es\/wp-json\/wp\/v2\/media?parent=8066"}],"curies":[{"name":"wp","href":"https:\/\/api.w.org\/{rel}","templated":true}]}}