{"id":8050,"date":"2020-03-03T15:39:34","date_gmt":"2020-03-03T15:39:34","guid":{"rendered":"http:\/\/imoluso.com\/?page_id=8050"},"modified":"2020-03-18T14:54:59","modified_gmt":"2020-03-18T14:54:59","slug":"conciergerie","status":"publish","type":"page","link":"https:\/\/imoluso.com\/es\/conciergerie\/","title":{"rendered":"Conserje"},"content":{"rendered":"<p>[vc_row][vc_column width=\u00bb1\/2&#8243;][vc_column_text]Un asistente personal en Portugal que cuida su hogar durante su ausencia.<\/p>\n<p>Un servicio de conserjer\u00eda que se adapta a lo m\u00e1s m\u00ednimo de tus deseos.<\/p>\n<p>&nbsp;<\/p>\n<p><strong>Cuidamos su propiedad durante su ausencia.<\/strong><\/p>\n<p>Entendemos que le gusta estar en casa y que desea encontrar su propiedad en las mismas condiciones en que la dej\u00f3.<\/p>\n<p>Nuestra misi\u00f3n es garantizarle un pasaje regular en su propiedad para garantizar el buen estado y el mantenimiento de este \u00faltimo si es necesario para que pueda encontrarlo de manera id\u00e9ntica cuando regrese.<\/p>\n<p>&nbsp;<\/p>\n<p><strong>Servicios<\/strong><\/p>\n<p>Le brindamos un servicio completo de administraci\u00f3n de propiedades y tomamos en cuenta todos los detalles.<br \/>\nNuestro control de administraci\u00f3n de propiedades ofrece una gama completa de servicios para cuidar su hogar, que incluyen:<\/p>\n<ul>\n<li>Cheques regulares en su hogar,<\/li>\n<li>Verificaci\u00f3n y pago de facturas como tel\u00e9fono, internet, electricidad, agua y gas, seguro de hogar, alarma y otras facturas relevantes,<\/li>\n<li>Pago anual del impuesto a la propiedad,<\/li>\n<li>Lo mantendremos informado sobre cualquier cambio en su propiedad o cualquier situaci\u00f3n legal que pueda surgir,<\/li>\n<li>En el caso de un evento imprevisible, como un corte de energ\u00eda, inundaciones, facturaci\u00f3n o falla del equipo, podremos resolver estas inquietudes lo antes posible.<\/li>\n<li>Lavander\u00eda, limpieza, centro de jardiner\u00eda, piscina.<\/li>\n<\/ul>\n<p>Adem\u00e1s de nuestro servicio de supervisi\u00f3n, brindamos instalaci\u00f3n dom\u00e9stica y mantenimiento completo con nuestro propio equipo experimentado de plomeros, electricistas, pintores y artesanos.<\/p>\n<p>Nuestra p\u00e1gina de facturaci\u00f3n se aplica en una evaluaci\u00f3n caso por caso, teniendo en cuenta las necesidades individuales de cada uno de nuestros clientes.[\/vc_column_text][\/vc_column][vc_column width=\u00bb1\/2&#8243;][vc_single_image image=\u00bb8577&#8243; img_size=\u00bb500&#215;500&#8243; alignment=\u00bbcenter\u00bb][\/vc_column][\/vc_row]<\/p>\n","protected":false},"excerpt":{"rendered":"<p>[vc_row][vc_column width=\u00bb1\/2&#8243;][vc_column_text]Un asistente personal en Portugal que cuida su hogar durante su ausencia. Un servicio de conserjer\u00eda que se adapta a lo m\u00e1s m\u00ednimo de tus deseos. &nbsp; Cuidamos su propiedad durante su ausencia. Entendemos que le gusta estar en casa y que desea encontrar su propiedad en las mismas condiciones en que la dej\u00f3. [&hellip;]<\/p>\n","protected":false},"author":1,"featured_media":0,"parent":0,"menu_order":0,"comment_status":"closed","ping_status":"closed","template":"","meta":{"footnotes":""},"class_list":["post-8050","page","type-page","status-publish","hentry"],"translation":{"provider":"WPGlobus","version":"3.0.2","language":"es","enabled_languages":["en","fr","pt","es"],"languages":{"en":{"title":true,"content":true,"excerpt":false},"fr":{"title":true,"content":true,"excerpt":false},"pt":{"title":true,"content":true,"excerpt":false},"es":{"title":true,"content":true,"excerpt":false}}},"yoast_head":"<!-- This site is optimized with the Yoast SEO plugin v26.2 - https:\/\/yoast.com\/wordpress\/plugins\/seo\/ -->\n<title>Conserje - ImoLuso<\/title>\n<meta name=\"robots\" content=\"index, follow, max-snippet:-1, max-image-preview:large, max-video-preview:-1\" \/>\n<link rel=\"canonical\" href=\"https:\/\/imoluso.com\/pt\/conciergerie\/\" \/>\n<meta property=\"og:locale\" content=\"es_ES\" \/>\n<meta property=\"og:type\" content=\"article\" \/>\n<meta property=\"og:title\" content=\"Conserje - ImoLuso\" \/>\n<meta property=\"og:url\" content=\"https:\/\/imoluso.com\/pt\/conciergerie\/\" \/>\n<meta property=\"og:site_name\" content=\"ImoLuso\" \/>\n<meta property=\"article:modified_time\" content=\"2020-03-18T14:54:59+00:00\" \/>\n<meta name=\"twitter:card\" content=\"summary_large_image\" \/>\n<meta name=\"twitter:label1\" content=\"Tiempo de lectura\" \/>\n\t<meta name=\"twitter:data1\" content=\"6 minutos\" \/>\n<script type=\"application\/ld+json\" class=\"yoast-schema-graph\">{\"@context\":\"https:\/\/schema.org\",\"@graph\":[{\"@type\":\"WebPage\",\"@id\":\"https:\/\/imoluso.com\/pt\/conciergerie\/\",\"url\":\"https:\/\/imoluso.com\/pt\/conciergerie\/\",\"name\":\"Conserje - ImoLuso\",\"isPartOf\":{\"@id\":\"https:\/\/imoluso.com\/#website\"},\"datePublished\":\"2020-03-03T15:39:34+00:00\",\"dateModified\":\"2020-03-18T14:54:59+00:00\",\"breadcrumb\":{\"@id\":\"https:\/\/imoluso.com\/pt\/conciergerie\/#breadcrumb\"},\"inLanguage\":\"es\",\"potentialAction\":[{\"@type\":\"ReadAction\",\"target\":[\"https:\/\/imoluso.com\/pt\/conciergerie\/\"]}]},{\"@type\":\"BreadcrumbList\",\"@id\":\"https:\/\/imoluso.com\/pt\/conciergerie\/#breadcrumb\",\"itemListElement\":[{\"@type\":\"ListItem\",\"position\":1,\"name\":\"In\u00edcio\",\"item\":\"https:\/\/imoluso.com\/\"},{\"@type\":\"ListItem\",\"position\":2,\"name\":\"Concierge\"}]},{\"@type\":\"WebSite\",\"@id\":\"https:\/\/imoluso.com\/#website\",\"url\":\"https:\/\/imoluso.com\/\",\"name\":\"ImoLuso\",\"description\":\"\",\"potentialAction\":[{\"@type\":\"SearchAction\",\"target\":{\"@type\":\"EntryPoint\",\"urlTemplate\":\"https:\/\/imoluso.com\/?s={search_term_string}\"},\"query-input\":{\"@type\":\"PropertyValueSpecification\",\"valueRequired\":true,\"valueName\":\"search_term_string\"}}],\"inLanguage\":\"es\"}]}<\/script>\n<!-- \/ Yoast SEO plugin. -->","yoast_head_json":{"title":"Conserje - ImoLuso","robots":{"index":"index","follow":"follow","max-snippet":"max-snippet:-1","max-image-preview":"max-image-preview:large","max-video-preview":"max-video-preview:-1"},"canonical":"https:\/\/imoluso.com\/pt\/conciergerie\/","og_locale":"es_ES","og_type":"article","og_title":"Conserje - ImoLuso","og_url":"https:\/\/imoluso.com\/pt\/conciergerie\/","og_site_name":"ImoLuso","article_modified_time":"2020-03-18T14:54:59+00:00","twitter_card":"summary_large_image","twitter_misc":{"Tiempo de lectura":"6 minutos"},"schema":{"@context":"https:\/\/schema.org","@graph":[{"@type":"WebPage","@id":"https:\/\/imoluso.com\/pt\/conciergerie\/","url":"https:\/\/imoluso.com\/pt\/conciergerie\/","name":"Conserje - ImoLuso","isPartOf":{"@id":"https:\/\/imoluso.com\/#website"},"datePublished":"2020-03-03T15:39:34+00:00","dateModified":"2020-03-18T14:54:59+00:00","breadcrumb":{"@id":"https:\/\/imoluso.com\/pt\/conciergerie\/#breadcrumb"},"inLanguage":"es","potentialAction":[{"@type":"ReadAction","target":["https:\/\/imoluso.com\/pt\/conciergerie\/"]}]},{"@type":"BreadcrumbList","@id":"https:\/\/imoluso.com\/pt\/conciergerie\/#breadcrumb","itemListElement":[{"@type":"ListItem","position":1,"name":"In\u00edcio","item":"https:\/\/imoluso.com\/"},{"@type":"ListItem","position":2,"name":"Concierge"}]},{"@type":"WebSite","@id":"https:\/\/imoluso.com\/#website","url":"https:\/\/imoluso.com\/","name":"ImoLuso","description":"","potentialAction":[{"@type":"SearchAction","target":{"@type":"EntryPoint","urlTemplate":"https:\/\/imoluso.com\/?s={search_term_string}"},"query-input":{"@type":"PropertyValueSpecification","valueRequired":true,"valueName":"search_term_string"}}],"inLanguage":"es"}]}},"jetpack_sharing_enabled":true,"_links":{"self":[{"href":"https:\/\/imoluso.com\/es\/wp-json\/wp\/v2\/pages\/8050","targetHints":{"allow":["GET"]}}],"collection":[{"href":"https:\/\/imoluso.com\/es\/wp-json\/wp\/v2\/pages"}],"about":[{"href":"https:\/\/imoluso.com\/es\/wp-json\/wp\/v2\/types\/page"}],"author":[{"embeddable":true,"href":"https:\/\/imoluso.com\/es\/wp-json\/wp\/v2\/users\/1"}],"replies":[{"embeddable":true,"href":"https:\/\/imoluso.com\/es\/wp-json\/wp\/v2\/comments?post=8050"}],"version-history":[{"count":25,"href":"https:\/\/imoluso.com\/es\/wp-json\/wp\/v2\/pages\/8050\/revisions"}],"predecessor-version":[{"id":8613,"href":"https:\/\/imoluso.com\/es\/wp-json\/wp\/v2\/pages\/8050\/revisions\/8613"}],"wp:attachment":[{"href":"https:\/\/imoluso.com\/es\/wp-json\/wp\/v2\/media?parent=8050"}],"curies":[{"name":"wp","href":"https:\/\/api.w.org\/{rel}","templated":true}]}}