{"id":8048,"date":"2020-03-03T15:38:44","date_gmt":"2020-03-03T15:38:44","guid":{"rendered":"http:\/\/imoluso.com\/?page_id=8048"},"modified":"2020-03-18T10:06:01","modified_gmt":"2020-03-18T10:06:01","slug":"accompagnement","status":"publish","type":"page","link":"https:\/\/imoluso.com\/es\/accompagnement\/","title":{"rendered":"Apoyo"},"content":{"rendered":"<p>[vc_row][vc_column width=\u00bb1\/2&#8243;][vc_column_text]Nuestra misi\u00f3n es apoyarlo en todos sus esfuerzos y garantizar que su proyecto tenga \u00e9xito y se convierta en una gran aventura. Estamos sobre todo escuchando sus deseos y sus necesidades.<\/p>\n<p>Comprender su proyecto es nuestro primer objetivo.<\/p>\n<p>Nuestra red de bufetes de abogados de bienes ra\u00edces, contadores p\u00fablicos, especialistas en impuestos, desarrolladores y bancos, nos brindan un servicio integral adaptado a su situaci\u00f3n y sus necesidades.<\/p>\n<p>Nuestra experiencia en el sector inmobiliario nos permite tener una visi\u00f3n transversal y brindarle un mejor soporte durante todo el proceso de adquisici\u00f3n.<\/p>\n<p>Nuestro equipo tambi\u00e9n lo apoya durante los procedimientos de instalaci\u00f3n en Portugal: electricidad, agua, internet, suscripci\u00f3n de un tel\u00e9fono m\u00f3vil, inscripci\u00f3n de ni\u00f1os en la escuela, mudanza, clases de portugu\u00e9s, mujer<br \/>\nlimpieza, tantos pasos que requieren esfuerzo cuando llegas a un pa\u00eds extranjero.<\/p>\n<p>Todo nuestro enfoque se basa en un asesoramiento personalizado y en la satisfacci\u00f3n final del cliente.<\/p>\n<p>Nuestra independencia nos permite buscar el producto que mejor satisfaga las necesidades y demandas del cliente.<\/p>\n<p>El gusto por el servicio y la escucha son el centro de nuestras preocupaciones.[\/vc_column_text][\/vc_column][vc_column width=\u00bb1\/2&#8243;][vc_single_image image=\u00bb8582&#8243; img_size=\u00bb500&#215;450&#8243; alignment=\u00bbcenter\u00bb][\/vc_column][\/vc_row][vc_row][vc_column][\/vc_column][\/vc_row]<\/p>\n","protected":false},"excerpt":{"rendered":"<p>[vc_row][vc_column width=\u00bb1\/2&#8243;][vc_column_text]Nuestra misi\u00f3n es apoyarlo en todos sus esfuerzos y garantizar que su proyecto tenga \u00e9xito y se convierta en una gran aventura. Estamos sobre todo escuchando sus deseos y sus necesidades. Comprender su proyecto es nuestro primer objetivo. Nuestra red de bufetes de abogados de bienes ra\u00edces, contadores p\u00fablicos, especialistas en impuestos, desarrolladores y [&hellip;]<\/p>\n","protected":false},"author":1,"featured_media":0,"parent":0,"menu_order":0,"comment_status":"closed","ping_status":"closed","template":"","meta":{"footnotes":""},"class_list":["post-8048","page","type-page","status-publish","hentry"],"translation":{"provider":"WPGlobus","version":"3.0.2","language":"es","enabled_languages":["en","fr","pt","es"],"languages":{"en":{"title":true,"content":true,"excerpt":false},"fr":{"title":true,"content":true,"excerpt":false},"pt":{"title":true,"content":true,"excerpt":false},"es":{"title":true,"content":true,"excerpt":false}}},"yoast_head":"<!-- This site is optimized with the Yoast SEO plugin v26.2 - https:\/\/yoast.com\/wordpress\/plugins\/seo\/ -->\n<title>Apoyo - ImoLuso<\/title>\n<meta name=\"robots\" content=\"index, follow, max-snippet:-1, max-image-preview:large, max-video-preview:-1\" \/>\n<link rel=\"canonical\" href=\"https:\/\/imoluso.com\/accompagnement\/\" \/>\n<meta property=\"og:locale\" content=\"es_ES\" \/>\n<meta property=\"og:type\" content=\"article\" \/>\n<meta property=\"og:title\" content=\"Apoyo - ImoLuso\" \/>\n<meta property=\"og:url\" content=\"https:\/\/imoluso.com\/accompagnement\/\" \/>\n<meta property=\"og:site_name\" content=\"ImoLuso\" \/>\n<meta property=\"article:modified_time\" content=\"2020-03-18T10:06:01+00:00\" \/>\n<meta name=\"twitter:card\" content=\"summary_large_image\" \/>\n<meta name=\"twitter:label1\" content=\"Tiempo de lectura\" \/>\n\t<meta name=\"twitter:data1\" content=\"5 minutos\" \/>\n<script type=\"application\/ld+json\" class=\"yoast-schema-graph\">{\"@context\":\"https:\/\/schema.org\",\"@graph\":[{\"@type\":\"WebPage\",\"@id\":\"https:\/\/imoluso.com\/accompagnement\/\",\"url\":\"https:\/\/imoluso.com\/accompagnement\/\",\"name\":\"Apoyo - ImoLuso\",\"isPartOf\":{\"@id\":\"https:\/\/imoluso.com\/#website\"},\"datePublished\":\"2020-03-03T15:38:44+00:00\",\"dateModified\":\"2020-03-18T10:06:01+00:00\",\"breadcrumb\":{\"@id\":\"https:\/\/imoluso.com\/accompagnement\/#breadcrumb\"},\"inLanguage\":\"es\",\"potentialAction\":[{\"@type\":\"ReadAction\",\"target\":[\"https:\/\/imoluso.com\/accompagnement\/\"]}]},{\"@type\":\"BreadcrumbList\",\"@id\":\"https:\/\/imoluso.com\/accompagnement\/#breadcrumb\",\"itemListElement\":[{\"@type\":\"ListItem\",\"position\":1,\"name\":\"In\u00edcio\",\"item\":\"https:\/\/imoluso.com\/\"},{\"@type\":\"ListItem\",\"position\":2,\"name\":\"Support\"}]},{\"@type\":\"WebSite\",\"@id\":\"https:\/\/imoluso.com\/#website\",\"url\":\"https:\/\/imoluso.com\/\",\"name\":\"ImoLuso\",\"description\":\"\",\"potentialAction\":[{\"@type\":\"SearchAction\",\"target\":{\"@type\":\"EntryPoint\",\"urlTemplate\":\"https:\/\/imoluso.com\/?s={search_term_string}\"},\"query-input\":{\"@type\":\"PropertyValueSpecification\",\"valueRequired\":true,\"valueName\":\"search_term_string\"}}],\"inLanguage\":\"es\"}]}<\/script>\n<!-- \/ Yoast SEO plugin. -->","yoast_head_json":{"title":"Apoyo - ImoLuso","robots":{"index":"index","follow":"follow","max-snippet":"max-snippet:-1","max-image-preview":"max-image-preview:large","max-video-preview":"max-video-preview:-1"},"canonical":"https:\/\/imoluso.com\/accompagnement\/","og_locale":"es_ES","og_type":"article","og_title":"Apoyo - ImoLuso","og_url":"https:\/\/imoluso.com\/accompagnement\/","og_site_name":"ImoLuso","article_modified_time":"2020-03-18T10:06:01+00:00","twitter_card":"summary_large_image","twitter_misc":{"Tiempo de lectura":"5 minutos"},"schema":{"@context":"https:\/\/schema.org","@graph":[{"@type":"WebPage","@id":"https:\/\/imoluso.com\/accompagnement\/","url":"https:\/\/imoluso.com\/accompagnement\/","name":"Apoyo - ImoLuso","isPartOf":{"@id":"https:\/\/imoluso.com\/#website"},"datePublished":"2020-03-03T15:38:44+00:00","dateModified":"2020-03-18T10:06:01+00:00","breadcrumb":{"@id":"https:\/\/imoluso.com\/accompagnement\/#breadcrumb"},"inLanguage":"es","potentialAction":[{"@type":"ReadAction","target":["https:\/\/imoluso.com\/accompagnement\/"]}]},{"@type":"BreadcrumbList","@id":"https:\/\/imoluso.com\/accompagnement\/#breadcrumb","itemListElement":[{"@type":"ListItem","position":1,"name":"In\u00edcio","item":"https:\/\/imoluso.com\/"},{"@type":"ListItem","position":2,"name":"Support"}]},{"@type":"WebSite","@id":"https:\/\/imoluso.com\/#website","url":"https:\/\/imoluso.com\/","name":"ImoLuso","description":"","potentialAction":[{"@type":"SearchAction","target":{"@type":"EntryPoint","urlTemplate":"https:\/\/imoluso.com\/?s={search_term_string}"},"query-input":{"@type":"PropertyValueSpecification","valueRequired":true,"valueName":"search_term_string"}}],"inLanguage":"es"}]}},"jetpack_sharing_enabled":true,"_links":{"self":[{"href":"https:\/\/imoluso.com\/es\/wp-json\/wp\/v2\/pages\/8048","targetHints":{"allow":["GET"]}}],"collection":[{"href":"https:\/\/imoluso.com\/es\/wp-json\/wp\/v2\/pages"}],"about":[{"href":"https:\/\/imoluso.com\/es\/wp-json\/wp\/v2\/types\/page"}],"author":[{"embeddable":true,"href":"https:\/\/imoluso.com\/es\/wp-json\/wp\/v2\/users\/1"}],"replies":[{"embeddable":true,"href":"https:\/\/imoluso.com\/es\/wp-json\/wp\/v2\/comments?post=8048"}],"version-history":[{"count":19,"href":"https:\/\/imoluso.com\/es\/wp-json\/wp\/v2\/pages\/8048\/revisions"}],"predecessor-version":[{"id":8586,"href":"https:\/\/imoluso.com\/es\/wp-json\/wp\/v2\/pages\/8048\/revisions\/8586"}],"wp:attachment":[{"href":"https:\/\/imoluso.com\/es\/wp-json\/wp\/v2\/media?parent=8048"}],"curies":[{"name":"wp","href":"https:\/\/api.w.org\/{rel}","templated":true}]}}