{"id":748,"date":"2016-03-10T18:52:12","date_gmt":"2016-03-10T18:52:12","guid":{"rendered":"http:\/\/houzez01.favethemes.com\/?page_id=748"},"modified":"2020-03-18T10:07:48","modified_gmt":"2020-03-18T10:07:48","slug":"documents-necessaire-a-la-transaction","status":"publish","type":"page","link":"https:\/\/imoluso.com\/es\/documents-necessaire-a-la-transaction\/","title":{"rendered":"Documentos requeridos para la transacci\u00f3n"},"content":{"rendered":"<p>[vc_row][vc_column width=\u00bb1\/2&#8243;][vc_column_text]Durante una transacci\u00f3n de bienes ra\u00edces, se necesita un cierto n\u00famero de documentos tanto para el agente de bienes ra\u00edces como para el abogado que aprobar\u00e1 la escritura de venta.<\/p>\n<p>Aqu\u00ed hay una lista no exhaustiva:<\/p>\n<p><strong>Certid\u00e3o de Teor da Conservat\u00f3ria do Registo predial:<\/strong><br \/>\n(Certificado de registro de la propiedad en la oficina de registro de tierras : )<br \/>\nDocumento que indica si la propiedad est\u00e1 libre de todas las deudas, hipotecas y si est\u00e1 registrada a nombre del vendedor.<\/p>\n<p><strong>Caderneta Predial das Finan\u00e7as:<\/strong><br \/>\n(Registro de la propiedad en la matriz de tierra : )<br \/>\nEste documento es el t\u00edtulo de propiedad de la propiedad, indica la ubicaci\u00f3n y su descripci\u00f3n.<\/p>\n<p><strong>Licen\u00e7a de Utiliza\u00e7\u00e3o da C\u00e2mara Municipal, Sec\u00e7\u00e3o de Obras:<\/strong><br \/>\nTodas las casas construidas despu\u00e9s de 1951 deben tener este documento del Ayuntamiento, que tambi\u00e9n se llama Licencia<br \/>\nde vivienda.<\/p>\n<p><strong>Documentos de identidad o pasaporte:<\/strong><br \/>\nLos compradores y vendedores deben proporcionar sus documentos de identidad o pasaportes y sus TIN.<\/p>\n<p><strong>Ficha T\u00e9cnica de Habita\u00e7\u00e3o:<\/strong><br \/>\nTodas las propiedades construidas o modificadas despu\u00e9s del 1 de enero de 2003 en Portugal est\u00e1n obligadas por ley a tener una Ficha T\u00e9cnica de Vivienda (Ficha T\u00e9cnica de Habita\u00e7\u00e3o). Este documento contiene informaci\u00f3n sobre la propiedad, incluyendo<br \/>\nincluyendo detalles del fabricante, materiales de construcci\u00f3n utilizados y hojas de datos.<\/p>\n<p><strong>Certificado Energ\u00e9tico:<\/strong><br \/>\n(Certificado energ\u00e9tico : )<br \/>\nAntes de una venta, el vendedor debe realizar un diagn\u00f3stico energ\u00e9tico de la propiedad.<\/p>\n<p><em>*Toda la informaci\u00f3n y los valores mencionados est\u00e1n sujetos a modificaciones de acuerdo con actualizaciones legales<\/em>[\/vc_column_text][\/vc_column][vc_column width=\u00bb1\/2&#8243;][vc_single_image image=\u00bb8587&#8243; img_size=\u00bb500&#215;550&#8243; alignment=\u00bbcenter\u00bb][\/vc_column][\/vc_row]<\/p>\n","protected":false},"excerpt":{"rendered":"<p>[vc_row][vc_column width=\u00bb1\/2&#8243;][vc_column_text]Durante una transacci\u00f3n de bienes ra\u00edces, se necesita un cierto n\u00famero de documentos tanto para el agente de bienes ra\u00edces como para el abogado que aprobar\u00e1 la escritura de venta. Aqu\u00ed hay una lista no exhaustiva: Certid\u00e3o de Teor da Conservat\u00f3ria do Registo predial: (Certificado de registro de la propiedad en la oficina de [&hellip;]<\/p>\n","protected":false},"author":1,"featured_media":0,"parent":0,"menu_order":0,"comment_status":"closed","ping_status":"closed","template":"","meta":{"footnotes":""},"class_list":["post-748","page","type-page","status-publish","hentry"],"translation":{"provider":"WPGlobus","version":"3.0.2","language":"es","enabled_languages":["en","fr","pt","es"],"languages":{"en":{"title":true,"content":true,"excerpt":false},"fr":{"title":true,"content":true,"excerpt":false},"pt":{"title":true,"content":true,"excerpt":false},"es":{"title":true,"content":true,"excerpt":false}}},"yoast_head":"<!-- This site is optimized with the Yoast SEO plugin v26.2 - https:\/\/yoast.com\/wordpress\/plugins\/seo\/ -->\n<title>Documentos requeridos para la transacci\u00f3n - ImoLuso<\/title>\n<meta name=\"robots\" content=\"index, follow, max-snippet:-1, max-image-preview:large, max-video-preview:-1\" \/>\n<link rel=\"canonical\" href=\"https:\/\/imoluso.com\/documents-necessaire-a-la-transaction\/\" \/>\n<meta property=\"og:locale\" content=\"es_ES\" \/>\n<meta property=\"og:type\" content=\"article\" \/>\n<meta property=\"og:title\" content=\"Documentos requeridos para la transacci\u00f3n - ImoLuso\" \/>\n<meta property=\"og:url\" content=\"https:\/\/imoluso.com\/documents-necessaire-a-la-transaction\/\" \/>\n<meta property=\"og:site_name\" content=\"ImoLuso\" \/>\n<meta property=\"article:modified_time\" content=\"2020-03-18T10:07:48+00:00\" \/>\n<meta name=\"twitter:card\" content=\"summary_large_image\" \/>\n<meta name=\"twitter:label1\" content=\"Tiempo de lectura\" \/>\n\t<meta name=\"twitter:data1\" content=\"6 minutos\" \/>\n<script type=\"application\/ld+json\" class=\"yoast-schema-graph\">{\"@context\":\"https:\/\/schema.org\",\"@graph\":[{\"@type\":\"WebPage\",\"@id\":\"https:\/\/imoluso.com\/documents-necessaire-a-la-transaction\/\",\"url\":\"https:\/\/imoluso.com\/documents-necessaire-a-la-transaction\/\",\"name\":\"Documentos requeridos para la transacci\u00f3n - ImoLuso\",\"isPartOf\":{\"@id\":\"https:\/\/imoluso.com\/#website\"},\"datePublished\":\"2016-03-10T18:52:12+00:00\",\"dateModified\":\"2020-03-18T10:07:48+00:00\",\"breadcrumb\":{\"@id\":\"https:\/\/imoluso.com\/documents-necessaire-a-la-transaction\/#breadcrumb\"},\"inLanguage\":\"es\",\"potentialAction\":[{\"@type\":\"ReadAction\",\"target\":[\"https:\/\/imoluso.com\/documents-necessaire-a-la-transaction\/\"]}]},{\"@type\":\"BreadcrumbList\",\"@id\":\"https:\/\/imoluso.com\/documents-necessaire-a-la-transaction\/#breadcrumb\",\"itemListElement\":[{\"@type\":\"ListItem\",\"position\":1,\"name\":\"In\u00edcio\",\"item\":\"https:\/\/imoluso.com\/\"},{\"@type\":\"ListItem\",\"position\":2,\"name\":\"Documents Required For Transaction\"}]},{\"@type\":\"WebSite\",\"@id\":\"https:\/\/imoluso.com\/#website\",\"url\":\"https:\/\/imoluso.com\/\",\"name\":\"ImoLuso\",\"description\":\"\",\"potentialAction\":[{\"@type\":\"SearchAction\",\"target\":{\"@type\":\"EntryPoint\",\"urlTemplate\":\"https:\/\/imoluso.com\/?s={search_term_string}\"},\"query-input\":{\"@type\":\"PropertyValueSpecification\",\"valueRequired\":true,\"valueName\":\"search_term_string\"}}],\"inLanguage\":\"es\"}]}<\/script>\n<!-- \/ Yoast SEO plugin. -->","yoast_head_json":{"title":"Documentos requeridos para la transacci\u00f3n - ImoLuso","robots":{"index":"index","follow":"follow","max-snippet":"max-snippet:-1","max-image-preview":"max-image-preview:large","max-video-preview":"max-video-preview:-1"},"canonical":"https:\/\/imoluso.com\/documents-necessaire-a-la-transaction\/","og_locale":"es_ES","og_type":"article","og_title":"Documentos requeridos para la transacci\u00f3n - ImoLuso","og_url":"https:\/\/imoluso.com\/documents-necessaire-a-la-transaction\/","og_site_name":"ImoLuso","article_modified_time":"2020-03-18T10:07:48+00:00","twitter_card":"summary_large_image","twitter_misc":{"Tiempo de lectura":"6 minutos"},"schema":{"@context":"https:\/\/schema.org","@graph":[{"@type":"WebPage","@id":"https:\/\/imoluso.com\/documents-necessaire-a-la-transaction\/","url":"https:\/\/imoluso.com\/documents-necessaire-a-la-transaction\/","name":"Documentos requeridos para la transacci\u00f3n - ImoLuso","isPartOf":{"@id":"https:\/\/imoluso.com\/#website"},"datePublished":"2016-03-10T18:52:12+00:00","dateModified":"2020-03-18T10:07:48+00:00","breadcrumb":{"@id":"https:\/\/imoluso.com\/documents-necessaire-a-la-transaction\/#breadcrumb"},"inLanguage":"es","potentialAction":[{"@type":"ReadAction","target":["https:\/\/imoluso.com\/documents-necessaire-a-la-transaction\/"]}]},{"@type":"BreadcrumbList","@id":"https:\/\/imoluso.com\/documents-necessaire-a-la-transaction\/#breadcrumb","itemListElement":[{"@type":"ListItem","position":1,"name":"In\u00edcio","item":"https:\/\/imoluso.com\/"},{"@type":"ListItem","position":2,"name":"Documents Required For Transaction"}]},{"@type":"WebSite","@id":"https:\/\/imoluso.com\/#website","url":"https:\/\/imoluso.com\/","name":"ImoLuso","description":"","potentialAction":[{"@type":"SearchAction","target":{"@type":"EntryPoint","urlTemplate":"https:\/\/imoluso.com\/?s={search_term_string}"},"query-input":{"@type":"PropertyValueSpecification","valueRequired":true,"valueName":"search_term_string"}}],"inLanguage":"es"}]}},"jetpack_sharing_enabled":true,"_links":{"self":[{"href":"https:\/\/imoluso.com\/es\/wp-json\/wp\/v2\/pages\/748","targetHints":{"allow":["GET"]}}],"collection":[{"href":"https:\/\/imoluso.com\/es\/wp-json\/wp\/v2\/pages"}],"about":[{"href":"https:\/\/imoluso.com\/es\/wp-json\/wp\/v2\/types\/page"}],"author":[{"embeddable":true,"href":"https:\/\/imoluso.com\/es\/wp-json\/wp\/v2\/users\/1"}],"replies":[{"embeddable":true,"href":"https:\/\/imoluso.com\/es\/wp-json\/wp\/v2\/comments?post=748"}],"version-history":[{"count":19,"href":"https:\/\/imoluso.com\/es\/wp-json\/wp\/v2\/pages\/748\/revisions"}],"predecessor-version":[{"id":8591,"href":"https:\/\/imoluso.com\/es\/wp-json\/wp\/v2\/pages\/748\/revisions\/8591"}],"wp:attachment":[{"href":"https:\/\/imoluso.com\/es\/wp-json\/wp\/v2\/media?parent=748"}],"curies":[{"name":"wp","href":"https:\/\/api.w.org\/{rel}","templated":true}]}}