{"id":745,"date":"2016-03-10T18:51:46","date_gmt":"2016-03-10T18:51:46","guid":{"rendered":"http:\/\/houzez01.favethemes.com\/?page_id=745"},"modified":"2020-03-30T11:43:25","modified_gmt":"2020-03-30T11:43:25","slug":"terms-and-conditions","status":"publish","type":"page","link":"https:\/\/imoluso.com\/es\/terms-and-conditions\/","title":{"rendered":"T\u00e9rminos y Condiciones"},"content":{"rendered":"<p>Imonovo &#8211; <span style=\"color: red;\"> Real Estate, Unipessoal, Lda <\/span>, con sede <span style=\"color: red;\"> Calle 25 de Abril, Edificio Horizonte, Fr C4, Olhos de \u00c1gua, Albufeira <\/span>, n\u00famero de persona jur\u00eddica _ _ _ _ y n\u00famero de licencia AMI <span style=\"color: red;\"> 5729 <\/span>, es el propietario de este sitio web. El uso de <span style=\"color: red;\"> https:\/\/www.gestalambre.com\/ <\/span> reconoce los t\u00e9rminos y condiciones generales que se enumeran y describen a continuaci\u00f3n. Su aceptaci\u00f3n es absolutamente esencial para el uso de los servicios y la informaci\u00f3n proporcionados aqu\u00ed. Si no est\u00e1 de acuerdo con ellos, debe dejar de usar este sitio web de inmediato.<\/p>\n<p><span style=\"color: red;\"> https:\/\/www.gestalambre.com\/ <\/span> es un servicio en l\u00ednea con el objetivo de distribuir informaci\u00f3n sobre propiedades adecuadas para la venta, alquiler, trueque o transferencia, as\u00ed como para difundir y promover sus caracter\u00edsticas y condiciones, incluido su precio.<\/p>\n<p>Imonovo &#8211; <span style=\"color: red;\"> Media\u00e7\u00e3o Imobili\u00e1ria, Unipessoal, Lda <\/span> se reserva el derecho, en cualquier momento, sin previo aviso y con efecto inmediato, de cambiar, agregar, actualizar , elimine, parcial o totalmente, estos T\u00e9rminos y condiciones de uso y Pol\u00edtica de privacidad. Garantizar, en cualquier circunstancia, la calidad, seguridad, legalidad, veracidad y exactitud de la informaci\u00f3n de las respectivas propiedades y ofertas publicadas en el sitio web. El usuario debe consultar peri\u00f3dicamente la p\u00e1gina de estos T\u00e9rminos y condiciones de uso y la Pol\u00edtica de privacidad para confirmar si se han realizado actualizaciones o cambios. Si no est\u00e1 de acuerdo con ninguno de estos, no debe usar este sitio web.<\/p>\n<p><strong> USO DEL SITIO WEB <\/strong><br \/>\nLos usuarios que visitan el sitio web pueden acceder y leer todo el contenido que contiene, sin la necesidad de registrar datos o informaci\u00f3n personal. Sin embargo, solo los usuarios registrados o aquellos con el env\u00edo de formularios completos para reservar visitas o solicitudes de contactos comerciales ser\u00e1n contactados e informados sobre las propiedades y servicios disponibles a trav\u00e9s de la direcci\u00f3n electr\u00f3nica o el tel\u00e9fono previamente enviado en sus propios formularios. Recibir\u00e1n actualizaciones e informaci\u00f3n sobre los servicios y propiedades disponibles en Imonovo &#8211; <span style=\"color: red;\"> Media\u00e7\u00e3o Imobili\u00e1ria, Unipessoal, Lda <\/span>, si han aceptado previamente en el respectivo registro o formulario enviado, comunicaci\u00f3n para este efecto<\/p>\n<p>Este sitio web, o cualquiera de nuestros servicios, no debe utilizarse:<\/p>\n<p>Por cualquier raz\u00f3n o prop\u00f3sito que sea ilegal, difamatorio, ofensivo, da\u00f1ino, abusivo, invasivo de la privacidad de otros u objetable;<br \/>\nDe una manera que podr\u00eda da\u00f1ar o interrumpir este sitio web o cualquiera de nuestros servicios, o el uso pac\u00edfico de otros usuarios;<br \/>\nPara transmitir virus u otro c\u00f3digo malicioso que pueda da\u00f1ar o interrumpir equipos o sistemas inform\u00e1ticos (hardware o software) o equipos de telecomunicaciones;<br \/>\nPara que pueda ofender a otros o da\u00f1ar a Imonovo &#8211; <span style=\"color: red;\"> Media\u00e7\u00e3o Imobili\u00e1ria, Unipessoal, Lda <\/span>, es decir, enviar o poner a disposici\u00f3n cualquier contenido ilegal, falso, enga\u00f1oso, amenazante, malicioso, abusivo, difamatorio, insultante, invasivo de la privacidad, da\u00f1ino o incluso que puede afectar negativamente la imagen o actividad de Imonovo &#8211; <span style=\"color: red;\"> Media\u00e7\u00e3o Imobili\u00e1ria, Unipessoal, Lda <\/span>;<br \/>\nPara promover cualquier tipo de actividad comercial, o para enviar o poner a disposici\u00f3n informaci\u00f3n o contenido que pertenece a terceros y que no tiene derecho a usar, por ejemplo, contenido protegido por derechos de autor de terceros o contenido que contenga datos personales de terceros.<br \/>\nEn general, el usuario debe utilizar el sitio web de manera responsable, prudente y cuidadosa, y no debe alterar ni da\u00f1ar su continuidad o integridad.<\/p>\n<p>Imonovo &#8211; <span style=\"color: red;\"> Media\u00e7\u00e3o Imobili\u00e1ria, Unipessoal, Lda <\/span> no se hace responsable de los da\u00f1os directos, indirectos y negligentes derivados del uso de la informaci\u00f3n contenida en este sitio web o el sitio web en s\u00ed, as\u00ed como conducta perjudicial o perturbadora del usuario.<\/p>\n<p><strong> INFORMACI\u00d3N Y CONTENIDO DE ESTE SITIO WEB <\/strong><br \/>\nTodos los contenidos e informaci\u00f3n publicados en este sitio web son responsabilidad de Imonovo &#8211; <span style=\"color: red;\"> Media\u00e7\u00e3o Imobili\u00e1ria, Unipessoal, Lda <\/span> que garantiza su veracidad y transparencia. Nos esforzamos por proporcionar informaci\u00f3n \u00fatil, actualizada y ajustada a la realidad. Sin embargo, puede no ser correcto o estar completamente actualizado. En este sentido, no podemos ser responsables de ninguna acci\u00f3n tomada como resultado de o basada en la informaci\u00f3n contenida o proporcionada por este sitio web, ya sea en una acci\u00f3n contractual, negligencia u otra acci\u00f3n ilegal. A trav\u00e9s de <span style=\"color: red;\"> geral@gestalambre.com <\/span> siempre puede enviar sus sugerencias o erratas.<br \/>\nImonovo &#8211; <span style=\"color: red;\"> Media\u00e7\u00e3o Imobili\u00e1ria, Unipessoal, Lda <\/span> se reserva el derecho de mover, cambiar, eliminar el sitio web o su contenido (incluido el contenido de los usuarios registrados, si el caso) en cualquier momento y por cualquier motivo. Por lo tanto, debe conservar una copia de cualquier contenido que cargue en el sitio web, que desea conservar. Una vez que haya subido el contenido, puede elegir eliminarlo en cualquier momento.<br \/>\nSi desea informar sus inquietudes con respecto a cualquier contenido disponible en este sitio, env\u00ede un correo electr\u00f3nico directamente a <span style=\"color: red;\"> geral@gestalambre.com <\/span>.<\/p>\n<p><strong> REGISTRO DE DATOS <\/strong><br \/>\nEst\u00e1 permitido registrar datos de todos los usuarios interesados \u200b\u200ben recibir informaci\u00f3n o hacer una cita sobre una determinada propiedad o servicio anunciado y publicado aqu\u00ed.<br \/>\nRegistrarse o completar formularios es gratis.<br \/>\nPara registrarse como usuario interesado en una oferta, propiedad o servicio espec\u00edfico, debe completar el formulario y seleccionar el que desea: visite la cita o solicite informaci\u00f3n.<br \/>\nLos datos personales de cada usuario se conservar\u00e1n mientras la suscripci\u00f3n y \/ o los pedidos del usuario est\u00e9n activos, con el fin de mejorar los servicios ofrecidos, de modo que despu\u00e9s de su vencimiento, ser\u00e1n despersonalizados y no identificables.<br \/>\nPuede cuestionar los datos y puede solicitar que se eliminen, rectifiquen, actualicen o completen. Estas solicitudes deben enviarse a <span style=\"color: red;\"> geral@gestalambre.com <\/span>.<\/p>\n<p>Sugerimos consultar la Pol\u00edtica de privacidad de este sitio web.<\/p>\n<p><strong> USO DE HIPERVINCULOS <\/strong><br \/>\nEl contenido de este sitio web puede incluir hiperv\u00ednculos a otros sitios que no son operados por Imonovo &#8211; <span style=\"color: red;\"> Media\u00e7\u00e3o Imobili\u00e1ria, Unipessoal, Lda <\/span>. Imonovo &#8211; <span style=\"color: red;\"> Media\u00e7\u00e3o Imobili\u00e1ria, Unipessoal, Lda <\/span> no es responsable del contenido de ning\u00fan otro sitio web, incluidos aquellos que dan acceso al presente o cuyo acceso se ha obtenido a trav\u00e9s de nuestro Sitio web Imonovo &#8211; <span style=\"color: red;\"> Media\u00e7\u00e3o Imobili\u00e1ria, Unipessoal, Lda <\/span> no respalda ning\u00fan sitio vinculado ni los productos \/ servicios que se proporcionan en estos sitios. El contenido de los sitios vinculados puede cambiar con el tiempo. Se recomienda verificar los t\u00e9rminos y pol\u00edticas de los Sitios Enlazados.<\/p>\n<p>Al proporcionar en este sitio web un hiperv\u00ednculo a un sitio web externo, Imonovo &#8211; <span style=\"color: red;\"> Media\u00e7\u00e3o Imobili\u00e1ria, Unipessoal, Lda <\/span> lo hace de buena fe que contiene o puede contener informaci\u00f3n informaci\u00f3n relevante para los presentados en su propio sitio web. La existencia de este hiperv\u00ednculo no implica ni implica su revisi\u00f3n y aprobaci\u00f3n por parte de Imonovo &#8211; <span style=\"color: red;\"> Media\u00e7\u00e3o Imobili\u00e1ria, Unipessoal, Lda <\/span> &#8211; en ciertos casos, un hiperv\u00ednculo puede llevarlo para acceder a un sitio web que presenta informaci\u00f3n contradictoria a la presentada en nuestro sitio web u otro que pertenece a Imonovo &#8211; <span style=\"color: red;\"> Media\u00e7\u00e3o Imobili\u00e1ria, Unipessoal, Lda <\/span> o sus filiales.<\/p>\n<p><strong> NUESTRA RESPONSABILIDAD Y CONTACTOS <\/strong><br \/>\nImonovo &#8211; <span style=\"color: red;\"> Media\u00e7\u00e3o Imobili\u00e1ria, Unipessoal, Lda <\/span> no se hace responsable de ninguna p\u00e9rdida o da\u00f1o directo, indirecto o espec\u00edfico ni de ninguna otra consecuencia derivada del acceso o uso de este sitio web, ni cualquier informaci\u00f3n contenida en el mismo. Sin embargo, estamos disponibles para discutir con el usuario las implicaciones de cualquier problema que pueda surgir, y debe comunicarse con nosotros a trav\u00e9s de nuestro sitio web en <span style=\"color: red;\"> https:\/\/www.gestalambre.com\/ (contactos) <\/span>, a trav\u00e9s de la direcci\u00f3n <span style=\"color: red;\"> Rua 25 de Abril, Edificio Horizonte, Fr C4, Olhos de \u00c1gua, Albufeira <\/span>, desde nuestro tel\u00e9fono <span style=\"color: red;\"> 289502006 <\/span>, o mediante la direcci\u00f3n de correo electr\u00f3nico <span style=\"color: red;\"> geral@gestalambre.com <\/span>.<\/p>\n<p>Al acceder a nuestra \u00e1rea de contacto, el usuario aceptar\u00e1 que la informaci\u00f3n que nos proporciona, a trav\u00e9s de ese contacto, ser\u00e1 retenida por Imonovo &#8211; <span style=\"color: red;\"> Media\u00e7\u00e3o Imobili\u00e1ria, Unipessoal, Lda<\/span>, que podr\u00e1 usarlo en los t\u00e9rminos que considere m\u00e1s apropiados, y no hay lugar, bajo ninguna circunstancia, a ning\u00fan derecho o pago a su favor para tal uso.<\/p>\n<p>En la medida m\u00e1xima permitida por la ley, todas las garant\u00edas, expresas o impl\u00edcitas, cargos o garant\u00edas, representaciones y otros t\u00e9rminos y condiciones de cualquier tipo relacionados con este sitio web o materia no contenida en estos T\u00e9rminos y condiciones est\u00e1n expresamente excluidos.<\/p>\n<p>Nada en estos T\u00e9rminos de uso excluye, restringe o modifica ning\u00fan derecho o recurso, o cualquier garant\u00eda, u otro t\u00e9rmino o condici\u00f3n, impl\u00edcito o impuesto por cualquier legislaci\u00f3n que no pueda ser legalmente excluida o limitada. Esto puede incluir legislaci\u00f3n relacionada con los derechos del consumidor, en territorio portugu\u00e9s, que contiene garant\u00edas que protegen a los consumidores de bienes y servicios en ciertas circunstancias.<\/p>\n<p>La responsabilidad de una parte hacia otra parte se reduce en la medida en que los actos u omisiones de la otra parte, o los de un tercero, contribuyan o causen dicha responsabilidad.<\/p>\n<p>Aunque hemos desarrollado las acciones correspondientes para mantener este sitio web libre de virus inform\u00e1ticos u otra codificaci\u00f3n da\u00f1ina, no podemos garantizar que este sea el caso. Por lo tanto, debe usar software de seguridad, actualizado en todo momento, para proteger su computadora de dicho software malicioso.<\/p>\n<p>Si bien hacemos todos los esfuerzos comerciales razonables para mantener este sitio web disponible, no garantizamos que sea accesible o est\u00e9 disponible de manera constante o que el acceso no se interrumpa o est\u00e9 libre de errores.<\/p>\n","protected":false},"excerpt":{"rendered":"<p>Imonovo &#8211; Real Estate, Unipessoal, Lda , con sede Calle 25 de Abril, Edificio Horizonte, Fr C4, Olhos de \u00c1gua, Albufeira , n\u00famero de persona jur\u00eddica _ _ _ _ y n\u00famero de licencia AMI 5729 , es el propietario de este sitio web. El uso de https:\/\/www.gestalambre.com\/ reconoce los t\u00e9rminos y condiciones generales que [&hellip;]<\/p>\n","protected":false},"author":1,"featured_media":0,"parent":0,"menu_order":0,"comment_status":"closed","ping_status":"closed","template":"","meta":{"footnotes":""},"class_list":["post-745","page","type-page","status-publish","hentry"],"translation":{"provider":"WPGlobus","version":"3.0.2","language":"es","enabled_languages":["en","fr","pt","es"],"languages":{"en":{"title":true,"content":true,"excerpt":false},"fr":{"title":true,"content":true,"excerpt":false},"pt":{"title":true,"content":true,"excerpt":false},"es":{"title":true,"content":true,"excerpt":false}}},"yoast_head":"<!-- This site is optimized with the Yoast SEO plugin v26.2 - https:\/\/yoast.com\/wordpress\/plugins\/seo\/ -->\n<title>T\u00e9rminos y Condiciones - ImoLuso<\/title>\n<meta name=\"robots\" content=\"index, follow, max-snippet:-1, max-image-preview:large, max-video-preview:-1\" \/>\n<link rel=\"canonical\" href=\"https:\/\/imoluso.com\/pt\/terms-and-conditions\/\" \/>\n<meta property=\"og:locale\" content=\"es_ES\" \/>\n<meta property=\"og:type\" content=\"article\" \/>\n<meta property=\"og:title\" content=\"T\u00e9rminos y Condiciones - ImoLuso\" \/>\n<meta property=\"og:url\" content=\"https:\/\/imoluso.com\/pt\/terms-and-conditions\/\" \/>\n<meta property=\"og:site_name\" content=\"ImoLuso\" \/>\n<meta property=\"article:modified_time\" content=\"2020-03-30T11:43:25+00:00\" \/>\n<meta name=\"twitter:card\" content=\"summary_large_image\" \/>\n<meta name=\"twitter:label1\" content=\"Tiempo de lectura\" \/>\n\t<meta name=\"twitter:data1\" content=\"32 minutos\" \/>\n<script type=\"application\/ld+json\" class=\"yoast-schema-graph\">{\"@context\":\"https:\/\/schema.org\",\"@graph\":[{\"@type\":\"WebPage\",\"@id\":\"https:\/\/imoluso.com\/pt\/terms-and-conditions\/\",\"url\":\"https:\/\/imoluso.com\/pt\/terms-and-conditions\/\",\"name\":\"T\u00e9rminos y Condiciones - ImoLuso\",\"isPartOf\":{\"@id\":\"https:\/\/imoluso.com\/#website\"},\"datePublished\":\"2016-03-10T18:51:46+00:00\",\"dateModified\":\"2020-03-30T11:43:25+00:00\",\"breadcrumb\":{\"@id\":\"https:\/\/imoluso.com\/pt\/terms-and-conditions\/#breadcrumb\"},\"inLanguage\":\"es\",\"potentialAction\":[{\"@type\":\"ReadAction\",\"target\":[\"https:\/\/imoluso.com\/pt\/terms-and-conditions\/\"]}]},{\"@type\":\"BreadcrumbList\",\"@id\":\"https:\/\/imoluso.com\/pt\/terms-and-conditions\/#breadcrumb\",\"itemListElement\":[{\"@type\":\"ListItem\",\"position\":1,\"name\":\"In\u00edcio\",\"item\":\"https:\/\/imoluso.com\/\"},{\"@type\":\"ListItem\",\"position\":2,\"name\":\"Termos e Condi\u00e7\u00f5es\"}]},{\"@type\":\"WebSite\",\"@id\":\"https:\/\/imoluso.com\/#website\",\"url\":\"https:\/\/imoluso.com\/\",\"name\":\"ImoLuso\",\"description\":\"\",\"potentialAction\":[{\"@type\":\"SearchAction\",\"target\":{\"@type\":\"EntryPoint\",\"urlTemplate\":\"https:\/\/imoluso.com\/?s={search_term_string}\"},\"query-input\":{\"@type\":\"PropertyValueSpecification\",\"valueRequired\":true,\"valueName\":\"search_term_string\"}}],\"inLanguage\":\"es\"}]}<\/script>\n<!-- \/ Yoast SEO plugin. -->","yoast_head_json":{"title":"T\u00e9rminos y Condiciones - ImoLuso","robots":{"index":"index","follow":"follow","max-snippet":"max-snippet:-1","max-image-preview":"max-image-preview:large","max-video-preview":"max-video-preview:-1"},"canonical":"https:\/\/imoluso.com\/pt\/terms-and-conditions\/","og_locale":"es_ES","og_type":"article","og_title":"T\u00e9rminos y Condiciones - ImoLuso","og_url":"https:\/\/imoluso.com\/pt\/terms-and-conditions\/","og_site_name":"ImoLuso","article_modified_time":"2020-03-30T11:43:25+00:00","twitter_card":"summary_large_image","twitter_misc":{"Tiempo de lectura":"32 minutos"},"schema":{"@context":"https:\/\/schema.org","@graph":[{"@type":"WebPage","@id":"https:\/\/imoluso.com\/pt\/terms-and-conditions\/","url":"https:\/\/imoluso.com\/pt\/terms-and-conditions\/","name":"T\u00e9rminos y Condiciones - ImoLuso","isPartOf":{"@id":"https:\/\/imoluso.com\/#website"},"datePublished":"2016-03-10T18:51:46+00:00","dateModified":"2020-03-30T11:43:25+00:00","breadcrumb":{"@id":"https:\/\/imoluso.com\/pt\/terms-and-conditions\/#breadcrumb"},"inLanguage":"es","potentialAction":[{"@type":"ReadAction","target":["https:\/\/imoluso.com\/pt\/terms-and-conditions\/"]}]},{"@type":"BreadcrumbList","@id":"https:\/\/imoluso.com\/pt\/terms-and-conditions\/#breadcrumb","itemListElement":[{"@type":"ListItem","position":1,"name":"In\u00edcio","item":"https:\/\/imoluso.com\/"},{"@type":"ListItem","position":2,"name":"Termos e Condi\u00e7\u00f5es"}]},{"@type":"WebSite","@id":"https:\/\/imoluso.com\/#website","url":"https:\/\/imoluso.com\/","name":"ImoLuso","description":"","potentialAction":[{"@type":"SearchAction","target":{"@type":"EntryPoint","urlTemplate":"https:\/\/imoluso.com\/?s={search_term_string}"},"query-input":{"@type":"PropertyValueSpecification","valueRequired":true,"valueName":"search_term_string"}}],"inLanguage":"es"}]}},"jetpack_sharing_enabled":true,"_links":{"self":[{"href":"https:\/\/imoluso.com\/es\/wp-json\/wp\/v2\/pages\/745","targetHints":{"allow":["GET"]}}],"collection":[{"href":"https:\/\/imoluso.com\/es\/wp-json\/wp\/v2\/pages"}],"about":[{"href":"https:\/\/imoluso.com\/es\/wp-json\/wp\/v2\/types\/page"}],"author":[{"embeddable":true,"href":"https:\/\/imoluso.com\/es\/wp-json\/wp\/v2\/users\/1"}],"replies":[{"embeddable":true,"href":"https:\/\/imoluso.com\/es\/wp-json\/wp\/v2\/comments?post=745"}],"version-history":[{"count":10,"href":"https:\/\/imoluso.com\/es\/wp-json\/wp\/v2\/pages\/745\/revisions"}],"predecessor-version":[{"id":8772,"href":"https:\/\/imoluso.com\/es\/wp-json\/wp\/v2\/pages\/745\/revisions\/8772"}],"wp:attachment":[{"href":"https:\/\/imoluso.com\/es\/wp-json\/wp\/v2\/media?parent=745"}],"curies":[{"name":"wp","href":"https:\/\/api.w.org\/{rel}","templated":true}]}}