{"id":3,"date":"2020-02-22T10:35:48","date_gmt":"2020-02-22T10:35:48","guid":{"rendered":"http:\/\/imoluso.com\/?page_id=3"},"modified":"2020-03-30T11:36:31","modified_gmt":"2020-03-30T11:36:31","slug":"privacy-policy","status":"publish","type":"page","link":"https:\/\/imoluso.com\/es\/privacy-policy\/","title":{"rendered":"Pol\u00edtica de Privacidad"},"content":{"rendered":"<p>[vc_row][vc_column][vc_column_text]ImoNovo es la entidad responsable de la recopilaci\u00f3n y el procesamiento de datos personales. Respeta la privacidad de todos los usuarios y se compromete a proteger toda la informaci\u00f3n presentada por cada usuario de conformidad con la legislaci\u00f3n nacional y comunitaria vigente.<\/p>\n<p>Todos los usuarios pueden navegar por este sitio web sin la obligaci\u00f3n de hacer o enviar ning\u00fan registro de datos. Cuando env\u00ede sus datos, si desea recibir noticias, campa\u00f1as u otros asociados con las propiedades o nuestros servicios, adem\u00e1s de las comunicaciones comerciales que solicite, le pedimos que acepte enviarlas.<\/p>\n<p>El suministro de datos personales solo es necesario en caso de que desee concertar una cita, solicitar informaci\u00f3n o solicitar contacto y el derecho de acceso, rectificaci\u00f3n y cancelaci\u00f3n de los datos proporcionados siempre estar\u00e1 garantizado, de conformidad con los t\u00e9rminos de la ley. ese derecho a ejercerse por escrito, en cualquier momento, a trav\u00e9s de <span style=\"color: red;\"> correo electr\u00f3nico geral@gestalambre.com <\/span> o haciendo clic en el enlace de finalizaci\u00f3n de suscripci\u00f3n, en la parte inferior del correo electr\u00f3nico .<\/p>\n<p><strong> REGISTRO DE DATOS <\/strong><br \/>Recopilamos informaci\u00f3n personal mediante el llenado voluntario de los formularios apropiados disponibles para reservar visitas, solicitudes de informaci\u00f3n sobre propiedades o servicios y solicitudes de contacto.<\/p>\n<p>Al contactarnos por correo electr\u00f3nico, suscribirse para obtener informaci\u00f3n gratuita, estamos obligados a recopilar su direcci\u00f3n de correo electr\u00f3nico, nombre y otros datos de identificaci\u00f3n personal espec\u00edficos, generalmente traducidos por nombre y n\u00famero de contacto.<\/p>\n<p>Al solicitar datos personales confidenciales, nos aseguraremos de que su recopilaci\u00f3n y uso se realicen en estricto cumplimiento de la legislaci\u00f3n aplicable a la recopilaci\u00f3n y protecci\u00f3n de datos. Si pretendemos utilizar sus datos personales adem\u00e1s de los fines establecidos inicialmente, le pediremos su consentimiento. Puede elegir de antemano dar su consentimiento cuando se recopilan los datos iniciales.<\/p>\n<p><strong> DATOS RECOPILADOS AUTOM\u00c1TICAMENTE <\/strong><br \/>Los dominios y las direcciones IP de los visitantes se registran autom\u00e1ticamente. Esta informaci\u00f3n no identifica al usuario, sino solo a la computadora utilizada para acceder al sitio. Estos datos se analizan globalmente para verificar en qu\u00e9 parte del mundo se est\u00e1 utilizando el sitio, a fin de garantizar su cobertura, lo que permite mejorar nuestro servicio al usuario. Los datos personales de cada usuario no est\u00e1n sujetos a recopilaci\u00f3n y an\u00e1lisis en este proceso.<\/p>\n<p><strong> RETENCI\u00d3N DE DATOS <\/strong><br \/>Los datos se mantendr\u00e1n mientras la suscripci\u00f3n del usuario est\u00e9 activa, con el objetivo de mejorar los servicios ofrecidos, para que despu\u00e9s de su vencimiento, se despersonalice y no sea identificable. Solo se recopilar\u00e1 informaci\u00f3n adicional sobre el usuario, adem\u00e1s de las mencionadas anteriormente para fines contractuales adyacentes a la actividad de corretaje de bienes ra\u00edces.<\/p>\n<p><strong> ACCESO A DATOS PERSONALES <\/strong><br \/>Para solicitar una aclaraci\u00f3n sobre el acceso a los datos personales, o para aclarar problemas relacionados con la pol\u00edtica de privacidad de datos, practicada en ImoNovo, cont\u00e1ctenos por correo electr\u00f3nico geral@gestalambre.com, o utilice la siguiente direcci\u00f3n postal: <span style=\"color: red;\"> Rua 25 de Abril, Edificio Horizonte, Fr C4, Olhos de \u00c1gua, Albufeira <\/span>. Para este prop\u00f3sito, se le solicitar\u00e1 que presente un comprobante de identificaci\u00f3n. Puede cuestionar los datos y, cuando corresponda, puede: borrar los datos, rectificarlos, modificarlos o completarlos. Nos reservamos el derecho de negarnos a proporcionar una copia de los datos personales del usuario, oblig\u00e1ndonos a proporcionar una justificaci\u00f3n para esa decisi\u00f3n. Puede impugnar nuestra decisi\u00f3n de negarnos a proporcionar una copia con sus datos personales.<\/p>\n<p><strong> REVELACI\u00d3N Y ELECCI\u00d3N DEL VISITANTE <\/strong><br \/>El usuario puede dejar de suscribirse a su registro en cualquier momento, que es un proceso simple. Al hacer que sus datos personales est\u00e9n disponibles al principio, le proporcionamos los procedimientos para su cancelaci\u00f3n, ya sea a trav\u00e9s de un enlace o mediante una direcci\u00f3n de correo electr\u00f3nico geral@gestalambre.com Al proporcionar los datos personales del usuario para fines distintos a los indicados, ofrecemos al usuario la oportunidad de dar su autorizaci\u00f3n previa.<\/p>\n<p><strong> SEGURIDAD <\/strong><br \/>Se han implementado pol\u00edticas de seguridad, reglas y medidas t\u00e9cnicas para proteger los datos personales bajo nuestro control, que est\u00e1n totalmente de acuerdo con la legislaci\u00f3n de protecci\u00f3n de datos, apropiada para la jurisdicci\u00f3n aplicable al sitio. Las medidas de seguridad est\u00e1n dise\u00f1adas para evitar el acceso no autorizado, el uso indebido, las modificaciones no autorizadas y la destrucci\u00f3n o p\u00e9rdida accidental ilegal.<\/p>\n<p><strong> CUMPLIMIENTO \/ CUMPLIMIENTO DE PRIVACIDAD <\/strong><br \/>Nuestra pol\u00edtica de privacidad est\u00e1 de acuerdo con la legislaci\u00f3n portuguesa aplicable, es decir, la Ley N \u00b0 67\/98, de 26\/10. La legislaci\u00f3n de protecci\u00f3n de datos est\u00e1 sujeta a revisi\u00f3n, por lo que recomendamos que el usuario consulte regularmente nuestra declaraci\u00f3n de privacidad. Como indicaci\u00f3n, puede consultar el sitio web www.cnpd.pt para este prop\u00f3sito. Este sitio web cumple con la legislaci\u00f3n nacional y comunitaria. Los tribunales portugueses tendr\u00e1n jurisdicci\u00f3n exclusiva sobre cualquier disputa que surja del uso de este sitio web.<\/p>\n<p><strong> SEGURIDAD <\/strong><br \/>Se han implementado pol\u00edticas de seguridad, reglas y medidas t\u00e9cnicas para proteger los datos personales bajo nuestro control, que est\u00e1n totalmente de acuerdo con la legislaci\u00f3n de protecci\u00f3n de datos, apropiada para la jurisdicci\u00f3n aplicable al sitio. Las medidas de seguridad est\u00e1n dise\u00f1adas para evitar el acceso no autorizado, el uso indebido, las modificaciones no autorizadas y la destrucci\u00f3n o p\u00e9rdida accidental ilegal.<\/p>\n<p><strong> CUMPLIMIENTO \/ CUMPLIMIENTO DE PRIVACIDAD <\/strong><br \/><strong> HIPERVINCULOS <\/strong><br \/>Los sitios web de ImoNovo pueden proporcionar enlaces a sitios web externos para su conveniencia e informaci\u00f3n. Al acceder a estos enlaces, saldr\u00e1 de los sitios de ImoNovo, por lo que ImoNovo:<\/p>\n<p>no controla estos sitios web ni sus pol\u00edticas de privacidad, que pueden ser diferentes de las de ImoNovo;<\/p>\n<p>no aprueba ni representa estos sitios. La Declaraci\u00f3n de privacidad de ImoNovo no cubre ning\u00fan dato personal proporcionado por el usuario a sitios fuera de ImoNovo<\/p>\n<p>Le recomendamos que revise las pol\u00edticas de privacidad de cualquier empresa antes de enviar su informaci\u00f3n personal. Algunas compa\u00f1\u00edas externas pueden optar por compartir su informaci\u00f3n personal con ImoNovo, por lo que este intercambio se regir\u00e1 por la pol\u00edtica de privacidad de esa compa\u00f1\u00eda.[\/vc_column_text][\/vc_column][\/vc_row]<\/p>\n","protected":false},"excerpt":{"rendered":"<p>[vc_row][vc_column][vc_column_text]ImoNovo es la entidad responsable de la recopilaci\u00f3n y el procesamiento de datos personales. Respeta la privacidad de todos los usuarios y se compromete a proteger toda la informaci\u00f3n presentada por cada usuario de conformidad con la legislaci\u00f3n nacional y comunitaria vigente. Todos los usuarios pueden navegar por este sitio web sin la obligaci\u00f3n de [&hellip;]<\/p>\n","protected":false},"author":1,"featured_media":0,"parent":0,"menu_order":0,"comment_status":"closed","ping_status":"open","template":"","meta":{"footnotes":""},"class_list":["post-3","page","type-page","status-publish","hentry"],"translation":{"provider":"WPGlobus","version":"3.0.2","language":"es","enabled_languages":["en","fr","pt","es"],"languages":{"en":{"title":true,"content":true,"excerpt":false},"fr":{"title":true,"content":true,"excerpt":false},"pt":{"title":true,"content":true,"excerpt":false},"es":{"title":true,"content":true,"excerpt":false}}},"yoast_head":"<!-- This site is optimized with the Yoast SEO plugin v26.2 - https:\/\/yoast.com\/wordpress\/plugins\/seo\/ -->\n<title>Pol\u00edtica de Privacidad - ImoLuso<\/title>\n<meta name=\"robots\" content=\"index, follow, max-snippet:-1, max-image-preview:large, max-video-preview:-1\" \/>\n<link rel=\"canonical\" href=\"https:\/\/imoluso.com\/privacy-policy\/\" \/>\n<meta property=\"og:locale\" content=\"es_ES\" \/>\n<meta property=\"og:type\" content=\"article\" \/>\n<meta property=\"og:title\" content=\"Pol\u00edtica de Privacidad - ImoLuso\" \/>\n<meta property=\"og:url\" content=\"https:\/\/imoluso.com\/privacy-policy\/\" \/>\n<meta property=\"og:site_name\" content=\"ImoLuso\" \/>\n<meta property=\"article:modified_time\" content=\"2020-03-30T11:36:31+00:00\" \/>\n<meta name=\"twitter:card\" content=\"summary_large_image\" \/>\n<meta name=\"twitter:label1\" content=\"Tiempo de lectura\" \/>\n\t<meta name=\"twitter:data1\" content=\"20 minutos\" \/>\n<script type=\"application\/ld+json\" class=\"yoast-schema-graph\">{\"@context\":\"https:\/\/schema.org\",\"@graph\":[{\"@type\":\"WebPage\",\"@id\":\"https:\/\/imoluso.com\/privacy-policy\/\",\"url\":\"https:\/\/imoluso.com\/privacy-policy\/\",\"name\":\"Pol\u00edtica de Privacidad - ImoLuso\",\"isPartOf\":{\"@id\":\"https:\/\/imoluso.com\/#website\"},\"datePublished\":\"2020-02-22T10:35:48+00:00\",\"dateModified\":\"2020-03-30T11:36:31+00:00\",\"breadcrumb\":{\"@id\":\"https:\/\/imoluso.com\/privacy-policy\/#breadcrumb\"},\"inLanguage\":\"es\",\"potentialAction\":[{\"@type\":\"ReadAction\",\"target\":[\"https:\/\/imoluso.com\/privacy-policy\/\"]}]},{\"@type\":\"BreadcrumbList\",\"@id\":\"https:\/\/imoluso.com\/privacy-policy\/#breadcrumb\",\"itemListElement\":[{\"@type\":\"ListItem\",\"position\":1,\"name\":\"In\u00edcio\",\"item\":\"https:\/\/imoluso.com\/\"},{\"@type\":\"ListItem\",\"position\":2,\"name\":\"Privacy Policy\"}]},{\"@type\":\"WebSite\",\"@id\":\"https:\/\/imoluso.com\/#website\",\"url\":\"https:\/\/imoluso.com\/\",\"name\":\"ImoLuso\",\"description\":\"\",\"potentialAction\":[{\"@type\":\"SearchAction\",\"target\":{\"@type\":\"EntryPoint\",\"urlTemplate\":\"https:\/\/imoluso.com\/?s={search_term_string}\"},\"query-input\":{\"@type\":\"PropertyValueSpecification\",\"valueRequired\":true,\"valueName\":\"search_term_string\"}}],\"inLanguage\":\"es\"}]}<\/script>\n<!-- \/ Yoast SEO plugin. -->","yoast_head_json":{"title":"Pol\u00edtica de Privacidad - ImoLuso","robots":{"index":"index","follow":"follow","max-snippet":"max-snippet:-1","max-image-preview":"max-image-preview:large","max-video-preview":"max-video-preview:-1"},"canonical":"https:\/\/imoluso.com\/privacy-policy\/","og_locale":"es_ES","og_type":"article","og_title":"Pol\u00edtica de Privacidad - ImoLuso","og_url":"https:\/\/imoluso.com\/privacy-policy\/","og_site_name":"ImoLuso","article_modified_time":"2020-03-30T11:36:31+00:00","twitter_card":"summary_large_image","twitter_misc":{"Tiempo de lectura":"20 minutos"},"schema":{"@context":"https:\/\/schema.org","@graph":[{"@type":"WebPage","@id":"https:\/\/imoluso.com\/privacy-policy\/","url":"https:\/\/imoluso.com\/privacy-policy\/","name":"Pol\u00edtica de Privacidad - ImoLuso","isPartOf":{"@id":"https:\/\/imoluso.com\/#website"},"datePublished":"2020-02-22T10:35:48+00:00","dateModified":"2020-03-30T11:36:31+00:00","breadcrumb":{"@id":"https:\/\/imoluso.com\/privacy-policy\/#breadcrumb"},"inLanguage":"es","potentialAction":[{"@type":"ReadAction","target":["https:\/\/imoluso.com\/privacy-policy\/"]}]},{"@type":"BreadcrumbList","@id":"https:\/\/imoluso.com\/privacy-policy\/#breadcrumb","itemListElement":[{"@type":"ListItem","position":1,"name":"In\u00edcio","item":"https:\/\/imoluso.com\/"},{"@type":"ListItem","position":2,"name":"Privacy Policy"}]},{"@type":"WebSite","@id":"https:\/\/imoluso.com\/#website","url":"https:\/\/imoluso.com\/","name":"ImoLuso","description":"","potentialAction":[{"@type":"SearchAction","target":{"@type":"EntryPoint","urlTemplate":"https:\/\/imoluso.com\/?s={search_term_string}"},"query-input":{"@type":"PropertyValueSpecification","valueRequired":true,"valueName":"search_term_string"}}],"inLanguage":"es"}]}},"jetpack_sharing_enabled":true,"_links":{"self":[{"href":"https:\/\/imoluso.com\/es\/wp-json\/wp\/v2\/pages\/3","targetHints":{"allow":["GET"]}}],"collection":[{"href":"https:\/\/imoluso.com\/es\/wp-json\/wp\/v2\/pages"}],"about":[{"href":"https:\/\/imoluso.com\/es\/wp-json\/wp\/v2\/types\/page"}],"author":[{"embeddable":true,"href":"https:\/\/imoluso.com\/es\/wp-json\/wp\/v2\/users\/1"}],"replies":[{"embeddable":true,"href":"https:\/\/imoluso.com\/es\/wp-json\/wp\/v2\/comments?post=3"}],"version-history":[{"count":11,"href":"https:\/\/imoluso.com\/es\/wp-json\/wp\/v2\/pages\/3\/revisions"}],"predecessor-version":[{"id":8788,"href":"https:\/\/imoluso.com\/es\/wp-json\/wp\/v2\/pages\/3\/revisions\/8788"}],"wp:attachment":[{"href":"https:\/\/imoluso.com\/es\/wp-json\/wp\/v2\/media?parent=3"}],"curies":[{"name":"wp","href":"https:\/\/api.w.org\/{rel}","templated":true}]}}